{"id":3,"date":"2023-05-28T18:21:46","date_gmt":"2023-05-28T17:21:46","guid":{"rendered":"http:\/\/mayarstyle.com\/?page_id=3"},"modified":"2023-06-25T11:44:23","modified_gmt":"2023-06-25T10:44:23","slug":"privacy-policy","status":"publish","type":"page","link":"https:\/\/mayarstyle.com\/fr\/privacy-policy\/","title":{"rendered":"politique de confidentialit\u00e9"},"content":{"rendered":"<div data-elementor-type=\"wp-page\" data-elementor-id=\"3\" class=\"elementor elementor-3\" data-elementor-post-type=\"page\">\n\t\t\t\t\t\t\t\t\t<section class=\"elementor-section elementor-top-section elementor-element elementor-element-08caf6f elementor-section-full_width elementor-section-stretched elementor-section-height-default elementor-section-height-default\" data-id=\"08caf6f\" data-element_type=\"section\" data-settings=\"{&quot;stretch_section&quot;:&quot;section-stretched&quot;,&quot;background_background&quot;:&quot;classic&quot;}\">\n\t\t\t\t\t\t<div class=\"elementor-container elementor-column-gap-default\">\n\t\t\t\t\t<div class=\"elementor-column elementor-col-100 elementor-top-column elementor-element elementor-element-b20a819\" data-id=\"b20a819\" data-element_type=\"column\">\n\t\t\t<div class=\"elementor-widget-wrap elementor-element-populated\">\n\t\t\t\t\t\t\t\t<div class=\"elementor-element elementor-element-0e709c3 elementor-widget elementor-widget-heading\" data-id=\"0e709c3\" data-element_type=\"widget\" data-widget_type=\"heading.default\">\n\t\t\t\t<div class=\"elementor-widget-container\">\n\t\t\t<style>\/*! elementor - v3.16.0 - 09-10-2023 *\/\n.elementor-heading-title{padding:0;margin:0;line-height:1}.elementor-widget-heading .elementor-heading-title[class*=elementor-size-]>a{color:inherit;font-size:inherit;line-height:inherit}.elementor-widget-heading .elementor-heading-title.elementor-size-small{font-size:15px}.elementor-widget-heading .elementor-heading-title.elementor-size-medium{font-size:19px}.elementor-widget-heading .elementor-heading-title.elementor-size-large{font-size:29px}.elementor-widget-heading .elementor-heading-title.elementor-size-xl{font-size:39px}.elementor-widget-heading .elementor-heading-title.elementor-size-xxl{font-size:59px}<\/style><h5 class=\"elementor-heading-title elementor-size-default\">politique de confidentialit\u00e9<\/h5>\t\t<\/div>\n\t\t\t\t<\/div>\n\t\t\t\t\t<\/div>\n\t\t<\/div>\n\t\t\t\t\t\t\t<\/div>\n\t\t<\/section>\n\t\t\t\t<section class=\"elementor-section elementor-top-section elementor-element elementor-element-6fea7097 elementor-section-boxed elementor-section-height-default elementor-section-height-default\" data-id=\"6fea7097\" data-element_type=\"section\">\n\t\t\t\t\t\t<div class=\"elementor-container elementor-column-gap-default\">\n\t\t\t\t\t<div class=\"elementor-column elementor-col-100 elementor-top-column elementor-element elementor-element-2858e09c\" data-id=\"2858e09c\" data-element_type=\"column\">\n\t\t\t<div class=\"elementor-widget-wrap elementor-element-populated\">\n\t\t\t\t\t\t\t\t<div class=\"elementor-element elementor-element-6a7fb116 elementor-widget elementor-widget-text-editor\" data-id=\"6a7fb116\" data-element_type=\"widget\" data-widget_type=\"text-editor.default\">\n\t\t\t\t<div class=\"elementor-widget-container\">\n\t\t\t<style>\/*! elementor - v3.16.0 - 09-10-2023 *\/\n.elementor-widget-text-editor.elementor-drop-cap-view-stacked .elementor-drop-cap{background-color:#69727d;color:#fff}.elementor-widget-text-editor.elementor-drop-cap-view-framed .elementor-drop-cap{color:#69727d;border:3px solid;background-color:transparent}.elementor-widget-text-editor:not(.elementor-drop-cap-view-default) .elementor-drop-cap{margin-top:8px}.elementor-widget-text-editor:not(.elementor-drop-cap-view-default) .elementor-drop-cap-letter{width:1em;height:1em}.elementor-widget-text-editor .elementor-drop-cap{float:left;text-align:center;line-height:1;font-size:50px}.elementor-widget-text-editor .elementor-drop-cap-letter{display:inline-block}<\/style>\t\t\t\t<p><!-- wp:heading --><\/p>\n<p><strong><span style=\"font-style: inherit; background-color: var(--ast-global-color-5); color: var(--ast-global-color-3);\">Politique de confidentialit\u00e9 pour www.mayarstyle.com, propri\u00e9t\u00e9 de MAYAR ACCESSORIES LLC<\/span><\/strong><\/p>\n<p>Chez MAYAR ACCESSORIES LLC, nous nous engageons \u00e0 prot\u00e9ger la confidentialit\u00e9 et la s\u00e9curit\u00e9 des utilisateurs de notre site Web. Cette politique de confidentialit\u00e9 d\u00e9crit les types d&#039;informations personnelles que nous collectons, comment nous les utilisons et comment nous les prot\u00e9geons.<\/p>\n<p><strong>Quelles informations collectons-nous?<\/strong><br \/>Nous collectons des informations personnelles telles que votre nom, votre adresse e-mail, votre num\u00e9ro de t\u00e9l\u00e9phone et votre adresse de livraison lorsque vous passez une commande sur notre site Web. Nous collectons \u00e9galement des informations sur votre comportement de navigation sur notre site Internet, telles que les pages que vous visitez et les produits que vous consultez. Nous pouvons collecter ces informations gr\u00e2ce \u00e0 l&#039;utilisation de cookies et d&#039;autres technologies de suivi.<\/p>\n<p>Nous utilisons des cookies pour stocker vos pr\u00e9f\u00e9rences et param\u00e8tres, vous aider \u00e0 vous connecter, proposer des publicit\u00e9s cibl\u00e9es et analyser les op\u00e9rations du site. Vous pouvez contr\u00f4ler l&#039;utilisation des cookies en ajustant les param\u00e8tres de votre navigateur ou en utilisant les contr\u00f4les du site Web. Cependant, la d\u00e9sactivation des cookies peut limiter votre capacit\u00e9 \u00e0 utiliser certaines fonctionnalit\u00e9s de notre site Web.<\/p>\n<p><strong>Comment utilisons-nous vos informations?<\/strong><br \/>Nous utilisons vos informations personnelles pour ex\u00e9cuter vos commandes, communiquer avec vous au sujet de vos commandes et fournir un support client. Nous pouvons \u00e9galement utiliser vos informations pour am\u00e9liorer notre site Web et nos efforts de marketing, ainsi que pour personnaliser votre exp\u00e9rience sur notre site Web.<\/p>\n<p>Nous pouvons utiliser les pixels des plateformes de m\u00e9dias sociaux comme TikTok et Facebook pour suivre le trafic du site Web et \u00e0 des fins publicitaires uniquement. Cela nous aide \u00e0 comprendre comment notre site Web est utilis\u00e9 et \u00e0 mieux cibler notre publicit\u00e9 sur les clients potentiels. Nous ne partageons pas vos informations personnelles avec les plateformes de m\u00e9dias sociaux ou tout autre tiers \u00e0 ces fins.<\/p>\n<p><strong>Partageons-nous vos informations avec des tiers ?<\/strong><br \/>Nous ne vendons pas, n\u2019\u00e9changeons pas et ne transf\u00e9rons pas vos informations personnelles \u00e0 des tiers. Nous pouvons partager vos informations avec des prestataires de services qui nous aident \u00e0 exploiter notre site Web ou \u00e0 mener nos activit\u00e9s, tels que des transporteurs maritimes ou des processeurs de paiement. Ces prestataires de services sont tenus de garder vos informations confidentielles et de les utiliser uniquement aux fins pour lesquelles nous les leur divulguons.<\/p>\n<p>Nous pouvons \u00e9galement divulguer vos informations si la loi l&#039;exige ou en r\u00e9ponse \u00e0 une demande l\u00e9gale des autorit\u00e9s publiques, notamment pour r\u00e9pondre \u00e0 des exigences de s\u00e9curit\u00e9 nationale ou d&#039;application de la loi.<\/p>\n<p><strong>Comment prot\u00e9geons-nous vos informations?<\/strong><br \/>Nous prenons des mesures raisonnables pour prot\u00e9ger vos informations personnelles contre tout acc\u00e8s, utilisation ou divulgation non autoris\u00e9s. Nous utilisons des technologies de cryptage conformes aux normes de l&#039;industrie pour prot\u00e9ger vos informations pendant la transmission et le stockage. Nous limitons \u00e9galement l&#039;acc\u00e8s \u00e0 vos informations aux employ\u00e9s qui ont besoin de les conna\u00eetre pour exercer leurs fonctions.<\/p>\n<p>Cependant, aucune m\u00e9thode de transmission sur Internet ou de stockage \u00e9lectronique n&#039;est totalement s\u00e9curis\u00e9e, nous ne pouvons donc pas garantir la s\u00e9curit\u00e9 absolue de vos informations personnelles. Si vous avez des inqui\u00e9tudes concernant la s\u00e9curit\u00e9 de vos informations, veuillez nous contacter \u00e0 info@mayarstyle.com.<\/p>\n<p><strong>Votre consentement<\/strong><br \/>En utilisant notre site Web, vous acceptez les termes de cette politique de confidentialit\u00e9. Si vous n&#039;acceptez pas les termes de cette politique de confidentialit\u00e9, veuillez ne pas utiliser notre site Web.<\/p>\n<p><strong>Modifications de notre politique de confidentialit\u00e9<\/strong><br \/>Nous pouvons mettre \u00e0 jour cette politique de confidentialit\u00e9 de temps \u00e0 autre pour refl\u00e9ter des changements dans nos pratiques ou des exigences l\u00e9gales. Nous publierons la politique de confidentialit\u00e9 mise \u00e0 jour sur notre site Web et indiquerons la date de la derni\u00e8re r\u00e9vision. Nous vous encourageons \u00e0 consulter p\u00e9riodiquement cette politique de confidentialit\u00e9 pour rester inform\u00e9 de la mani\u00e8re dont nous prot\u00e9geons vos informations.<\/p>\n<p><strong>Contactez-nous<\/strong><br \/>Si vous avez des questions ou des pr\u00e9occupations concernant notre politique de confidentialit\u00e9, veuillez nous contacter \u00e0 info@mayarstyle.com. Nous r\u00e9pondrons \u00e0 votre demande dans les plus brefs d\u00e9lais.<\/p>\n<p><!-- \/wp:paragraph --><\/p>\t\t\t\t\t\t<\/div>\n\t\t\t\t<\/div>\n\t\t\t\t\t<\/div>\n\t\t<\/div>\n\t\t\t\t\t\t\t<\/div>\n\t\t<\/section>\n\t\t\t\t\t\t\t<\/div>","protected":false},"excerpt":{"rendered":"<p>Politique de confidentialit\u00e9 Politique de confidentialit\u00e9 pour www.mayarstyle.com, propri\u00e9t\u00e9 de MAYAR ACCESSORIES LLC Chez MAYAR ACCESSORIES LLC, nous nous engageons \u00e0 prot\u00e9ger la confidentialit\u00e9 et la s\u00e9curit\u00e9 des utilisateurs de notre site Web. Cette politique de confidentialit\u00e9 d\u00e9crit les types d&#039;informations personnelles que nous collectons, comment nous les utilisons et comment nous les prot\u00e9geons. Quelles informations collectons-nous ?Nous collectons des donn\u00e9es personnelles\u2026<\/p>\n<p class=\"read-more\"> <a class=\"\" href=\"https:\/\/mayarstyle.com\/fr\/privacy-policy\/\"> <span class=\"screen-reader-text\">politique de confidentialit\u00e9<\/span> En savoir plus &quot;<\/a><\/p>","protected":false},"author":1,"featured_media":0,"parent":0,"menu_order":0,"comment_status":"closed","ping_status":"open","template":"elementor_header_footer","meta":{"site-sidebar-layout":"default","site-content-layout":"default","ast-global-header-display":"","ast-banner-title-visibility":"","ast-main-header-display":"","ast-hfb-above-header-display":"","ast-hfb-below-header-display":"","ast-hfb-mobile-header-display":"","site-post-title":"","ast-breadcrumbs-content":"","ast-featured-img":"","footer-sml-layout":"","theme-transparent-header-meta":"","adv-header-id-meta":"","stick-header-meta":"","header-above-stick-meta":"","header-main-stick-meta":"","header-below-stick-meta":""},"_links":{"self":[{"href":"https:\/\/mayarstyle.com\/fr\/wp-json\/wp\/v2\/pages\/3"}],"collection":[{"href":"https:\/\/mayarstyle.com\/fr\/wp-json\/wp\/v2\/pages"}],"about":[{"href":"https:\/\/mayarstyle.com\/fr\/wp-json\/wp\/v2\/types\/page"}],"author":[{"embeddable":true,"href":"https:\/\/mayarstyle.com\/fr\/wp-json\/wp\/v2\/users\/1"}],"replies":[{"embeddable":true,"href":"https:\/\/mayarstyle.com\/fr\/wp-json\/wp\/v2\/comments?post=3"}],"version-history":[{"count":18,"href":"https:\/\/mayarstyle.com\/fr\/wp-json\/wp\/v2\/pages\/3\/revisions"}],"predecessor-version":[{"id":912,"href":"https:\/\/mayarstyle.com\/fr\/wp-json\/wp\/v2\/pages\/3\/revisions\/912"}],"wp:attachment":[{"href":"https:\/\/mayarstyle.com\/fr\/wp-json\/wp\/v2\/media?parent=3"}],"curies":[{"name":"wp","href":"https:\/\/api.w.org\/{rel}","templated":true}]}}