{"id":803,"date":"2023-06-25T09:27:42","date_gmt":"2023-06-25T08:27:42","guid":{"rendered":"https:\/\/mayarstyle.com\/?page_id=803"},"modified":"2023-06-25T11:50:45","modified_gmt":"2023-06-25T10:50:45","slug":"terms-conditions","status":"publish","type":"page","link":"https:\/\/mayarstyle.com\/fr\/terms-conditions\/","title":{"rendered":"termes et conditions"},"content":{"rendered":"<div data-elementor-type=\"wp-page\" data-elementor-id=\"803\" class=\"elementor elementor-803\" data-elementor-post-type=\"page\">\n\t\t\t\t\t\t\t\t\t<section class=\"elementor-section elementor-top-section elementor-element elementor-element-d2c51b2 elementor-section-boxed elementor-section-height-default elementor-section-height-default\" data-id=\"d2c51b2\" data-element_type=\"section\" data-settings=\"{&quot;background_background&quot;:&quot;classic&quot;}\">\n\t\t\t\t\t\t<div class=\"elementor-container elementor-column-gap-default\">\n\t\t\t\t\t<div class=\"elementor-column elementor-col-100 elementor-top-column elementor-element elementor-element-ef807b6\" data-id=\"ef807b6\" data-element_type=\"column\">\n\t\t\t<div class=\"elementor-widget-wrap elementor-element-populated\">\n\t\t\t\t\t\t\t\t<div class=\"elementor-element elementor-element-221455c elementor-widget elementor-widget-heading\" data-id=\"221455c\" data-element_type=\"widget\" data-widget_type=\"heading.default\">\n\t\t\t\t<div class=\"elementor-widget-container\">\n\t\t\t<style>\/*! elementor - v3.16.0 - 09-10-2023 *\/\n.elementor-heading-title{padding:0;margin:0;line-height:1}.elementor-widget-heading .elementor-heading-title[class*=elementor-size-]>a{color:inherit;font-size:inherit;line-height:inherit}.elementor-widget-heading .elementor-heading-title.elementor-size-small{font-size:15px}.elementor-widget-heading .elementor-heading-title.elementor-size-medium{font-size:19px}.elementor-widget-heading .elementor-heading-title.elementor-size-large{font-size:29px}.elementor-widget-heading .elementor-heading-title.elementor-size-xl{font-size:39px}.elementor-widget-heading .elementor-heading-title.elementor-size-xxl{font-size:59px}<\/style><h5 class=\"elementor-heading-title elementor-size-default\">termes et conditions<\/h5>\t\t<\/div>\n\t\t\t\t<\/div>\n\t\t\t\t\t<\/div>\n\t\t<\/div>\n\t\t\t\t\t\t\t<\/div>\n\t\t<\/section>\n\t\t\t\t<section class=\"elementor-section elementor-top-section elementor-element elementor-element-c83640f elementor-section-boxed elementor-section-height-default elementor-section-height-default\" data-id=\"c83640f\" data-element_type=\"section\">\n\t\t\t\t\t\t<div class=\"elementor-container elementor-column-gap-default\">\n\t\t\t\t\t<div class=\"elementor-column elementor-col-100 elementor-top-column elementor-element elementor-element-1c47f4b\" data-id=\"1c47f4b\" data-element_type=\"column\">\n\t\t\t<div class=\"elementor-widget-wrap elementor-element-populated\">\n\t\t\t\t\t\t\t\t<div class=\"elementor-element elementor-element-2d5640d elementor-widget elementor-widget-text-editor\" data-id=\"2d5640d\" data-element_type=\"widget\" data-widget_type=\"text-editor.default\">\n\t\t\t\t<div class=\"elementor-widget-container\">\n\t\t\t<style>\/*! elementor - v3.16.0 - 09-10-2023 *\/\n.elementor-widget-text-editor.elementor-drop-cap-view-stacked .elementor-drop-cap{background-color:#69727d;color:#fff}.elementor-widget-text-editor.elementor-drop-cap-view-framed .elementor-drop-cap{color:#69727d;border:3px solid;background-color:transparent}.elementor-widget-text-editor:not(.elementor-drop-cap-view-default) .elementor-drop-cap{margin-top:8px}.elementor-widget-text-editor:not(.elementor-drop-cap-view-default) .elementor-drop-cap-letter{width:1em;height:1em}.elementor-widget-text-editor .elementor-drop-cap{float:left;text-align:center;line-height:1;font-size:50px}.elementor-widget-text-editor .elementor-drop-cap-letter{display:inline-block}<\/style>\t\t\t\t<p>Bienvenue sur www.mayarstyle.com, une boutique en ligne d\u00e9tenue et exploit\u00e9e par MAYAR ACCESSORIES LLC En utilisant notre site Web, vous acceptez ces conditions g\u00e9n\u00e9rales. Si vous n&#039;acceptez pas ces conditions g\u00e9n\u00e9rales, veuillez ne pas utiliser notre site Web.<\/p><p><b>1. Utilisation du site Web<br \/><\/b>Notre site Web est destin\u00e9 \u00e0 \u00eatre utilis\u00e9 par des personnes \u00e2g\u00e9es d&#039;au moins 18 ans. En utilisant notre site Web, vous d\u00e9clarez que vous avez au moins 18 ans.<\/p><p>Vous pouvez utiliser notre site Web pour parcourir, commander et acheter des produits physiques, et pour communiquer avec nous. Vous ne pouvez pas utiliser notre site Web \u00e0 des fins ill\u00e9gales ou non autoris\u00e9es.<\/p><p><b>2. Informations sur le produit<br \/><\/b>Nous mettons tout en \u0153uvre pour garantir que les informations pr\u00e9sentes sur notre site Internet sont exactes et \u00e0 jour. Cependant, nous ne pouvons garantir que les informations soient exemptes d&#039;erreurs ou compl\u00e8tes. Nous nous r\u00e9servons le droit de corriger toute erreur, inexactitude ou omission et de modifier ou mettre \u00e0 jour les informations \u00e0 tout moment et sans pr\u00e9avis.<\/p><p>Nous ne garantissons pas que les produits propos\u00e9s sur notre site Web r\u00e9pondront \u00e0 vos exigences ou qu&#039;ils seront disponibles sans interruption, sans erreur ou exempts de virus ou d&#039;autres composants nuisibles.<\/p><p><b>3. Commandes et paiements<br \/><\/b>Pour passer une commande sur notre site Web, vous devez fournir des informations exactes et compl\u00e8tes, notamment votre adresse de livraison et vos informations de paiement. En soumettant une commande, vous acceptez de payer le montant total de la commande, y compris les taxes applicables et les frais d&#039;exp\u00e9dition.<\/p><p>Nous nous r\u00e9servons le droit de refuser ou d&#039;annuler toute commande pour quelque raison que ce soit, y compris, mais sans s&#039;y limiter, la disponibilit\u00e9 du produit, des erreurs de prix ou une fraude pr\u00e9sum\u00e9e ou une activit\u00e9 ill\u00e9gale. Si nous annulons votre commande, nous vous rembourserons la totalit\u00e9 du montant pay\u00e9.<\/p><p><b>4. Exp\u00e9dition et livraison<br \/><\/b>Nous ferons tout notre possible pour livrer votre commande dans les meilleurs d\u00e9lais. Les d\u00e9lais de livraison peuvent varier en fonction de votre emplacement et du transporteur.<\/p><p>Nous ne sommes pas responsables des retards ou des pertes caus\u00e9s par le transporteur ou tout autre tiers. Vous \u00eates responsable de fournir des informations d&#039;exp\u00e9dition pr\u00e9cises et compl\u00e8tes, ainsi que de tous frais ou taxes suppl\u00e9mentaires impos\u00e9s par vos autorit\u00e9s douani\u00e8res locales.<\/p><p><b>5. Retours et remboursements<br \/><\/b>Nous voulons que vous soyez enti\u00e8rement satisfait de votre achat. Si vous n&#039;\u00eates pas satisfait de votre achat, vous pouvez le retourner dans les 14 jours suivant sa r\u00e9ception pour un remboursement ou un \u00e9change, sous r\u00e9serve des conditions d\u00e9crites dans notre Politique de retours et de remboursement.<\/p><p><b>6. Propri\u00e9t\u00e9 intellectuelle<br \/><\/b>Tout le contenu de notre site Web, y compris, mais sans s&#039;y limiter, les textes, graphiques, logos, images et logiciels, est la propri\u00e9t\u00e9 de MAYAR ACCESSORIES LLC ou de ses fournisseurs de contenu et est prot\u00e9g\u00e9 par le droit d&#039;auteur et d&#039;autres lois sur la propri\u00e9t\u00e9 intellectuelle.<\/p><p>Vous ne pouvez pas reproduire, modifier, publier, distribuer, transmettre, afficher, ex\u00e9cuter ou vendre tout contenu de notre site Web sans notre consentement \u00e9crit pr\u00e9alable.<\/p><p><b>7. Limitation de responsabilit\u00e9<br \/><\/b>Notre responsabilit\u00e9 pour toute r\u00e9clamation d\u00e9coulant de ou li\u00e9e \u00e0 votre utilisation de notre site Web ou de nos produits est limit\u00e9e au montant pay\u00e9 par vous pour le produit ou le service donnant lieu \u00e0 la r\u00e9clamation. En aucun cas, nous ne serons responsables des dommages indirects, accessoires, sp\u00e9ciaux ou cons\u00e9cutifs d\u00e9coulant de ou en relation avec votre utilisation de notre site Web ou de nos produits.<\/p><p><b>8. Exclusion de garanties<br \/><\/b>Notre site Web et nos produits sont fournis \u00ab tels quels \u00bb et \u00ab tels que disponibles \u00bb, sans aucune repr\u00e9sentation ou garantie d&#039;aucune sorte, expresse ou implicite, y compris, mais sans s&#039;y limiter, les garanties de qualit\u00e9 marchande, d&#039;ad\u00e9quation \u00e0 un usage particulier, de non- violation ou compatibilit\u00e9.<\/p><p>Nous ne garantissons pas que notre site Web ou nos produits r\u00e9pondront \u00e0 vos exigences, ou qu&#039;ils seront disponibles sans interruption, sans erreur ou exempts de virus ou d&#039;autres composants nuisibles.<\/p><p><b>9. Loi applicable<br \/><\/b>Ces conditions g\u00e9n\u00e9rales sont r\u00e9gies par les lois des \u00c9mirats arabes unis. Tout litige d\u00e9coulant de ou en relation avec les pr\u00e9sentes Conditions g\u00e9n\u00e9rales sera soumis \u00e0 la juridiction non exclusive des tribunaux des \u00c9mirats arabes unis.<\/p><p><b>10. Modifications des conditions g\u00e9n\u00e9rales<br \/><\/b>Nous pouvons mettre \u00e0 jour ces conditions g\u00e9n\u00e9rales de temps \u00e0 autre sans pr\u00e9avis. La derni\u00e8re version des Conditions g\u00e9n\u00e9rales sera publi\u00e9e sur notre site Web, et votre utilisation continue de notre site Web apr\u00e8s toute modification constitue votre acceptation des nouvelles Conditions g\u00e9n\u00e9rales.<\/p><p><b>11. Indemnisation<br \/><\/b>Vous acceptez d&#039;indemniser et de d\u00e9gager MAYAR ACCESSORIES LLC, ses soci\u00e9t\u00e9s affili\u00e9es, dirigeants, administrateurs, employ\u00e9s et agents de toute r\u00e9clamation, dommage, responsabilit\u00e9, co\u00fbt et d\u00e9pense (y compris les honoraires d&#039;avocat raisonnables) d\u00e9coulant de ou en relation avec votre utilisation de notre site Web ou votre violation des pr\u00e9sentes conditions g\u00e9n\u00e9rales.<\/p><p><b>12. R\u00e9siliation<br \/><\/b>Nous pouvons mettre fin \u00e0 votre acc\u00e8s \u00e0 notre site Web \u00e0 tout moment, sans motif ni pr\u00e9avis, ce qui peut entra\u00eener la confiscation et la destruction de toutes les informations associ\u00e9es \u00e0 votre compte. Toutes les dispositions des pr\u00e9sentes Conditions g\u00e9n\u00e9rales qui, de par leur nature, devraient survivre \u00e0 la r\u00e9siliation survivront \u00e0 la r\u00e9siliation, y compris, mais sans s&#039;y limiter, les exclusions de garantie, l&#039;indemnisation et les limitations de responsabilit\u00e9.<\/p><p><b>13. Force majeure<br \/><\/b>Nous ne serons pas responsables de tout \u00e9chec ou retard dans l&#039;ex\u00e9cution de nos obligations en vertu des pr\u00e9sentes Conditions g\u00e9n\u00e9rales si cet \u00e9chec ou ce retard est caus\u00e9 par des circonstances ind\u00e9pendantes de notre volont\u00e9, y compris, mais sans s&#039;y limiter, les cas de force majeure, la guerre, le terrorisme, les \u00e9meutes, embargos, actes des autorit\u00e9s civiles ou militaires, incendies, inondations, accidents, gr\u00e8ves ou p\u00e9nurie de transports, d&#039;installations, de carburant, d&#039;\u00e9nergie ou de main d&#039;\u0153uvre.<\/p><p><b>14. Politique de confidentialit\u00e9<br \/><\/b>Nous respectons votre vie priv\u00e9e et nous engageons \u00e0 prot\u00e9ger vos informations personnelles. Notre politique de confidentialit\u00e9 d\u00e9crit la mani\u00e8re dont nous collectons, utilisons et divulguons vos informations personnelles. En utilisant notre site Web, vous acceptez notre politique de confidentialit\u00e9.<\/p><p><b>15. Int\u00e9gralit\u00e9 de l&#039;accord<br \/><\/b>Ces conditions g\u00e9n\u00e9rales constituent l&#039;int\u00e9gralit\u00e9 de l&#039;accord entre vous et MAYAR ACCESSORIES LLC et remplacent tous les accords ou ententes ant\u00e9rieurs, qu&#039;ils soient \u00e9crits ou oraux, relatifs \u00e0 votre utilisation de notre site Web ou de nos produits.<\/p><p><b>16. Divisibilit\u00e9<br \/><\/b>Si une disposition des pr\u00e9sentes Conditions g\u00e9n\u00e9rales est jug\u00e9e invalide ou inapplicable, cette disposition sera supprim\u00e9e et les dispositions restantes seront appliqu\u00e9es.<\/p><p><b>17. Renonciation<br \/><\/b>Notre incapacit\u00e9 \u00e0 faire valoir un droit ou une disposition des pr\u00e9sentes conditions g\u00e9n\u00e9rales ne sera pas consid\u00e9r\u00e9e comme une renonciation \u00e0 ce droit ou \u00e0 cette disposition.<\/p><p><b>18. Contactez-nous<br \/><\/b>Si vous avez des questions ou des pr\u00e9occupations concernant ces conditions g\u00e9n\u00e9rales, veuillez nous contacter \u00e0 info@mayarstyle.com.<\/p>\t\t\t\t\t\t<\/div>\n\t\t\t\t<\/div>\n\t\t\t\t\t<\/div>\n\t\t<\/div>\n\t\t\t\t\t\t\t<\/div>\n\t\t<\/section>\n\t\t\t\t\t\t\t<\/div>","protected":false},"excerpt":{"rendered":"<p>Conditions g\u00e9n\u00e9rales Bienvenue sur www.mayarstyle.com, une boutique en ligne d\u00e9tenue et exploit\u00e9e par MAYAR ACCESSORIES LLC En utilisant notre site Web, vous acceptez ces conditions g\u00e9n\u00e9rales. Si vous n&#039;acceptez pas ces conditions g\u00e9n\u00e9rales, veuillez ne pas utiliser notre site Web. 1. Utilisation du site Web Notre site Web est destin\u00e9 \u00e0 \u00eatre utilis\u00e9 par des personnes qui\u2026<\/p>\n<p class=\"read-more\"> <a class=\"\" href=\"https:\/\/mayarstyle.com\/fr\/terms-conditions\/\"> <span class=\"screen-reader-text\">termes et conditions<\/span> En savoir plus &quot;<\/a><\/p>","protected":false},"author":1,"featured_media":0,"parent":0,"menu_order":0,"comment_status":"closed","ping_status":"closed","template":"","meta":{"site-sidebar-layout":"no-sidebar","site-content-layout":"page-builder","ast-global-header-display":"","ast-banner-title-visibility":"","ast-main-header-display":"","ast-hfb-above-header-display":"","ast-hfb-below-header-display":"","ast-hfb-mobile-header-display":"","site-post-title":"disabled","ast-breadcrumbs-content":"","ast-featured-img":"disabled","footer-sml-layout":"","theme-transparent-header-meta":"","adv-header-id-meta":"","stick-header-meta":"","header-above-stick-meta":"","header-main-stick-meta":"","header-below-stick-meta":""},"_links":{"self":[{"href":"https:\/\/mayarstyle.com\/fr\/wp-json\/wp\/v2\/pages\/803"}],"collection":[{"href":"https:\/\/mayarstyle.com\/fr\/wp-json\/wp\/v2\/pages"}],"about":[{"href":"https:\/\/mayarstyle.com\/fr\/wp-json\/wp\/v2\/types\/page"}],"author":[{"embeddable":true,"href":"https:\/\/mayarstyle.com\/fr\/wp-json\/wp\/v2\/users\/1"}],"replies":[{"embeddable":true,"href":"https:\/\/mayarstyle.com\/fr\/wp-json\/wp\/v2\/comments?post=803"}],"version-history":[{"count":19,"href":"https:\/\/mayarstyle.com\/fr\/wp-json\/wp\/v2\/pages\/803\/revisions"}],"predecessor-version":[{"id":933,"href":"https:\/\/mayarstyle.com\/fr\/wp-json\/wp\/v2\/pages\/803\/revisions\/933"}],"wp:attachment":[{"href":"https:\/\/mayarstyle.com\/fr\/wp-json\/wp\/v2\/media?parent=803"}],"curies":[{"name":"wp","href":"https:\/\/api.w.org\/{rel}","templated":true}]}}