{"id":838,"date":"2023-06-25T10:22:12","date_gmt":"2023-06-25T09:22:12","guid":{"rendered":"https:\/\/mayarstyle.com\/?page_id=838"},"modified":"2023-06-25T13:02:38","modified_gmt":"2023-06-25T12:02:38","slug":"intellectual-property","status":"publish","type":"page","link":"https:\/\/mayarstyle.com\/fr\/intellectual-property\/","title":{"rendered":"Propri\u00e9t\u00e9 intellectuelle"},"content":{"rendered":"<div data-elementor-type=\"wp-page\" data-elementor-id=\"838\" class=\"elementor elementor-838\" data-elementor-post-type=\"page\">\n\t\t\t\t\t\t\t\t\t<section class=\"elementor-section elementor-top-section elementor-element elementor-element-ff3ce8b elementor-section-boxed elementor-section-height-default elementor-section-height-default\" data-id=\"ff3ce8b\" data-element_type=\"section\" data-settings=\"{&quot;background_background&quot;:&quot;classic&quot;}\">\n\t\t\t\t\t\t<div class=\"elementor-container elementor-column-gap-default\">\n\t\t\t\t\t<div class=\"elementor-column elementor-col-100 elementor-top-column elementor-element elementor-element-51681a0\" data-id=\"51681a0\" data-element_type=\"column\">\n\t\t\t<div class=\"elementor-widget-wrap elementor-element-populated\">\n\t\t\t\t\t\t\t\t<div class=\"elementor-element elementor-element-406a1f3 elementor-widget elementor-widget-heading\" data-id=\"406a1f3\" data-element_type=\"widget\" data-widget_type=\"heading.default\">\n\t\t\t\t<div class=\"elementor-widget-container\">\n\t\t\t<style>\/*! elementor - v3.16.0 - 09-10-2023 *\/\n.elementor-heading-title{padding:0;margin:0;line-height:1}.elementor-widget-heading .elementor-heading-title[class*=elementor-size-]>a{color:inherit;font-size:inherit;line-height:inherit}.elementor-widget-heading .elementor-heading-title.elementor-size-small{font-size:15px}.elementor-widget-heading .elementor-heading-title.elementor-size-medium{font-size:19px}.elementor-widget-heading .elementor-heading-title.elementor-size-large{font-size:29px}.elementor-widget-heading .elementor-heading-title.elementor-size-xl{font-size:39px}.elementor-widget-heading .elementor-heading-title.elementor-size-xxl{font-size:59px}<\/style><h5 class=\"elementor-heading-title elementor-size-default\">Propri\u00e9t\u00e9 intellectuelle (PI)<\/h5>\t\t<\/div>\n\t\t\t\t<\/div>\n\t\t\t\t<div class=\"elementor-element elementor-element-221e138 elementor-widget elementor-widget-text-editor\" data-id=\"221e138\" data-element_type=\"widget\" data-widget_type=\"text-editor.default\">\n\t\t\t\t<div class=\"elementor-widget-container\">\n\t\t\t<style>\/*! elementor - v3.16.0 - 09-10-2023 *\/\n.elementor-widget-text-editor.elementor-drop-cap-view-stacked .elementor-drop-cap{background-color:#69727d;color:#fff}.elementor-widget-text-editor.elementor-drop-cap-view-framed .elementor-drop-cap{color:#69727d;border:3px solid;background-color:transparent}.elementor-widget-text-editor:not(.elementor-drop-cap-view-default) .elementor-drop-cap{margin-top:8px}.elementor-widget-text-editor:not(.elementor-drop-cap-view-default) .elementor-drop-cap-letter{width:1em;height:1em}.elementor-widget-text-editor .elementor-drop-cap{float:left;text-align:center;line-height:1;font-size:50px}.elementor-widget-text-editor .elementor-drop-cap-letter{display:inline-block}<\/style>\t\t\t\tPolitique de protection du design, de protection contre la copie et la contrefa\u00e7on et de protection de la propri\u00e9t\u00e9 intellectuelle pour Mayar Style, propri\u00e9t\u00e9 de MAYAR ACCESSORIES LLC\t\t\t\t\t\t<\/div>\n\t\t\t\t<\/div>\n\t\t\t\t\t<\/div>\n\t\t<\/div>\n\t\t\t\t\t\t\t<\/div>\n\t\t<\/section>\n\t\t\t\t<section class=\"elementor-section elementor-top-section elementor-element elementor-element-559b12a elementor-section-boxed elementor-section-height-default elementor-section-height-default\" data-id=\"559b12a\" data-element_type=\"section\">\n\t\t\t\t\t\t<div class=\"elementor-container elementor-column-gap-default\">\n\t\t\t\t\t<div class=\"elementor-column elementor-col-100 elementor-top-column elementor-element elementor-element-1b97acc\" data-id=\"1b97acc\" data-element_type=\"column\">\n\t\t\t<div class=\"elementor-widget-wrap elementor-element-populated\">\n\t\t\t\t\t\t\t\t<div class=\"elementor-element elementor-element-add938a elementor-widget__width-initial elementor-widget elementor-widget-text-editor\" data-id=\"add938a\" data-element_type=\"widget\" data-widget_type=\"text-editor.default\">\n\t\t\t\t<div class=\"elementor-widget-container\">\n\t\t\t\t\t\t\t<p>Mayar Style est une marque appartenant \u00e0 MAYAR ACCESSORIES LLC, une soci\u00e9t\u00e9 bas\u00e9e aux \u00c9mirats arabes unis. Toutes les conceptions de produits et photographies utilis\u00e9es sur le site Web Mayar Style sont prot\u00e9g\u00e9es par les droits d&#039;auteur de MAYAR ACCESSORIES LLC et sont la propri\u00e9t\u00e9 exclusive de la soci\u00e9t\u00e9. MAYAR ACCESSORIES LLC a enregistr\u00e9 ses droits d&#039;auteur aupr\u00e8s du bureau des droits d&#039;auteur des \u00c9mirats arabes unis et a obtenu la protection de la marque et du logo Mayar Style.<\/p>\n<p><b>Protection de la conception\u00a0:<\/b><\/p>\n<p>Chez MAYAR ACCESSORIES LLC, nous sommes tr\u00e8s fiers de nos designs uniques et nous nous effor\u00e7ons de les prot\u00e9ger contre l&#039;imitation ou la copie. Notre processus de conception est un \u00e9l\u00e9ment essentiel de notre identit\u00e9 de marque et fait partie int\u00e9grante de notre r\u00e9ussite commerciale. Notre \u00e9quipe de conception cr\u00e9e des designs originaux et innovants, distinctifs et reconnaissables.<\/p>\n<p>Tous nos designs Mayar Style sont prot\u00e9g\u00e9s par la loi sur le droit d&#039;auteur et sont la propri\u00e9t\u00e9 exclusive de MAYAR ACCESSORIES LLC. La reproduction ou l&#039;imitation non autoris\u00e9e de nos designs est strictement interdite et des poursuites judiciaires seront prises contre toute personne ou entit\u00e9 qui enfreindrait nos designs. Nous poursuivrons tous les recours juridiques disponibles, y compris, mais sans s&#039;y limiter, la demande d&#039;une injonction et de dommages-int\u00e9r\u00eats, contre toute partie qui copie ou imite nos cr\u00e9ations.<\/p>\n<p><b>Protection contre la copie et la contrefa\u00e7on\u00a0:<\/b><\/p>\n<p>Chez MAYAR ACCESSORIES LLC, nous nous engageons \u00e0 garantir que nos clients re\u00e7oivent uniquement des produits authentiques de style Mayar qui r\u00e9pondent \u00e0 nos normes \u00e9lev\u00e9es de qualit\u00e9 et de savoir-faire. Nous prenons tr\u00e8s au s\u00e9rieux la question de la protection contre la copie et la contrefa\u00e7on et employons diverses mesures pour emp\u00eacher la production et la distribution de produits Mayar Style contrefaits et copi\u00e9s.<\/p>\n<p><b>Pour atteindre cet objectif, nous prenons les mesures suivantes :<\/b><\/p>\n<ul>\n<li>Nous travaillons en \u00e9troite collaboration avec nos fournisseurs pour garantir que nous nous approvisionnons uniquement en mati\u00e8res premi\u00e8res et composants aupr\u00e8s de sources r\u00e9put\u00e9es.<\/li>\n<li>Nous effectuons r\u00e9guli\u00e8rement des contr\u00f4les de qualit\u00e9 sur tous nos produits pour garantir qu&#039;ils r\u00e9pondent \u00e0 nos normes \u00e9lev\u00e9es.<\/li>\n<li>Nous utilisons des emballages inviolables pour emp\u00eacher que nos produits soient ouverts ou alt\u00e9r\u00e9s avant qu&#039;ils n&#039;atteignent nos clients.<\/li>\n<li>Nous incluons un autocollant hologramme sur tous nos produits pour garantir qu&#039;ils sont authentiques et n&#039;ont pas \u00e9t\u00e9 alt\u00e9r\u00e9s.<\/li>\n<li>Nous avons mis en \u0153uvre un programme complet de lutte contre la contrefa\u00e7on qui comprend la surveillance et la suppression des annonces en ligne contrefaites et l&#039;engagement de poursuites judiciaires contre les contrefacteurs et les imitateurs.<\/li>\n<\/ul>\n<p>Nous encourageons nos clients \u00e0 nous signaler tout cas suspect de copie ou de contrefa\u00e7on de produits Mayar Style \u00e0 info@mayarstyle.com. Nous enqu\u00eaterons sur tous les rapports et engagerons les poursuites judiciaires appropri\u00e9es contre toute personne ou entit\u00e9 impliqu\u00e9e dans la production ou la distribution de produits Mayar Style copi\u00e9s ou contrefaits.<\/p>\n<p><b>Protection de la propri\u00e9t\u00e9 intellectuelle:<\/b><\/p>\n<p>Tout le contenu du site Web Mayar Style, y compris, mais sans s&#039;y limiter, les textes, graphiques, logos, images et logiciels, est la propri\u00e9t\u00e9 exclusive de MAYAR ACCESSORIES LLC et est prot\u00e9g\u00e9 par les droits d&#039;auteur, les marques commerciales et d&#039;autres lois sur la propri\u00e9t\u00e9 intellectuelle.<\/p>\n<p>Vous ne pouvez pas utiliser, reproduire, distribuer, modifier ou transmettre tout contenu du site Web Mayar Style sans notre consentement \u00e9crit pr\u00e9alable. Vous ne pouvez utiliser aucune marque ou logo de Mayar Style sans notre consentement \u00e9crit pr\u00e9alable.<\/p>\n<p><span style=\"font-style: inherit; font-weight: inherit; background-color: var(--ast-global-color-5); color: var(--ast-global-color-3);\">Nous respectons les droits de propri\u00e9t\u00e9 intellectuelle d&#039;autrui et attendons de nos utilisateurs qu&#039;ils fassent de m\u00eame. Si vous pensez que vos droits de propri\u00e9t\u00e9 intellectuelle ont \u00e9t\u00e9 viol\u00e9s sur le site Web Mayar Style, veuillez nous en informer \u00e0 info@mayarstyle.com avec les informations suivantes :<\/span><\/p>\n<ul>\n<li>Une signature physique ou \u00e9lectronique du propri\u00e9taire du droit d&#039;auteur ou de la marque ou du repr\u00e9sentant autoris\u00e9.<\/li>\n<li>Identification de l\u2019\u0153uvre ou de la marque prot\u00e9g\u00e9e par le droit d\u2019auteur qui aurait \u00e9t\u00e9 viol\u00e9e.<\/li>\n<li>Identification du mat\u00e9riel pr\u00e9tendument en infraction ou faisant l&#039;objet d&#039;une activit\u00e9 de contrefa\u00e7on et qui doit \u00eatre supprim\u00e9 ou dont l&#039;acc\u00e8s doit \u00eatre d\u00e9sactiv\u00e9, et des informations raisonnablement suffisantes pour nous permettre de localiser le mat\u00e9riel.<\/li>\n<li>Vos coordonn\u00e9es, y compris votre nom, votre adresse, votre num\u00e9ro de t\u00e9l\u00e9phone et votre adresse e-mail.<\/li>\n<li>Une d\u00e9claration de votre part selon laquelle vous croyez de bonne foi que l&#039;utilisation du mat\u00e9riel de la mani\u00e8re faisant l&#039;objet de la plainte n&#039;est pas autoris\u00e9e par le propri\u00e9taire du droit d&#039;auteur ou de la marque, son agent ou la loi.<\/li>\n<li>Une d\u00e9claration de votre part attestant que les informations contenues dans la notification sont exactes et que vous \u00eates autoris\u00e9 \u00e0 agir au nom du propri\u00e9taire du droit d&#039;auteur ou de la marque.<\/li>\n<\/ul>\n<p>Nous enqu\u00eaterons sur toutes les r\u00e9clamations pour violation de la propri\u00e9t\u00e9 intellectuelle et prendrons les mesures appropri\u00e9es, notamment en supprimant tout mat\u00e9riel contrefait du site Web Mayar Style et en mettant fin aux comptes des contrevenants r\u00e9p\u00e9t\u00e9s. Nous engagerons \u00e9galement des poursuites judiciaires contre toute personne ou entit\u00e9 qui utilise les produits ou les photographies Mayar Style de notre site Web sur toute plateforme de m\u00e9dias sociaux ou site Web sans r\u00e9f\u00e9rence ou autorisation appropri\u00e9e.<\/p>\n<p><b>MAYAR ACCESSORIES LLC se r\u00e9serve le droit de modifier cette politique de protection de la conception, de protection contre la copie et la contrefa\u00e7on et de protection de la propri\u00e9t\u00e9 intellectuelle \u00e0 tout moment. Nous vous encourageons \u00e0 consulter cette politique p\u00e9riodiquement pour rester inform\u00e9 de toute mise \u00e0 jour ou modification.<\/b><\/p>\t\t\t\t\t\t<\/div>\n\t\t\t\t<\/div>\n\t\t\t\t\t<\/div>\n\t\t<\/div>\n\t\t\t\t\t\t\t<\/div>\n\t\t<\/section>\n\t\t\t\t\t\t\t<\/div>","protected":false},"excerpt":{"rendered":"<p>Protection de la propri\u00e9t\u00e9 intellectuelle (IP), protection contre la copie et la contrefa\u00e7on et politique de protection de la propri\u00e9t\u00e9 intellectuelle pour Mayar Style, propri\u00e9t\u00e9 de MAYAR ACCESSORIES LLC Mayar Style est une marque appartenant \u00e0 MAYAR ACCESSORIES LLC, une soci\u00e9t\u00e9 bas\u00e9e aux \u00c9mirats arabes unis. Toutes les conceptions de produits et photographies utilis\u00e9es sur le site Web Mayar Style sont prot\u00e9g\u00e9es par les droits d&#039;auteur de MAYAR ACCESSORIES LLC et sont\u2026<\/p>\n<p class=\"read-more\"> <a class=\"\" href=\"https:\/\/mayarstyle.com\/fr\/intellectual-property\/\"> <span class=\"screen-reader-text\">Propri\u00e9t\u00e9 intellectuelle<\/span> En savoir plus &quot;<\/a><\/p>","protected":false},"author":1,"featured_media":0,"parent":0,"menu_order":0,"comment_status":"closed","ping_status":"closed","template":"","meta":{"site-sidebar-layout":"no-sidebar","site-content-layout":"page-builder","ast-global-header-display":"","ast-banner-title-visibility":"","ast-main-header-display":"","ast-hfb-above-header-display":"","ast-hfb-below-header-display":"","ast-hfb-mobile-header-display":"","site-post-title":"disabled","ast-breadcrumbs-content":"","ast-featured-img":"disabled","footer-sml-layout":"","theme-transparent-header-meta":"","adv-header-id-meta":"","stick-header-meta":"","header-above-stick-meta":"","header-main-stick-meta":"","header-below-stick-meta":""},"_links":{"self":[{"href":"https:\/\/mayarstyle.com\/fr\/wp-json\/wp\/v2\/pages\/838"}],"collection":[{"href":"https:\/\/mayarstyle.com\/fr\/wp-json\/wp\/v2\/pages"}],"about":[{"href":"https:\/\/mayarstyle.com\/fr\/wp-json\/wp\/v2\/types\/page"}],"author":[{"embeddable":true,"href":"https:\/\/mayarstyle.com\/fr\/wp-json\/wp\/v2\/users\/1"}],"replies":[{"embeddable":true,"href":"https:\/\/mayarstyle.com\/fr\/wp-json\/wp\/v2\/comments?post=838"}],"version-history":[{"count":13,"href":"https:\/\/mayarstyle.com\/fr\/wp-json\/wp\/v2\/pages\/838\/revisions"}],"predecessor-version":[{"id":969,"href":"https:\/\/mayarstyle.com\/fr\/wp-json\/wp\/v2\/pages\/838\/revisions\/969"}],"wp:attachment":[{"href":"https:\/\/mayarstyle.com\/fr\/wp-json\/wp\/v2\/media?parent=838"}],"curies":[{"name":"wp","href":"https:\/\/api.w.org\/{rel}","templated":true}]}}