{"id":858,"date":"2023-06-25T11:11:06","date_gmt":"2023-06-25T10:11:06","guid":{"rendered":"https:\/\/mayarstyle.com\/?page_id=858"},"modified":"2023-06-25T11:49:43","modified_gmt":"2023-06-25T10:49:43","slug":"ring-size-guide","status":"publish","type":"page","link":"https:\/\/mayarstyle.com\/fr\/ring-size-guide\/","title":{"rendered":"Guide des tailles de bague"},"content":{"rendered":"<div data-elementor-type=\"wp-page\" data-elementor-id=\"858\" class=\"elementor elementor-858\" data-elementor-post-type=\"page\">\n\t\t\t\t\t\t\t\t\t<section class=\"elementor-section elementor-top-section elementor-element elementor-element-6caaf3a elementor-section-boxed elementor-section-height-default elementor-section-height-default\" data-id=\"6caaf3a\" data-element_type=\"section\" data-settings=\"{&quot;background_background&quot;:&quot;classic&quot;}\">\n\t\t\t\t\t\t<div class=\"elementor-container elementor-column-gap-default\">\n\t\t\t\t\t<div class=\"elementor-column elementor-col-100 elementor-top-column elementor-element elementor-element-78c6d66\" data-id=\"78c6d66\" data-element_type=\"column\">\n\t\t\t<div class=\"elementor-widget-wrap elementor-element-populated\">\n\t\t\t\t\t\t\t\t<div class=\"elementor-element elementor-element-c809f8b elementor-widget elementor-widget-heading\" data-id=\"c809f8b\" data-element_type=\"widget\" data-widget_type=\"heading.default\">\n\t\t\t\t<div class=\"elementor-widget-container\">\n\t\t\t<style>\/*! elementor - v3.16.0 - 09-10-2023 *\/\n.elementor-heading-title{padding:0;margin:0;line-height:1}.elementor-widget-heading .elementor-heading-title[class*=elementor-size-]>a{color:inherit;font-size:inherit;line-height:inherit}.elementor-widget-heading .elementor-heading-title.elementor-size-small{font-size:15px}.elementor-widget-heading .elementor-heading-title.elementor-size-medium{font-size:19px}.elementor-widget-heading .elementor-heading-title.elementor-size-large{font-size:29px}.elementor-widget-heading .elementor-heading-title.elementor-size-xl{font-size:39px}.elementor-widget-heading .elementor-heading-title.elementor-size-xxl{font-size:59px}<\/style><h4 class=\"elementor-heading-title elementor-size-default\">Guide des tailles de bague<\/h4>\t\t<\/div>\n\t\t\t\t<\/div>\n\t\t\t\t\t<\/div>\n\t\t<\/div>\n\t\t\t\t\t\t\t<\/div>\n\t\t<\/section>\n\t\t\t\t<section class=\"elementor-section elementor-top-section elementor-element elementor-element-1856655 elementor-section-boxed elementor-section-height-default elementor-section-height-default\" data-id=\"1856655\" data-element_type=\"section\">\n\t\t\t\t\t\t<div class=\"elementor-container elementor-column-gap-default\">\n\t\t\t\t\t<div class=\"elementor-column elementor-col-100 elementor-top-column elementor-element elementor-element-60f3e96\" data-id=\"60f3e96\" data-element_type=\"column\">\n\t\t\t<div class=\"elementor-widget-wrap elementor-element-populated\">\n\t\t\t\t\t\t\t\t<div class=\"elementor-element elementor-element-a96c718 elementor-widget elementor-widget-text-editor\" data-id=\"a96c718\" data-element_type=\"widget\" data-widget_type=\"text-editor.default\">\n\t\t\t\t<div class=\"elementor-widget-container\">\n\t\t\t<style>\/*! elementor - v3.16.0 - 09-10-2023 *\/\n.elementor-widget-text-editor.elementor-drop-cap-view-stacked .elementor-drop-cap{background-color:#69727d;color:#fff}.elementor-widget-text-editor.elementor-drop-cap-view-framed .elementor-drop-cap{color:#69727d;border:3px solid;background-color:transparent}.elementor-widget-text-editor:not(.elementor-drop-cap-view-default) .elementor-drop-cap{margin-top:8px}.elementor-widget-text-editor:not(.elementor-drop-cap-view-default) .elementor-drop-cap-letter{width:1em;height:1em}.elementor-widget-text-editor .elementor-drop-cap{float:left;text-align:center;line-height:1;font-size:50px}.elementor-widget-text-editor .elementor-drop-cap-letter{display:inline-block}<\/style>\t\t\t\t<p><b><span style=\"font-style: inherit; background-color: var(--ast-global-color-5); color: var(--ast-global-color-3);\">Chez Mayar Style, nous voulons vous aider \u00e0 trouver le parfait <\/span><span style=\"font-style: inherit; background-color: var(--ast-global-color-5); color: var(--ast-global-color-3);\">bague de montage. Pour vous aider \u00e0 d\u00e9terminer votre taille de bague, nous proposons le guide des tailles de bague suivant, bas\u00e9 sur les normes am\u00e9ricaines et europ\u00e9ennes\u00a0:<\/span><\/b><br><\/p>\t\t\t\t\t\t<\/div>\n\t\t\t\t<\/div>\n\t\t\t\t\t<\/div>\n\t\t<\/div>\n\t\t\t\t\t\t\t<\/div>\n\t\t<\/section>\n\t\t\t\t<section class=\"elementor-section elementor-top-section elementor-element elementor-element-79250fe elementor-section-boxed elementor-section-height-default elementor-section-height-default\" data-id=\"79250fe\" data-element_type=\"section\" data-settings=\"{&quot;background_background&quot;:&quot;classic&quot;}\">\n\t\t\t\t\t\t<div class=\"elementor-container elementor-column-gap-default\">\n\t\t\t\t\t<div class=\"elementor-column elementor-col-50 elementor-top-column elementor-element elementor-element-72a7a07\" data-id=\"72a7a07\" data-element_type=\"column\">\n\t\t\t<div class=\"elementor-widget-wrap elementor-element-populated\">\n\t\t\t\t\t\t\t\t<div class=\"elementor-element elementor-element-e233854 elementor-widget elementor-widget-text-editor\" data-id=\"e233854\" data-element_type=\"widget\" data-widget_type=\"text-editor.default\">\n\t\t\t\t<div class=\"elementor-widget-container\">\n\t\t\t\t\t\t\t<p><b>Tableau des tailles de bague aux \u00c9tats-Unis\u00a0:<\/b><\/p><ul><li>Taille 4 : Circonf\u00e9rence : 46,5 mm Diam\u00e8tre : 14,86 mm<\/li><li>Taille 4.5\u00a0: Circonf\u00e9rence\u00a0: 47,8\u00a0mm Diam\u00e8tre\u00a0: 15,27\u00a0mm<\/li><li>Taille 5 : Circonf\u00e9rence : 49 mm Diam\u00e8tre : 15,7 mm<\/li><li>Taille 5.5 : Circonf\u00e9rence : 50,3 mm Diam\u00e8tre : 16,1 mm<\/li><li>Taille 6 : Circonf\u00e9rence : 51,5 mm Diam\u00e8tre : 16,51 mm<\/li><li>Taille 6,5 : Circonf\u00e9rence : 52,8 mm Diam\u00e8tre : 16,92 mm<\/li><li>Taille 7 : Circonf\u00e9rence : 54 mm Diam\u00e8tre : 17,35 mm<\/li><li>Taille 7,5 : Circonf\u00e9rence : 55,3 mm Diam\u00e8tre : 17,75 mm<\/li><li>Taille 8 : Circonf\u00e9rence : 56,6 mm Diam\u00e8tre : 18,19 mm<\/li><li>Taille 8,5 : Circonf\u00e9rence : 57,8 mm Diam\u00e8tre : 18,53 mm<\/li><li>Taille 9 : Circonf\u00e9rence : 59,1 mm Diam\u00e8tre : 18,89 mm<\/li><li>Taille 9,5 : Circonf\u00e9rence : 60,3 mm Diam\u00e8tre : 19,41 mm<\/li><li>Taille 10 : Circonf\u00e9rence : 61,6 mm Diam\u00e8tre : 19,84 mm<\/li><li>Taille 10,5 : Circonf\u00e9rence : 62,8 mm Diam\u00e8tre : 20,2 mm<\/li><li>Taille 11 : Circonf\u00e9rence : 64,1 mm Diam\u00e8tre : 20,68 mm<\/li><li>Taille 11,5 : Circonf\u00e9rence : 65,3 mm Diam\u00e8tre : 21,08 mm<\/li><li>Taille 12 : Circonf\u00e9rence : 66,6 mm Diam\u00e8tre : 21,49 mm<\/li><\/ul>\t\t\t\t\t\t<\/div>\n\t\t\t\t<\/div>\n\t\t\t\t\t<\/div>\n\t\t<\/div>\n\t\t\t\t<div class=\"elementor-column elementor-col-50 elementor-top-column elementor-element elementor-element-f9fe9b2\" data-id=\"f9fe9b2\" data-element_type=\"column\">\n\t\t\t<div class=\"elementor-widget-wrap elementor-element-populated\">\n\t\t\t\t\t\t\t\t<div class=\"elementor-element elementor-element-bed211e elementor-widget elementor-widget-text-editor\" data-id=\"bed211e\" data-element_type=\"widget\" data-widget_type=\"text-editor.default\">\n\t\t\t\t<div class=\"elementor-widget-container\">\n\t\t\t\t\t\t\t<p><b>Tableau des tailles de bague dans l&#039;UE\u00a0:<\/b><\/p><ul><li>Taille 46 : Circonf\u00e9rence : 46,5 mm Diam\u00e8tre : 14,86 mm<\/li><li>Taille 47 : Circonf\u00e9rence : 47,8 mm Diam\u00e8tre : 15,27 mm<\/li><li>Taille 48 : Circonf\u00e9rence : 49 mm Diam\u00e8tre : 15,7 mm<\/li><li>Taille 49 : Circonf\u00e9rence : 50,3 mm Diam\u00e8tre : 16,1 mm<\/li><li>Taille 50 : Circonf\u00e9rence : 51,5 mm Diam\u00e8tre : 16,51 mm<\/li><li>Taille 51 : Circonf\u00e9rence : 52,8 mm Diam\u00e8tre : 16,92 mm<\/li><li>Taille 52 : Circonf\u00e9rence : 54 mm Diam\u00e8tre : 17,35 mm<\/li><li>Taille 53 : Circonf\u00e9rence : 55,3 mm Diam\u00e8tre : 17,75 mm<\/li><li>Taille 54 : Circonf\u00e9rence : 56,6 mm Diam\u00e8tre : 18,19 mm<\/li><li>Taille 55 : Circonf\u00e9rence : 57,8 mm Diam\u00e8tre : 18,53 mm<\/li><li>Taille 56 : Circonf\u00e9rence : 59,1 mm Diam\u00e8tre : 18,89 mm<\/li><li>Taille 57 : Circonf\u00e9rence : 60,3 mm Diam\u00e8tre : 19,41 mm<\/li><li>Taille 58 : Circonf\u00e9rence : 61,6 mm Diam\u00e8tre : 19,84 mm<\/li><li>Taille 59 : Circonf\u00e9rence : 62,8 mm Diam\u00e8tre : 20,2 mm<\/li><li>Taille 60 : Circonf\u00e9rence : 64,1 mm Diam\u00e8tre : 20,68 mm<\/li><li>Taille 61 : Circonf\u00e9rence : 65,3 mm Diam\u00e8tre : 21,08 mm<\/li><li>Taille 62 : Circonf\u00e9rence : 66,6 mm Diam\u00e8tre : 21,49 mm<\/li><\/ul>\t\t\t\t\t\t<\/div>\n\t\t\t\t<\/div>\n\t\t\t\t\t<\/div>\n\t\t<\/div>\n\t\t\t\t\t\t\t<\/div>\n\t\t<\/section>\n\t\t\t\t<section class=\"elementor-section elementor-top-section elementor-element elementor-element-0209a5d elementor-section-boxed elementor-section-height-default elementor-section-height-default\" data-id=\"0209a5d\" data-element_type=\"section\">\n\t\t\t\t\t\t<div class=\"elementor-container elementor-column-gap-default\">\n\t\t\t\t\t<div class=\"elementor-column elementor-col-100 elementor-top-column elementor-element elementor-element-bb3e83c\" data-id=\"bb3e83c\" data-element_type=\"column\">\n\t\t\t<div class=\"elementor-widget-wrap elementor-element-populated\">\n\t\t\t\t\t\t\t\t<div class=\"elementor-element elementor-element-b5fda25 elementor-widget elementor-widget-heading\" data-id=\"b5fda25\" data-element_type=\"widget\" data-widget_type=\"heading.default\">\n\t\t\t\t<div class=\"elementor-widget-container\">\n\t\t\t<h5 class=\"elementor-heading-title elementor-size-default\">Comment mesurer la taille de votre bague\u00a0:<\/h5>\t\t<\/div>\n\t\t\t\t<\/div>\n\t\t\t\t<div class=\"elementor-element elementor-element-7235dfc elementor-widget elementor-widget-image\" data-id=\"7235dfc\" data-element_type=\"widget\" data-widget_type=\"image.default\">\n\t\t\t\t<div class=\"elementor-widget-container\">\n\t\t\t<style>\/*! elementor - v3.16.0 - 09-10-2023 *\/\n.elementor-widget-image{text-align:center}.elementor-widget-image a{display:inline-block}.elementor-widget-image a img[src$=\".svg\"]{width:48px}.elementor-widget-image img{vertical-align:middle;display:inline-block}<\/style>\t\t\t\t\t\t\t\t\t\t\t\t<img decoding=\"async\" width=\"1024\" height=\"657\" src=\"https:\/\/mayarstyle.com\/wp-content\/uploads\/2023\/06\/Method-2-Ring-Size_2x-1024x657.jpg\" class=\"attachment-large size-large wp-image-860\" alt=\"\" loading=\"lazy\" srcset=\"https:\/\/mayarstyle.com\/wp-content\/uploads\/2023\/06\/Method-2-Ring-Size_2x-1024x657.jpg 1024w, https:\/\/mayarstyle.com\/wp-content\/uploads\/2023\/06\/Method-2-Ring-Size_2x-300x192.jpg 300w, https:\/\/mayarstyle.com\/wp-content\/uploads\/2023\/06\/Method-2-Ring-Size_2x-768x493.jpg 768w, https:\/\/mayarstyle.com\/wp-content\/uploads\/2023\/06\/Method-2-Ring-Size_2x.jpg 1216w\" sizes=\"(max-width: 1024px) 100vw, 1024px\" \/>\t\t\t\t\t\t\t\t\t\t\t\t\t\t\t<\/div>\n\t\t\t\t<\/div>\n\t\t\t\t<div class=\"elementor-element elementor-element-70f935d elementor-widget elementor-widget-text-editor\" data-id=\"70f935d\" data-element_type=\"widget\" data-widget_type=\"text-editor.default\">\n\t\t\t\t<div class=\"elementor-widget-container\">\n\t\t\t\t\t\t\t<p><b>Il existe plusieurs fa\u00e7ons de mesurer votre taille de bague \u00e0 la maison\u00a0:<\/b><\/p><ol><li>Utilisez une ficelle ou du papier pour mesurer la circonf\u00e9rence de votre doigt. Marquez le point o\u00f9 la ficelle ou le papier se chevauche, puis mesurez la longueur de la ficelle ou du papier avec une r\u00e8gle. Utilisez le tableau des tailles de bague ci-dessus pour d\u00e9terminer votre taille de bague en fonction de la circonf\u00e9rence.<\/li><li>Utilisez une bague qui vous va d\u00e9j\u00e0 bien. Mesurez le diam\u00e8tre int\u00e9rieur de la bague avec une r\u00e8gle et utilisez le tableau des tailles de bague ci-dessus pour d\u00e9terminer votre taille de bague en fonction du diam\u00e8tre.<\/li><\/ol><p>Si vous n&#039;\u00eates toujours pas s\u00fbr de la taille de votre bague, nous vous recommandons de vous rendre chez un bijoutier local pour faire dimensionner votre doigt par un professionnel.<\/p><p><b>Note:\u00a0<\/b>Ces tableaux des tailles de bagues sont fournis \u00e0 titre de r\u00e9f\u00e9rence uniquement. Diff\u00e9rents pays et fabricants peuvent avoir des normes de taille l\u00e9g\u00e8rement diff\u00e9rentes, et la taille et la forme de chaque doigt peuvent \u00e9galement affecter l&#039;ajustement d&#039;une bague. Mayar Style n&#039;est pas responsable des probl\u00e8mes de taille ou des probl\u00e8mes pouvant r\u00e9sulter d&#039;une mauvaise taille ou mesure.<\/p><p>Nous esp\u00e9rons que ce guide des tailles de bague vous aidera \u00e0 trouver la bague parfaitement ajust\u00e9e de Mayar Style. Si vous avez des questions ou des pr\u00e9occupations concernant la taille des bagues ou nos produits, n&#039;h\u00e9sitez pas \u00e0 nous contacter \u00e0 info@mayarstyle.com. Notre \u00e9quipe de service client est toujours disponible pour vous aider de toutes les mani\u00e8res possibles.<\/p>\t\t\t\t\t\t<\/div>\n\t\t\t\t<\/div>\n\t\t\t\t\t<\/div>\n\t\t<\/div>\n\t\t\t\t\t\t\t<\/div>\n\t\t<\/section>\n\t\t\t\t\t\t\t<\/div>","protected":false},"excerpt":{"rendered":"<p>Guide des tailles de bague Chez Mayar Style, nous voulons vous aider \u00e0 trouver la bague parfaitement ajust\u00e9e. Pour vous aider \u00e0 d\u00e9terminer votre taille de bague, nous fournissons le guide des tailles de bague suivant, bas\u00e9 sur les normes am\u00e9ricaines et europ\u00e9ennes : Tableau des tailles de bague am\u00e9ricaines : Taille 4 : Circonf\u00e9rence : 46,5 mm Diam\u00e8tre : 14,86 mm Taille 4,5 : Circonf\u00e9rence : 47,8 mm Diam\u00e8tre : 15,27 mm Taille 5 : Circonf\u00e9rence : \u2026<\/p>\n<p class=\"read-more\"> <a class=\"\" href=\"https:\/\/mayarstyle.com\/fr\/ring-size-guide\/\"> <span class=\"screen-reader-text\">Guide des tailles de bague<\/span> En savoir plus &quot;<\/a><\/p>","protected":false},"author":1,"featured_media":0,"parent":0,"menu_order":0,"comment_status":"closed","ping_status":"closed","template":"","meta":{"site-sidebar-layout":"no-sidebar","site-content-layout":"page-builder","ast-global-header-display":"","ast-banner-title-visibility":"","ast-main-header-display":"","ast-hfb-above-header-display":"","ast-hfb-below-header-display":"","ast-hfb-mobile-header-display":"","site-post-title":"disabled","ast-breadcrumbs-content":"","ast-featured-img":"disabled","footer-sml-layout":"","theme-transparent-header-meta":"","adv-header-id-meta":"","stick-header-meta":"","header-above-stick-meta":"","header-main-stick-meta":"","header-below-stick-meta":""},"_links":{"self":[{"href":"https:\/\/mayarstyle.com\/fr\/wp-json\/wp\/v2\/pages\/858"}],"collection":[{"href":"https:\/\/mayarstyle.com\/fr\/wp-json\/wp\/v2\/pages"}],"about":[{"href":"https:\/\/mayarstyle.com\/fr\/wp-json\/wp\/v2\/types\/page"}],"author":[{"embeddable":true,"href":"https:\/\/mayarstyle.com\/fr\/wp-json\/wp\/v2\/users\/1"}],"replies":[{"embeddable":true,"href":"https:\/\/mayarstyle.com\/fr\/wp-json\/wp\/v2\/comments?post=858"}],"version-history":[{"count":19,"href":"https:\/\/mayarstyle.com\/fr\/wp-json\/wp\/v2\/pages\/858\/revisions"}],"predecessor-version":[{"id":927,"href":"https:\/\/mayarstyle.com\/fr\/wp-json\/wp\/v2\/pages\/858\/revisions\/927"}],"wp:attachment":[{"href":"https:\/\/mayarstyle.com\/fr\/wp-json\/wp\/v2\/media?parent=858"}],"curies":[{"name":"wp","href":"https:\/\/api.w.org\/{rel}","templated":true}]}}