{"id":865,"date":"2023-06-25T11:19:28","date_gmt":"2023-06-25T10:19:28","guid":{"rendered":"https:\/\/mayarstyle.com\/?page_id=865"},"modified":"2023-10-22T18:19:37","modified_gmt":"2023-10-22T17:19:37","slug":"shipping-partners","status":"publish","type":"page","link":"https:\/\/mayarstyle.com\/fr\/shipping-partners\/","title":{"rendered":"Partenaires d&#039;exp\u00e9dition"},"content":{"rendered":"<div data-elementor-type=\"wp-page\" data-elementor-id=\"865\" class=\"elementor elementor-865\" data-elementor-post-type=\"page\">\n\t\t\t\t\t\t\t\t\t<section class=\"elementor-section elementor-top-section elementor-element elementor-element-ad7981b elementor-section-boxed elementor-section-height-default elementor-section-height-default\" data-id=\"ad7981b\" data-element_type=\"section\" data-settings=\"{&quot;background_background&quot;:&quot;classic&quot;}\">\n\t\t\t\t\t\t<div class=\"elementor-container elementor-column-gap-default\">\n\t\t\t\t\t<div class=\"elementor-column elementor-col-50 elementor-top-column elementor-element elementor-element-61875f2\" data-id=\"61875f2\" data-element_type=\"column\">\n\t\t\t<div class=\"elementor-widget-wrap elementor-element-populated\">\n\t\t\t\t\t\t\t\t<div class=\"elementor-element elementor-element-581f619 elementor-widget elementor-widget-heading\" data-id=\"581f619\" data-element_type=\"widget\" data-widget_type=\"heading.default\">\n\t\t\t\t<div class=\"elementor-widget-container\">\n\t\t\t<style>\/*! elementor - v3.16.0 - 09-10-2023 *\/\n.elementor-heading-title{padding:0;margin:0;line-height:1}.elementor-widget-heading .elementor-heading-title[class*=elementor-size-]>a{color:inherit;font-size:inherit;line-height:inherit}.elementor-widget-heading .elementor-heading-title.elementor-size-small{font-size:15px}.elementor-widget-heading .elementor-heading-title.elementor-size-medium{font-size:19px}.elementor-widget-heading .elementor-heading-title.elementor-size-large{font-size:29px}.elementor-widget-heading .elementor-heading-title.elementor-size-xl{font-size:39px}.elementor-widget-heading .elementor-heading-title.elementor-size-xxl{font-size:59px}<\/style><h4 class=\"elementor-heading-title elementor-size-default\">logistique \/ exp\u00e9dition <\/h4>\t\t<\/div>\n\t\t\t\t<\/div>\n\t\t\t\t<div class=\"elementor-element elementor-element-cd76e2c elementor-widget elementor-widget-accordion\" data-id=\"cd76e2c\" data-element_type=\"widget\" data-widget_type=\"accordion.default\">\n\t\t\t\t<div class=\"elementor-widget-container\">\n\t\t\t<style>\/*! elementor - v3.16.0 - 09-10-2023 *\/\n.elementor-accordion{text-align:left}.elementor-accordion .elementor-accordion-item{border:1px solid #d5d8dc}.elementor-accordion .elementor-accordion-item+.elementor-accordion-item{border-top:none}.elementor-accordion .elementor-tab-title{margin:0;padding:15px 20px;font-weight:700;line-height:1;cursor:pointer;outline:none}.elementor-accordion .elementor-tab-title .elementor-accordion-icon{display:inline-block;width:1.5em}.elementor-accordion .elementor-tab-title .elementor-accordion-icon svg{width:1em;height:1em}.elementor-accordion .elementor-tab-title .elementor-accordion-icon.elementor-accordion-icon-right{float:right;text-align:right}.elementor-accordion .elementor-tab-title .elementor-accordion-icon.elementor-accordion-icon-left{float:left;text-align:left}.elementor-accordion .elementor-tab-title .elementor-accordion-icon .elementor-accordion-icon-closed{display:block}.elementor-accordion .elementor-tab-title .elementor-accordion-icon .elementor-accordion-icon-opened,.elementor-accordion .elementor-tab-title.elementor-active .elementor-accordion-icon-closed{display:none}.elementor-accordion .elementor-tab-title.elementor-active .elementor-accordion-icon-opened{display:block}.elementor-accordion .elementor-tab-content{display:none;padding:15px 20px;border-top:1px solid #d5d8dc}@media (max-width:767px){.elementor-accordion .elementor-tab-title{padding:12px 15px}.elementor-accordion .elementor-tab-title .elementor-accordion-icon{width:1.2em}.elementor-accordion .elementor-tab-content{padding:7px 15px}}.e-con-inner>.elementor-widget-accordion,.e-con>.elementor-widget-accordion{width:var(--container-widget-width);--flex-grow:var(--container-widget-flex-grow)}<\/style>\t\t<div class=\"elementor-accordion\">\n\t\t\t\t\t\t\t<div class=\"elementor-accordion-item\">\n\t\t\t\t\t<div id=\"elementor-tab-title-2151\" class=\"elementor-tab-title\" data-tab=\"1\" role=\"button\" aria-controls=\"elementor-tab-content-2151\" aria-expanded=\"false\">\n\t\t\t\t\t\t\t\t\t\t\t\t\t<span class=\"elementor-accordion-icon elementor-accordion-icon-left\" aria-hidden=\"true\">\n\t\t\t\t\t\t\t\t\t\t\t\t\t\t\t<span class=\"elementor-accordion-icon-closed\"><i class=\"fas fa-plus\"><\/i><\/span>\n\t\t\t\t\t\t\t\t<span class=\"elementor-accordion-icon-opened\"><i class=\"fas fa-minus\"><\/i><\/span>\n\t\t\t\t\t\t\t\t\t\t\t\t\t\t<\/span>\n\t\t\t\t\t\t\t\t\t\t\t\t<a class=\"elementor-accordion-title\" tabindex=\"0\">D\u00c9LAIS DE LIVRAISON<\/a>\n\t\t\t\t\t<\/div>\n\t\t\t\t\t<div id=\"elementor-tab-content-2151\" class=\"elementor-tab-content elementor-clearfix\" data-tab=\"1\" role=\"region\" aria-labelledby=\"elementor-tab-title-2151\"><p>Pour nos clients des \u00c9mirats arabes unis, Mayar Style est fier de s&#039;associer \u00e0 Fastline pour garantir que vos commandes vous parviennent rapidement, g\u00e9n\u00e9ralement dans les 1 \u00e0 2 jours ouvrables suivant l&#039;exp\u00e9dition.<\/p><p>Pour nos fashionistas internationales, nous collaborons avec Aramex, dans le but de recevoir vos commandes \u00e0 votre porte dans les 7 \u00e0 10 jours ouvrables suivant l&#039;exp\u00e9dition.<\/p><p>Passez votre commande avant 13h et nous l&#039;exp\u00e9dierons le jour m\u00eame ! Cependant, gardez \u00e0 l\u2019esprit que les exp\u00e9ditions internationales peuvent \u00eatre confront\u00e9es \u00e0 des retards occasionnels li\u00e9s aux douanes, pouvant parfois atteindre 1 \u00e0 2 semaines.<\/p><p>Bien que nous nous efforcions de maintenir des stocks pour toutes nos annonces sur notre site Web, certains articles peuvent \u00eatre marqu\u00e9s comme \u00ab disponibles en rupture de stock \u00bb. Si tel est le cas, veuillez nous accorder quelques jours \u00e0 3 semaines pour nous procurer et exp\u00e9dier le produit de votre choix.<\/p><\/div>\n\t\t\t\t<\/div>\n\t\t\t\t\t\t\t<div class=\"elementor-accordion-item\">\n\t\t\t\t\t<div id=\"elementor-tab-title-2152\" class=\"elementor-tab-title\" data-tab=\"2\" role=\"button\" aria-controls=\"elementor-tab-content-2152\" aria-expanded=\"false\">\n\t\t\t\t\t\t\t\t\t\t\t\t\t<span class=\"elementor-accordion-icon elementor-accordion-icon-left\" aria-hidden=\"true\">\n\t\t\t\t\t\t\t\t\t\t\t\t\t\t\t<span class=\"elementor-accordion-icon-closed\"><i class=\"fas fa-plus\"><\/i><\/span>\n\t\t\t\t\t\t\t\t<span class=\"elementor-accordion-icon-opened\"><i class=\"fas fa-minus\"><\/i><\/span>\n\t\t\t\t\t\t\t\t\t\t\t\t\t\t<\/span>\n\t\t\t\t\t\t\t\t\t\t\t\t<a class=\"elementor-accordion-title\" tabindex=\"0\">SUIVRE VOTRE COMMANDE<\/a>\n\t\t\t\t\t<\/div>\n\t\t\t\t\t<div id=\"elementor-tab-content-2152\" class=\"elementor-tab-content elementor-clearfix\" data-tab=\"2\" role=\"region\" aria-labelledby=\"elementor-tab-title-2152\"><p>Une fois que vous passez une commande, un e-mail de confirmation avec un num\u00e9ro de commande vous est envoy\u00e9. Restez inform\u00e9 du parcours de votre commande jusqu&#039;\u00e0 son exp\u00e9dition via votre compte.<\/p><p>Apr\u00e8s l&#039;exp\u00e9dition, nous mettons \u00e0 jour le num\u00e9ro de suivi de l&#039;exp\u00e9dition, vous permettant de suivre l&#039;\u00e9tat de votre commande via le site Web d&#039;Aramex.<\/p><\/div>\n\t\t\t\t<\/div>\n\t\t\t\t\t\t\t<div class=\"elementor-accordion-item\">\n\t\t\t\t\t<div id=\"elementor-tab-title-2153\" class=\"elementor-tab-title\" data-tab=\"3\" role=\"button\" aria-controls=\"elementor-tab-content-2153\" aria-expanded=\"false\">\n\t\t\t\t\t\t\t\t\t\t\t\t\t<span class=\"elementor-accordion-icon elementor-accordion-icon-left\" aria-hidden=\"true\">\n\t\t\t\t\t\t\t\t\t\t\t\t\t\t\t<span class=\"elementor-accordion-icon-closed\"><i class=\"fas fa-plus\"><\/i><\/span>\n\t\t\t\t\t\t\t\t<span class=\"elementor-accordion-icon-opened\"><i class=\"fas fa-minus\"><\/i><\/span>\n\t\t\t\t\t\t\t\t\t\t\t\t\t\t<\/span>\n\t\t\t\t\t\t\t\t\t\t\t\t<a class=\"elementor-accordion-title\" tabindex=\"0\">LES FRAIS DE LIVRAISON<\/a>\n\t\t\t\t\t<\/div>\n\t\t\t\t\t<div id=\"elementor-tab-content-2153\" class=\"elementor-tab-content elementor-clearfix\" data-tab=\"3\" role=\"region\" aria-labelledby=\"elementor-tab-title-2153\"><p>Pour notre client\u00e8le des \u00c9mirats arabes unis, les frais d&#039;exp\u00e9dition s&#039;\u00e9l\u00e8vent \u00e0 15 AED pour les transactions par carte de cr\u00e9dit et contre remboursement, applicables pour les envois standard (jusqu&#039;\u00e0 500 grammes, emballage compris).<\/p><p>Pour nos commandes internationales, veuillez noter que nous acceptons actuellement uniquement les paiements par carte de cr\u00e9dit.<\/p><\/div>\n\t\t\t\t<\/div>\n\t\t\t\t\t\t\t<div class=\"elementor-accordion-item\">\n\t\t\t\t\t<div id=\"elementor-tab-title-2154\" class=\"elementor-tab-title\" data-tab=\"4\" role=\"button\" aria-controls=\"elementor-tab-content-2154\" aria-expanded=\"false\">\n\t\t\t\t\t\t\t\t\t\t\t\t\t<span class=\"elementor-accordion-icon elementor-accordion-icon-left\" aria-hidden=\"true\">\n\t\t\t\t\t\t\t\t\t\t\t\t\t\t\t<span class=\"elementor-accordion-icon-closed\"><i class=\"fas fa-plus\"><\/i><\/span>\n\t\t\t\t\t\t\t\t<span class=\"elementor-accordion-icon-opened\"><i class=\"fas fa-minus\"><\/i><\/span>\n\t\t\t\t\t\t\t\t\t\t\t\t\t\t<\/span>\n\t\t\t\t\t\t\t\t\t\t\t\t<a class=\"elementor-accordion-title\" tabindex=\"0\">EMBALLAGE \u00c9L\u00c9GANT<\/a>\n\t\t\t\t\t<\/div>\n\t\t\t\t\t<div id=\"elementor-tab-content-2154\" class=\"elementor-tab-content elementor-clearfix\" data-tab=\"4\" role=\"region\" aria-labelledby=\"elementor-tab-title-2154\"><p>Chaque achat chez Mayar Style est une exp\u00e9rience sp\u00e9ciale. Vos parures en argent arrivent dans un emballage raffin\u00e9, g\u00e9n\u00e9ralement conserv\u00e9 dans notre bo\u00eete \u00e0 bijoux signature distinctive.<\/p><\/div>\n\t\t\t\t<\/div>\n\t\t\t\t\t\t\t<div class=\"elementor-accordion-item\">\n\t\t\t\t\t<div id=\"elementor-tab-title-2155\" class=\"elementor-tab-title\" data-tab=\"5\" role=\"button\" aria-controls=\"elementor-tab-content-2155\" aria-expanded=\"false\">\n\t\t\t\t\t\t\t\t\t\t\t\t\t<span class=\"elementor-accordion-icon elementor-accordion-icon-left\" aria-hidden=\"true\">\n\t\t\t\t\t\t\t\t\t\t\t\t\t\t\t<span class=\"elementor-accordion-icon-closed\"><i class=\"fas fa-plus\"><\/i><\/span>\n\t\t\t\t\t\t\t\t<span class=\"elementor-accordion-icon-opened\"><i class=\"fas fa-minus\"><\/i><\/span>\n\t\t\t\t\t\t\t\t\t\t\t\t\t\t<\/span>\n\t\t\t\t\t\t\t\t\t\t\t\t<a class=\"elementor-accordion-title\" tabindex=\"0\">R\u00c9SOUDRE LES PROBL\u00c8MES DE LIVRAISON<\/a>\n\t\t\t\t\t<\/div>\n\t\t\t\t\t<div id=\"elementor-tab-content-2155\" class=\"elementor-tab-content elementor-clearfix\" data-tab=\"5\" role=\"region\" aria-labelledby=\"elementor-tab-title-2155\"><p>En cas de retard dans votre livraison, contactez-nous et nous vous fournirons le num\u00e9ro de suivi Aramex. S&#039;il y a des divergences dans votre commande, veuillez nous en informer dans les 24 heures suivant sa r\u00e9ception via notre formulaire de contact.<\/p><p>Dans les rares cas d&#039;objets perdus, veuillez noter que nous ne pouvons prendre des mesures que 30 jours ouvrables apr\u00e8s l&#039;exp\u00e9dition, une fois qu&#039;Aramex a officiellement class\u00e9 les articles comme perdus. Nous ne pouvons pas renvoyer les commandes avant cette classification.<\/p><p>Dans les cas o\u00f9 les articles sont marqu\u00e9s comme livr\u00e9s mais n&#039;ont pas \u00e9t\u00e9 re\u00e7us, il est possible qu&#039;ils aient \u00e9t\u00e9 accept\u00e9s par quelqu&#039;un d&#039;autre \u00e0 l&#039;adresse de livraison. Il est essentiel de noter que nous ne pouvons pas rembourser ou remplacer les articles marqu\u00e9s comme livr\u00e9s. S&#039;assurer de l&#039;exactitude de l&#039;adresse de livraison rel\u00e8ve de la responsabilit\u00e9 de l&#039;acheteur. Mayar Style ne peut \u00eatre tenu responsable des livraisons effectu\u00e9es \u00e0 des adresses incorrectes ou inexistantes. Les remboursements ne seront pas trait\u00e9s dans de tels cas.<\/p><\/div>\n\t\t\t\t<\/div>\n\t\t\t\t\t\t\t<div class=\"elementor-accordion-item\">\n\t\t\t\t\t<div id=\"elementor-tab-title-2156\" class=\"elementor-tab-title\" data-tab=\"6\" role=\"button\" aria-controls=\"elementor-tab-content-2156\" aria-expanded=\"false\">\n\t\t\t\t\t\t\t\t\t\t\t\t\t<span class=\"elementor-accordion-icon elementor-accordion-icon-left\" aria-hidden=\"true\">\n\t\t\t\t\t\t\t\t\t\t\t\t\t\t\t<span class=\"elementor-accordion-icon-closed\"><i class=\"fas fa-plus\"><\/i><\/span>\n\t\t\t\t\t\t\t\t<span class=\"elementor-accordion-icon-opened\"><i class=\"fas fa-minus\"><\/i><\/span>\n\t\t\t\t\t\t\t\t\t\t\t\t\t\t<\/span>\n\t\t\t\t\t\t\t\t\t\t\t\t<a class=\"elementor-accordion-title\" tabindex=\"0\">EXP\u00c9DITION EUROP\u00c9ENNE ET AFRICAINE<\/a>\n\t\t\t\t\t<\/div>\n\t\t\t\t\t<div id=\"elementor-tab-content-2156\" class=\"elementor-tab-content elementor-clearfix\" data-tab=\"6\" role=\"region\" aria-labelledby=\"elementor-tab-title-2156\"><div class=\"flex-1 overflow-hidden\"><div class=\"react-scroll-to-bottom--css-dfhxa-79elbk h-full dark:bg-gray-800\"><div class=\"react-scroll-to-bottom--css-dfhxa-1n7m0yu\"><div class=\"flex flex-col text-sm dark:bg-gray-800\"><div class=\"group final-completion w-full text-token-text-primary border-b border-black\/10 gizmo:border-0 dark:border-gray-900\/50 gizmo:dark:border-0 bg-gray-50 gizmo:bg-transparent dark:bg-[#444654] gizmo:dark:bg-transparent\" data-testid=\"conversation-turn-13\"><div class=\"p-4 justify-center text-base md:gap-6 md:py-6 m-auto\"><div class=\"flex flex-1 gap-4 text-base mx-auto md:gap-6 gizmo:gap-3 gizmo:md:px-5 gizmo:lg:px-1 gizmo:xl:px-5 md:max-w-2xl lg:max-w-[38rem] gizmo:md:max-w-3xl gizmo:lg:max-w-[40rem] gizmo:xl:max-w-[48rem] xl:max-w-3xl }\"><div class=\"relative flex w-[calc(100%-50px)] flex-col gizmo:w-full lg:w-[calc(100%-115px)] agent-turn\"><div class=\"flex-col gap-1 md:gap-3\"><div class=\"flex flex-grow flex-col gap-3 max-w-full\"><div class=\"min-h-[20px] flex flex-col items-start gap-3 whitespace-pre-wrap break-words overflow-x-auto\"><div class=\"markdown prose w-full break-words dark:prose-invert light\"><p><strong>D\u00e9lais d&#039;exp\u00e9dition et de livraison Pays europ\u00e9ens et africains<\/strong><\/p><p>Chez Mayar Style, nous nous engageons \u00e0 assurer une livraison rapide et fiable de vos achats. Nous travaillons en partenariat avec Aramex, un fournisseur d&#039;exp\u00e9dition de confiance, pour desservir diverses zones et pays. Vous trouverez ci-dessous les d\u00e9lais de livraison des colis pr\u00e9vus pour chaque zone\u00a0:<\/p><ul><li><strong>Zone 3 (Pays : Autriche, Chypre, France, Allemagne, Italie, Monaco, Pays-Bas, Portugal)<\/strong>:<ul><li>D\u00e9lai estim\u00e9 de livraison du colis : 3 \u00e0 5 jours ouvrables.<\/li><\/ul><\/li><li><strong>Zone 4 (Pays : Belgique, Egypte, Gr\u00e8ce, Espagne)<\/strong>:<ul><li>D\u00e9lai estim\u00e9 de livraison du colis : 4 \u00e0 6 jours ouvrables.<\/li><\/ul><\/li><li><strong>Zone 5 (Pays\u00a0: Malte)<\/strong>:<ul><li>D\u00e9lai estim\u00e9 de livraison du colis : 5 \u00e0 7 jours ouvrables.<\/li><\/ul><\/li><li><strong>Zone 6 (Pays : Luxembourg)<\/strong>:<ul><li>D\u00e9lai estim\u00e9 de livraison du colis : 6 \u00e0 8 jours ouvrables.<\/li><\/ul><\/li><li><strong>Zone 7 (Pays\u00a0: Andorre, Estonie, Irlande, Lettonie, Lituanie, Saint-Marin, Slovaquie, Slov\u00e9nie)<\/strong>:<ul><li>D\u00e9lai estim\u00e9 de livraison du colis : 7 \u00e0 9 jours ouvrables.<\/li><\/ul><\/li><li><strong>Zone 8 (Pays : Finlande, Guyane fran\u00e7aise, Guadeloupe, Martinique, Mayotte, Mont\u00e9n\u00e9gro)<\/strong>:<ul><li>D\u00e9lai estim\u00e9 de livraison du colis : 8 \u00e0 10 jours ouvrables.<\/li><\/ul><\/li><\/ul><p>Veuillez noter qu&#039;il s&#039;agit de d\u00e9lais de livraison estim\u00e9s et qu&#039;ils peuvent \u00eatre influenc\u00e9s par des facteurs externes ind\u00e9pendants de notre volont\u00e9. Nous vous remercions de votre compr\u00e9hension et de votre patience.<\/p><\/div><\/div><\/div><\/div><\/div><\/div><\/div><\/div><\/div><\/div><\/div><\/div><\/div>\n\t\t\t\t<\/div>\n\t\t\t\t\t\t\t\t<\/div>\n\t\t\t\t<\/div>\n\t\t\t\t<\/div>\n\t\t\t\t\t<\/div>\n\t\t<\/div>\n\t\t\t\t<div class=\"elementor-column elementor-col-50 elementor-top-column elementor-element elementor-element-9817109\" data-id=\"9817109\" data-element_type=\"column\">\n\t\t\t<div class=\"elementor-widget-wrap elementor-element-populated\">\n\t\t\t\t\t\t\t\t<div class=\"elementor-element elementor-element-9636ff2 elementor-widget elementor-widget-image\" data-id=\"9636ff2\" data-element_type=\"widget\" data-widget_type=\"image.default\">\n\t\t\t\t<div class=\"elementor-widget-container\">\n\t\t\t<style>\/*! elementor - v3.16.0 - 09-10-2023 *\/\n.elementor-widget-image{text-align:center}.elementor-widget-image a{display:inline-block}.elementor-widget-image a img[src$=\".svg\"]{width:48px}.elementor-widget-image img{vertical-align:middle;display:inline-block}<\/style>\t\t\t\t\t\t\t\t\t\t\t\t<img decoding=\"async\" width=\"778\" height=\"756\" src=\"https:\/\/mayarstyle.com\/wp-content\/uploads\/2023\/10\/lod-2.jpg\" class=\"attachment-full size-full wp-image-1639\" alt=\"\" loading=\"lazy\" srcset=\"https:\/\/mayarstyle.com\/wp-content\/uploads\/2023\/10\/lod-2.jpg 778w, https:\/\/mayarstyle.com\/wp-content\/uploads\/2023\/10\/lod-2-300x292.jpg 300w, https:\/\/mayarstyle.com\/wp-content\/uploads\/2023\/10\/lod-2-768x746.jpg 768w, https:\/\/mayarstyle.com\/wp-content\/uploads\/2023\/10\/lod-2-12x12.jpg 12w\" sizes=\"(max-width: 778px) 100vw, 778px\" \/>\t\t\t\t\t\t\t\t\t\t\t\t\t\t\t<\/div>\n\t\t\t\t<\/div>\n\t\t\t\t<div class=\"elementor-element elementor-element-ae8aefb elementor-widget elementor-widget-image\" data-id=\"ae8aefb\" data-element_type=\"widget\" data-widget_type=\"image.default\">\n\t\t\t\t<div class=\"elementor-widget-container\">\n\t\t\t\t\t\t\t\t\t\t\t\t\t\t\t<img decoding=\"async\" width=\"1024\" height=\"875\" src=\"https:\/\/mayarstyle.com\/wp-content\/uploads\/2023\/06\/Asset-1@2x-1024x875.png\" class=\"attachment-large size-large wp-image-971\" alt=\"\" loading=\"lazy\" srcset=\"https:\/\/mayarstyle.com\/wp-content\/uploads\/2023\/06\/Asset-1@2x-1024x875.png 1024w, https:\/\/mayarstyle.com\/wp-content\/uploads\/2023\/06\/Asset-1@2x-300x256.png 300w, https:\/\/mayarstyle.com\/wp-content\/uploads\/2023\/06\/Asset-1@2x-768x657.png 768w, https:\/\/mayarstyle.com\/wp-content\/uploads\/2023\/06\/Asset-1@2x-1536x1313.png 1536w, https:\/\/mayarstyle.com\/wp-content\/uploads\/2023\/06\/Asset-1@2x-2048x1751.png 2048w\" sizes=\"(max-width: 1024px) 100vw, 1024px\" \/>\t\t\t\t\t\t\t\t\t\t\t\t\t\t\t<\/div>\n\t\t\t\t<\/div>\n\t\t\t\t\t<\/div>\n\t\t<\/div>\n\t\t\t\t\t\t\t<\/div>\n\t\t<\/section>\n\t\t\t\t\t\t\t<\/div>","protected":false},"excerpt":{"rendered":"<p>logistique \/ exp\u00e9dition D\u00c9LAIS DE LIVRAISON Pour nos clients des \u00c9mirats arabes unis, Mayar Style est fier de s&#039;associer \u00e0 Fastline pour garantir que vos commandes vous parviennent rapidement, g\u00e9n\u00e9ralement dans les 1 \u00e0 2 jours ouvrables suivant l&#039;exp\u00e9dition. Pour nos fashionistas internationales, nous collaborons avec Aramex, dans le but de recevoir vos commandes \u00e0 votre porte dans les 7 \u00e0 10 jours ouvrables suivant l&#039;exp\u00e9dition. Passez votre commande avant\u2026<\/p>\n<p class=\"read-more\"> <a class=\"\" href=\"https:\/\/mayarstyle.com\/fr\/shipping-partners\/\"> <span class=\"screen-reader-text\">Partenaires d&#039;exp\u00e9dition<\/span> En savoir plus &quot;<\/a><\/p>","protected":false},"author":1,"featured_media":0,"parent":0,"menu_order":0,"comment_status":"closed","ping_status":"closed","template":"","meta":{"site-sidebar-layout":"no-sidebar","site-content-layout":"page-builder","ast-global-header-display":"","ast-banner-title-visibility":"","ast-main-header-display":"","ast-hfb-above-header-display":"","ast-hfb-below-header-display":"","ast-hfb-mobile-header-display":"","site-post-title":"disabled","ast-breadcrumbs-content":"","ast-featured-img":"disabled","footer-sml-layout":"","theme-transparent-header-meta":"","adv-header-id-meta":"","stick-header-meta":"","header-above-stick-meta":"","header-main-stick-meta":"","header-below-stick-meta":""},"_links":{"self":[{"href":"https:\/\/mayarstyle.com\/fr\/wp-json\/wp\/v2\/pages\/865"}],"collection":[{"href":"https:\/\/mayarstyle.com\/fr\/wp-json\/wp\/v2\/pages"}],"about":[{"href":"https:\/\/mayarstyle.com\/fr\/wp-json\/wp\/v2\/types\/page"}],"author":[{"embeddable":true,"href":"https:\/\/mayarstyle.com\/fr\/wp-json\/wp\/v2\/users\/1"}],"replies":[{"embeddable":true,"href":"https:\/\/mayarstyle.com\/fr\/wp-json\/wp\/v2\/comments?post=865"}],"version-history":[{"count":49,"href":"https:\/\/mayarstyle.com\/fr\/wp-json\/wp\/v2\/pages\/865\/revisions"}],"predecessor-version":[{"id":1645,"href":"https:\/\/mayarstyle.com\/fr\/wp-json\/wp\/v2\/pages\/865\/revisions\/1645"}],"wp:attachment":[{"href":"https:\/\/mayarstyle.com\/fr\/wp-json\/wp\/v2\/media?parent=865"}],"curies":[{"name":"wp","href":"https:\/\/api.w.org\/{rel}","templated":true}]}}