{"id":1059,"date":"2023-10-12T08:49:37","date_gmt":"2023-10-12T04:49:37","guid":{"rendered":"https:\/\/mayarstyle.com\/?post_type=product&#038;p=1059"},"modified":"2025-05-20T15:56:01","modified_gmt":"2025-05-20T11:56:01","slug":"majs0001","status":"publish","type":"product","link":"https:\/\/mayarstyle.com\/fr\/product\/majs0001\/","title":{"rendered":"MAJS0001"},"content":{"rendered":"<p>Ensemble de mari\u00e9e \u00e9l\u00e9gant en argent avec zircone : dot\u00e9 de pierres de zircone rayonnantes de haute qualit\u00e9, cet ensemble est plaqu\u00e9 rhodium pour plus d&#039;\u00e9clat et de durabilit\u00e9. Parfait pour les mari\u00e9es \u00e0 la recherche d\u2019une touche d\u2019\u00e9clat intemporel lors de leur journ\u00e9e sp\u00e9ciale.<\/p>","protected":false},"excerpt":{"rendered":"<p>Parure de mari\u00e9e en argent avec zircone, plaqu\u00e9 rhodium, zircone de qualit\u00e9 haute brillance<\/p>","protected":false},"featured_media":1060,"comment_status":"open","ping_status":"closed","template":"","meta":{"site-sidebar-layout":"default","site-content-layout":"default","ast-global-header-display":"","ast-banner-title-visibility":"","ast-main-header-display":"","ast-hfb-above-header-display":"","ast-hfb-below-header-display":"","ast-hfb-mobile-header-display":"","site-post-title":"","ast-breadcrumbs-content":"","ast-featured-img":"","footer-sml-layout":"","theme-transparent-header-meta":"default","adv-header-id-meta":"","stick-header-meta":"","header-above-stick-meta":"","header-main-stick-meta":"","header-below-stick-meta":""},"product_cat":[40],"product_tag":[],"_links":{"self":[{"href":"https:\/\/mayarstyle.com\/fr\/wp-json\/wp\/v2\/product\/1059"}],"collection":[{"href":"https:\/\/mayarstyle.com\/fr\/wp-json\/wp\/v2\/product"}],"about":[{"href":"https:\/\/mayarstyle.com\/fr\/wp-json\/wp\/v2\/types\/product"}],"replies":[{"embeddable":true,"href":"https:\/\/mayarstyle.com\/fr\/wp-json\/wp\/v2\/comments?post=1059"}],"version-history":[{"count":2,"href":"https:\/\/mayarstyle.com\/fr\/wp-json\/wp\/v2\/product\/1059\/revisions"}],"predecessor-version":[{"id":1065,"href":"https:\/\/mayarstyle.com\/fr\/wp-json\/wp\/v2\/product\/1059\/revisions\/1065"}],"wp:featuredmedia":[{"embeddable":true,"href":"https:\/\/mayarstyle.com\/fr\/wp-json\/wp\/v2\/media\/1060"}],"wp:attachment":[{"href":"https:\/\/mayarstyle.com\/fr\/wp-json\/wp\/v2\/media?parent=1059"}],"wp:term":[{"taxonomy":"product_cat","embeddable":true,"href":"https:\/\/mayarstyle.com\/fr\/wp-json\/wp\/v2\/product_cat?post=1059"},{"taxonomy":"product_tag","embeddable":true,"href":"https:\/\/mayarstyle.com\/fr\/wp-json\/wp\/v2\/product_tag?post=1059"}],"curies":[{"name":"wp","href":"https:\/\/api.w.org\/{rel}","templated":true}]}}