{"id":1076,"date":"2023-10-12T09:01:54","date_gmt":"2023-10-12T05:01:54","guid":{"rendered":"https:\/\/mayarstyle.com\/?post_type=product&#038;p=1076"},"modified":"2024-05-27T16:29:22","modified_gmt":"2024-05-27T12:29:22","slug":"maneck0001","status":"publish","type":"product","link":"https:\/\/mayarstyle.com\/fr\/product\/maneck0001\/","title":{"rendered":"MANECK0001"},"content":{"rendered":"<p>Ensemble de perles vintage classique\u00a0: ce duo de collier et de boucles d&#039;oreilles comprend des perles brillantes associ\u00e9es \u00e0 des pierres de zircone brillantes et brillantes. Un m\u00e9lange d&#039;\u00e9l\u00e9gance intemporelle et d&#039;\u00e9clat moderne, parfait pour ceux qui appr\u00e9cient le charme vintage avec une touche contemporaine.<\/p>","protected":false},"excerpt":{"rendered":"<p>Collier de perles vintage + boucles d\u2019oreilles\u00a0; Pierres de zircone haute brillance<\/p>","protected":false},"featured_media":1077,"comment_status":"open","ping_status":"closed","template":"","meta":{"site-sidebar-layout":"default","site-content-layout":"default","ast-global-header-display":"","ast-banner-title-visibility":"","ast-main-header-display":"","ast-hfb-above-header-display":"","ast-hfb-below-header-display":"","ast-hfb-mobile-header-display":"","site-post-title":"","ast-breadcrumbs-content":"","ast-featured-img":"","footer-sml-layout":"","theme-transparent-header-meta":"default","adv-header-id-meta":"","stick-header-meta":"","header-above-stick-meta":"","header-main-stick-meta":"","header-below-stick-meta":""},"product_cat":[34],"product_tag":[],"_links":{"self":[{"href":"https:\/\/mayarstyle.com\/fr\/wp-json\/wp\/v2\/product\/1076"}],"collection":[{"href":"https:\/\/mayarstyle.com\/fr\/wp-json\/wp\/v2\/product"}],"about":[{"href":"https:\/\/mayarstyle.com\/fr\/wp-json\/wp\/v2\/types\/product"}],"replies":[{"embeddable":true,"href":"https:\/\/mayarstyle.com\/fr\/wp-json\/wp\/v2\/comments?post=1076"}],"version-history":[{"count":1,"href":"https:\/\/mayarstyle.com\/fr\/wp-json\/wp\/v2\/product\/1076\/revisions"}],"predecessor-version":[{"id":1081,"href":"https:\/\/mayarstyle.com\/fr\/wp-json\/wp\/v2\/product\/1076\/revisions\/1081"}],"wp:featuredmedia":[{"embeddable":true,"href":"https:\/\/mayarstyle.com\/fr\/wp-json\/wp\/v2\/media\/1077"}],"wp:attachment":[{"href":"https:\/\/mayarstyle.com\/fr\/wp-json\/wp\/v2\/media?parent=1076"}],"wp:term":[{"taxonomy":"product_cat","embeddable":true,"href":"https:\/\/mayarstyle.com\/fr\/wp-json\/wp\/v2\/product_cat?post=1076"},{"taxonomy":"product_tag","embeddable":true,"href":"https:\/\/mayarstyle.com\/fr\/wp-json\/wp\/v2\/product_tag?post=1076"}],"curies":[{"name":"wp","href":"https:\/\/api.w.org\/{rel}","templated":true}]}}