{"id":1082,"date":"2023-10-12T09:04:42","date_gmt":"2023-10-12T05:04:42","guid":{"rendered":"https:\/\/mayarstyle.com\/?post_type=product&#038;p=1082"},"modified":"2024-10-14T13:19:00","modified_gmt":"2024-10-14T09:19:00","slug":"majs0004","status":"publish","type":"product","link":"https:\/\/mayarstyle.com\/fr\/product\/majs0004\/","title":{"rendered":"MAJS0004"},"content":{"rendered":"<p>Luxueux ensemble de zircones haute couture : con\u00e7u pour imiter l&#039;\u00e9clat des diamants, cet ensemble offre un \u00e9clat \u00e9blouissant qui capture l&#039;essence de l&#039;\u00e9l\u00e9gance moderne. Une pi\u00e8ce phare pour celles qui ont un penchant pour le glamour haut de gamme.<\/p>","protected":false},"excerpt":{"rendered":"<p>Ensemble de zircones haute couture. Les diamants brillent.<\/p>","protected":false},"featured_media":1083,"comment_status":"open","ping_status":"closed","template":"","meta":{"site-sidebar-layout":"default","site-content-layout":"default","ast-global-header-display":"","ast-banner-title-visibility":"","ast-main-header-display":"","ast-hfb-above-header-display":"","ast-hfb-below-header-display":"","ast-hfb-mobile-header-display":"","site-post-title":"","ast-breadcrumbs-content":"","ast-featured-img":"","footer-sml-layout":"","theme-transparent-header-meta":"default","adv-header-id-meta":"","stick-header-meta":"","header-above-stick-meta":"","header-main-stick-meta":"","header-below-stick-meta":""},"product_cat":[40],"product_tag":[],"_links":{"self":[{"href":"https:\/\/mayarstyle.com\/fr\/wp-json\/wp\/v2\/product\/1082"}],"collection":[{"href":"https:\/\/mayarstyle.com\/fr\/wp-json\/wp\/v2\/product"}],"about":[{"href":"https:\/\/mayarstyle.com\/fr\/wp-json\/wp\/v2\/types\/product"}],"replies":[{"embeddable":true,"href":"https:\/\/mayarstyle.com\/fr\/wp-json\/wp\/v2\/comments?post=1082"}],"version-history":[{"count":1,"href":"https:\/\/mayarstyle.com\/fr\/wp-json\/wp\/v2\/product\/1082\/revisions"}],"predecessor-version":[{"id":1087,"href":"https:\/\/mayarstyle.com\/fr\/wp-json\/wp\/v2\/product\/1082\/revisions\/1087"}],"wp:featuredmedia":[{"embeddable":true,"href":"https:\/\/mayarstyle.com\/fr\/wp-json\/wp\/v2\/media\/1083"}],"wp:attachment":[{"href":"https:\/\/mayarstyle.com\/fr\/wp-json\/wp\/v2\/media?parent=1082"}],"wp:term":[{"taxonomy":"product_cat","embeddable":true,"href":"https:\/\/mayarstyle.com\/fr\/wp-json\/wp\/v2\/product_cat?post=1082"},{"taxonomy":"product_tag","embeddable":true,"href":"https:\/\/mayarstyle.com\/fr\/wp-json\/wp\/v2\/product_tag?post=1082"}],"curies":[{"name":"wp","href":"https:\/\/api.w.org\/{rel}","templated":true}]}}