{"id":1088,"date":"2023-10-12T09:06:54","date_gmt":"2023-10-12T05:06:54","guid":{"rendered":"https:\/\/mayarstyle.com\/?post_type=product&#038;p=1088"},"modified":"2024-05-27T16:28:54","modified_gmt":"2024-05-27T12:28:54","slug":"maneck0002","status":"publish","type":"product","link":"https:\/\/mayarstyle.com\/fr\/product\/maneck0002\/","title":{"rendered":"MANECK0002"},"content":{"rendered":"<p>Ensemble de zircones raffin\u00e9 : cette combinaison collier et boucles d&#039;oreilles est dot\u00e9e de pierres de zircone de haute qualit\u00e9, respirant la brillance et l&#039;\u00e9l\u00e9gance. Am\u00e9lior\u00e9 par un placage de qualit\u00e9 sup\u00e9rieure, il t\u00e9moigne d&#039;un savoir-faire exquis et d&#039;un style intemporel. Parfait pour ceux qui recherchent une touche de luxe et de sophistication.<\/p>","protected":false},"excerpt":{"rendered":"<p>Collier + boucles d&#039;oreilles \u00e9l\u00e9gants en zircone. Pierres et placage de haute qualit\u00e9.<\/p>","protected":false},"featured_media":1089,"comment_status":"open","ping_status":"closed","template":"","meta":{"site-sidebar-layout":"default","site-content-layout":"default","ast-global-header-display":"","ast-banner-title-visibility":"","ast-main-header-display":"","ast-hfb-above-header-display":"","ast-hfb-below-header-display":"","ast-hfb-mobile-header-display":"","site-post-title":"","ast-breadcrumbs-content":"","ast-featured-img":"","footer-sml-layout":"","theme-transparent-header-meta":"default","adv-header-id-meta":"","stick-header-meta":"","header-above-stick-meta":"","header-main-stick-meta":"","header-below-stick-meta":""},"product_cat":[34],"product_tag":[],"_links":{"self":[{"href":"https:\/\/mayarstyle.com\/fr\/wp-json\/wp\/v2\/product\/1088"}],"collection":[{"href":"https:\/\/mayarstyle.com\/fr\/wp-json\/wp\/v2\/product"}],"about":[{"href":"https:\/\/mayarstyle.com\/fr\/wp-json\/wp\/v2\/types\/product"}],"replies":[{"embeddable":true,"href":"https:\/\/mayarstyle.com\/fr\/wp-json\/wp\/v2\/comments?post=1088"}],"version-history":[{"count":1,"href":"https:\/\/mayarstyle.com\/fr\/wp-json\/wp\/v2\/product\/1088\/revisions"}],"predecessor-version":[{"id":1092,"href":"https:\/\/mayarstyle.com\/fr\/wp-json\/wp\/v2\/product\/1088\/revisions\/1092"}],"wp:featuredmedia":[{"embeddable":true,"href":"https:\/\/mayarstyle.com\/fr\/wp-json\/wp\/v2\/media\/1089"}],"wp:attachment":[{"href":"https:\/\/mayarstyle.com\/fr\/wp-json\/wp\/v2\/media?parent=1088"}],"wp:term":[{"taxonomy":"product_cat","embeddable":true,"href":"https:\/\/mayarstyle.com\/fr\/wp-json\/wp\/v2\/product_cat?post=1088"},{"taxonomy":"product_tag","embeddable":true,"href":"https:\/\/mayarstyle.com\/fr\/wp-json\/wp\/v2\/product_tag?post=1088"}],"curies":[{"name":"wp","href":"https:\/\/api.w.org\/{rel}","templated":true}]}}