{"id":1093,"date":"2023-10-12T09:09:27","date_gmt":"2023-10-12T05:09:27","guid":{"rendered":"https:\/\/mayarstyle.com\/?post_type=product&#038;p=1093"},"modified":"2024-05-27T16:29:00","modified_gmt":"2024-05-27T12:29:00","slug":"maneck0003","status":"publish","type":"product","link":"https:\/\/mayarstyle.com\/fr\/product\/maneck0003\/","title":{"rendered":"MANECK0003"},"content":{"rendered":"<p>Ensemble \u00e9l\u00e9gant collier et boucles d&#039;oreilles : fabriqu\u00e9 avec la beaut\u00e9 \u00e9clatante de la nacre et l&#039;\u00e9clat de la zircone. Disponible en plaqu\u00e9 argent et or, cet ensemble est polyvalent pour tous les \u00e9v\u00e9nements, passant en douceur du jour \u00e0 la nuit, ajoutant une touche de sophistication \u00e0 n&#039;importe quelle tenue.<\/p>","protected":false},"excerpt":{"rendered":"<p>Collier + Boucles d&#039;oreilles en argent ou plaqu\u00e9 or. \u00c9l\u00e9ment en nacre et zircone. \u00c9l\u00e9gant pour tous les \u00e9v\u00e9nements.<\/p>","protected":false},"featured_media":1094,"comment_status":"open","ping_status":"closed","template":"","meta":{"site-sidebar-layout":"default","site-content-layout":"default","ast-global-header-display":"","ast-banner-title-visibility":"","ast-main-header-display":"","ast-hfb-above-header-display":"","ast-hfb-below-header-display":"","ast-hfb-mobile-header-display":"","site-post-title":"","ast-breadcrumbs-content":"","ast-featured-img":"","footer-sml-layout":"","theme-transparent-header-meta":"default","adv-header-id-meta":"","stick-header-meta":"","header-above-stick-meta":"","header-main-stick-meta":"","header-below-stick-meta":""},"product_cat":[34],"product_tag":[],"_links":{"self":[{"href":"https:\/\/mayarstyle.com\/fr\/wp-json\/wp\/v2\/product\/1093"}],"collection":[{"href":"https:\/\/mayarstyle.com\/fr\/wp-json\/wp\/v2\/product"}],"about":[{"href":"https:\/\/mayarstyle.com\/fr\/wp-json\/wp\/v2\/types\/product"}],"replies":[{"embeddable":true,"href":"https:\/\/mayarstyle.com\/fr\/wp-json\/wp\/v2\/comments?post=1093"}],"version-history":[{"count":1,"href":"https:\/\/mayarstyle.com\/fr\/wp-json\/wp\/v2\/product\/1093\/revisions"}],"predecessor-version":[{"id":1097,"href":"https:\/\/mayarstyle.com\/fr\/wp-json\/wp\/v2\/product\/1093\/revisions\/1097"}],"wp:featuredmedia":[{"embeddable":true,"href":"https:\/\/mayarstyle.com\/fr\/wp-json\/wp\/v2\/media\/1094"}],"wp:attachment":[{"href":"https:\/\/mayarstyle.com\/fr\/wp-json\/wp\/v2\/media?parent=1093"}],"wp:term":[{"taxonomy":"product_cat","embeddable":true,"href":"https:\/\/mayarstyle.com\/fr\/wp-json\/wp\/v2\/product_cat?post=1093"},{"taxonomy":"product_tag","embeddable":true,"href":"https:\/\/mayarstyle.com\/fr\/wp-json\/wp\/v2\/product_tag?post=1093"}],"curies":[{"name":"wp","href":"https:\/\/api.w.org\/{rel}","templated":true}]}}