{"id":1098,"date":"2023-10-12T09:11:52","date_gmt":"2023-10-12T05:11:52","guid":{"rendered":"https:\/\/mayarstyle.com\/?post_type=product&#038;p=1098"},"modified":"2024-05-27T16:29:13","modified_gmt":"2024-05-27T12:29:13","slug":"majs0005","status":"publish","type":"product","link":"https:\/\/mayarstyle.com\/fr\/product\/majs0005\/","title":{"rendered":"MAJS0005"},"content":{"rendered":"<p>Ensemble papillon au quotidien : d\u00e9licatement con\u00e7u avec un motif papillon, cet ensemble est orn\u00e9 de pierres de zircone \u00e9tincelantes et fini avec un placage argent\u00e9. Parfait \u00e0 porter au quotidien, il ajoute une touche d\u2019\u00e9l\u00e9gance fantaisiste \u00e0 votre look de tous les jours.<\/p>","protected":false},"excerpt":{"rendered":"<p>Papillon usage quotidien serti d&#039;une pierre de zircone plaqu\u00e9 argent<\/p>","protected":false},"featured_media":1099,"comment_status":"open","ping_status":"closed","template":"","meta":{"site-sidebar-layout":"default","site-content-layout":"default","ast-global-header-display":"","ast-banner-title-visibility":"","ast-main-header-display":"","ast-hfb-above-header-display":"","ast-hfb-below-header-display":"","ast-hfb-mobile-header-display":"","site-post-title":"","ast-breadcrumbs-content":"","ast-featured-img":"","footer-sml-layout":"","theme-transparent-header-meta":"default","adv-header-id-meta":"","stick-header-meta":"","header-above-stick-meta":"","header-main-stick-meta":"","header-below-stick-meta":""},"product_cat":[40],"product_tag":[],"_links":{"self":[{"href":"https:\/\/mayarstyle.com\/fr\/wp-json\/wp\/v2\/product\/1098"}],"collection":[{"href":"https:\/\/mayarstyle.com\/fr\/wp-json\/wp\/v2\/product"}],"about":[{"href":"https:\/\/mayarstyle.com\/fr\/wp-json\/wp\/v2\/types\/product"}],"replies":[{"embeddable":true,"href":"https:\/\/mayarstyle.com\/fr\/wp-json\/wp\/v2\/comments?post=1098"}],"version-history":[{"count":1,"href":"https:\/\/mayarstyle.com\/fr\/wp-json\/wp\/v2\/product\/1098\/revisions"}],"predecessor-version":[{"id":1102,"href":"https:\/\/mayarstyle.com\/fr\/wp-json\/wp\/v2\/product\/1098\/revisions\/1102"}],"wp:featuredmedia":[{"embeddable":true,"href":"https:\/\/mayarstyle.com\/fr\/wp-json\/wp\/v2\/media\/1099"}],"wp:attachment":[{"href":"https:\/\/mayarstyle.com\/fr\/wp-json\/wp\/v2\/media?parent=1098"}],"wp:term":[{"taxonomy":"product_cat","embeddable":true,"href":"https:\/\/mayarstyle.com\/fr\/wp-json\/wp\/v2\/product_cat?post=1098"},{"taxonomy":"product_tag","embeddable":true,"href":"https:\/\/mayarstyle.com\/fr\/wp-json\/wp\/v2\/product_tag?post=1098"}],"curies":[{"name":"wp","href":"https:\/\/api.w.org\/{rel}","templated":true}]}}