{"id":1119,"date":"2023-10-12T09:25:04","date_gmt":"2023-10-12T05:25:04","guid":{"rendered":"https:\/\/mayarstyle.com\/?post_type=product&#038;p=1119"},"modified":"2024-05-27T16:28:15","modified_gmt":"2024-05-27T12:28:15","slug":"majs0007","status":"publish","type":"product","link":"https:\/\/mayarstyle.com\/fr\/product\/majs0007\/","title":{"rendered":"MAJS0007"},"content":{"rendered":"<p>Ensemble \u00e9l\u00e9gant de zircones argent\u00e9es\u00a0: d\u00e9gageant une \u00e9l\u00e9gance discr\u00e8te, cet ensemble est fabriqu\u00e9 en argent et orn\u00e9 de pierres de zircone simples mais rayonnantes. Parfait pour ceux qui appr\u00e9cient la beaut\u00e9 minimaliste avec une touche d\u2019\u00e9clat.<\/p>","protected":false},"excerpt":{"rendered":"<p>Ensemble \u00e9l\u00e9gant et simple de zircones en argent<\/p>","protected":false},"featured_media":1120,"comment_status":"open","ping_status":"closed","template":"","meta":{"site-sidebar-layout":"default","site-content-layout":"default","ast-global-header-display":"","ast-banner-title-visibility":"","ast-main-header-display":"","ast-hfb-above-header-display":"","ast-hfb-below-header-display":"","ast-hfb-mobile-header-display":"","site-post-title":"","ast-breadcrumbs-content":"","ast-featured-img":"","footer-sml-layout":"","theme-transparent-header-meta":"default","adv-header-id-meta":"","stick-header-meta":"","header-above-stick-meta":"","header-main-stick-meta":"","header-below-stick-meta":""},"product_cat":[40],"product_tag":[],"_links":{"self":[{"href":"https:\/\/mayarstyle.com\/fr\/wp-json\/wp\/v2\/product\/1119"}],"collection":[{"href":"https:\/\/mayarstyle.com\/fr\/wp-json\/wp\/v2\/product"}],"about":[{"href":"https:\/\/mayarstyle.com\/fr\/wp-json\/wp\/v2\/types\/product"}],"replies":[{"embeddable":true,"href":"https:\/\/mayarstyle.com\/fr\/wp-json\/wp\/v2\/comments?post=1119"}],"version-history":[{"count":1,"href":"https:\/\/mayarstyle.com\/fr\/wp-json\/wp\/v2\/product\/1119\/revisions"}],"predecessor-version":[{"id":1124,"href":"https:\/\/mayarstyle.com\/fr\/wp-json\/wp\/v2\/product\/1119\/revisions\/1124"}],"wp:featuredmedia":[{"embeddable":true,"href":"https:\/\/mayarstyle.com\/fr\/wp-json\/wp\/v2\/media\/1120"}],"wp:attachment":[{"href":"https:\/\/mayarstyle.com\/fr\/wp-json\/wp\/v2\/media?parent=1119"}],"wp:term":[{"taxonomy":"product_cat","embeddable":true,"href":"https:\/\/mayarstyle.com\/fr\/wp-json\/wp\/v2\/product_cat?post=1119"},{"taxonomy":"product_tag","embeddable":true,"href":"https:\/\/mayarstyle.com\/fr\/wp-json\/wp\/v2\/product_tag?post=1119"}],"curies":[{"name":"wp","href":"https:\/\/api.w.org\/{rel}","templated":true}]}}