{"id":1125,"date":"2023-10-12T09:26:56","date_gmt":"2023-10-12T05:26:56","guid":{"rendered":"https:\/\/mayarstyle.com\/?post_type=product&#038;p=1125"},"modified":"2024-05-27T16:26:53","modified_gmt":"2024-05-27T12:26:53","slug":"majs0008","status":"publish","type":"product","link":"https:\/\/mayarstyle.com\/fr\/product\/majs0008\/","title":{"rendered":"MAJS0008"},"content":{"rendered":"<p>Ensemble \u00e9l\u00e9gant de zircones dor\u00e9es : magnifiquement con\u00e7u en or, cet ensemble met en valeur des pierres de zircone simples mais rayonnantes. Un design minimaliste qui rayonne de sophistication, parfait pour ceux qui ch\u00e9rissent l\u2019\u00e9l\u00e9gance subtile avec une touche chatoyante.<\/p>","protected":false},"excerpt":{"rendered":"<p>Ensemble de zircones simples et \u00e9l\u00e9gants en or<\/p>","protected":false},"featured_media":1126,"comment_status":"open","ping_status":"closed","template":"","meta":{"site-sidebar-layout":"default","site-content-layout":"default","ast-global-header-display":"","ast-banner-title-visibility":"","ast-main-header-display":"","ast-hfb-above-header-display":"","ast-hfb-below-header-display":"","ast-hfb-mobile-header-display":"","site-post-title":"","ast-breadcrumbs-content":"","ast-featured-img":"","footer-sml-layout":"","theme-transparent-header-meta":"default","adv-header-id-meta":"","stick-header-meta":"","header-above-stick-meta":"","header-main-stick-meta":"","header-below-stick-meta":""},"product_cat":[40],"product_tag":[],"_links":{"self":[{"href":"https:\/\/mayarstyle.com\/fr\/wp-json\/wp\/v2\/product\/1125"}],"collection":[{"href":"https:\/\/mayarstyle.com\/fr\/wp-json\/wp\/v2\/product"}],"about":[{"href":"https:\/\/mayarstyle.com\/fr\/wp-json\/wp\/v2\/types\/product"}],"replies":[{"embeddable":true,"href":"https:\/\/mayarstyle.com\/fr\/wp-json\/wp\/v2\/comments?post=1125"}],"version-history":[{"count":1,"href":"https:\/\/mayarstyle.com\/fr\/wp-json\/wp\/v2\/product\/1125\/revisions"}],"predecessor-version":[{"id":1128,"href":"https:\/\/mayarstyle.com\/fr\/wp-json\/wp\/v2\/product\/1125\/revisions\/1128"}],"wp:featuredmedia":[{"embeddable":true,"href":"https:\/\/mayarstyle.com\/fr\/wp-json\/wp\/v2\/media\/1126"}],"wp:attachment":[{"href":"https:\/\/mayarstyle.com\/fr\/wp-json\/wp\/v2\/media?parent=1125"}],"wp:term":[{"taxonomy":"product_cat","embeddable":true,"href":"https:\/\/mayarstyle.com\/fr\/wp-json\/wp\/v2\/product_cat?post=1125"},{"taxonomy":"product_tag","embeddable":true,"href":"https:\/\/mayarstyle.com\/fr\/wp-json\/wp\/v2\/product_tag?post=1125"}],"curies":[{"name":"wp","href":"https:\/\/api.w.org\/{rel}","templated":true}]}}