{"id":1133,"date":"2023-10-12T09:39:14","date_gmt":"2023-10-12T05:39:14","guid":{"rendered":"https:\/\/mayarstyle.com\/?post_type=product&#038;p=1133"},"modified":"2024-05-27T16:26:46","modified_gmt":"2024-05-27T12:26:46","slug":"majs0009","status":"publish","type":"product","link":"https:\/\/mayarstyle.com\/fr\/product\/majs0009\/","title":{"rendered":"MAJS0009"},"content":{"rendered":"<p>Ensemble tennis plaqu\u00e9 argent : ce duo collier et boucles d&#039;oreilles est \u00e9l\u00e9gamment con\u00e7u avec un m\u00e9lange de pierres multicolores et blanches immacul\u00e9es. Fabriqu\u00e9 avec pr\u00e9cision, le placage argent\u00e9 ajoute une touche de luxe, ce qui en fait un ensemble parfait pour ceux qui recherchent un look \u00e0 la fois vibrant et sophistiqu\u00e9.<\/p>","protected":false},"excerpt":{"rendered":"<p>Collier Tennis plaqu\u00e9 argent avec boucles d&#039;oreilles. Pierres multicolores et blanches. <\/p>","protected":false},"featured_media":1134,"comment_status":"open","ping_status":"closed","template":"","meta":{"site-sidebar-layout":"default","site-content-layout":"default","ast-global-header-display":"","ast-banner-title-visibility":"","ast-main-header-display":"","ast-hfb-above-header-display":"","ast-hfb-below-header-display":"","ast-hfb-mobile-header-display":"","site-post-title":"","ast-breadcrumbs-content":"","ast-featured-img":"","footer-sml-layout":"","theme-transparent-header-meta":"default","adv-header-id-meta":"","stick-header-meta":"","header-above-stick-meta":"","header-main-stick-meta":"","header-below-stick-meta":""},"product_cat":[40],"product_tag":[],"_links":{"self":[{"href":"https:\/\/mayarstyle.com\/fr\/wp-json\/wp\/v2\/product\/1133"}],"collection":[{"href":"https:\/\/mayarstyle.com\/fr\/wp-json\/wp\/v2\/product"}],"about":[{"href":"https:\/\/mayarstyle.com\/fr\/wp-json\/wp\/v2\/types\/product"}],"replies":[{"embeddable":true,"href":"https:\/\/mayarstyle.com\/fr\/wp-json\/wp\/v2\/comments?post=1133"}],"version-history":[{"count":1,"href":"https:\/\/mayarstyle.com\/fr\/wp-json\/wp\/v2\/product\/1133\/revisions"}],"predecessor-version":[{"id":1139,"href":"https:\/\/mayarstyle.com\/fr\/wp-json\/wp\/v2\/product\/1133\/revisions\/1139"}],"wp:featuredmedia":[{"embeddable":true,"href":"https:\/\/mayarstyle.com\/fr\/wp-json\/wp\/v2\/media\/1134"}],"wp:attachment":[{"href":"https:\/\/mayarstyle.com\/fr\/wp-json\/wp\/v2\/media?parent=1133"}],"wp:term":[{"taxonomy":"product_cat","embeddable":true,"href":"https:\/\/mayarstyle.com\/fr\/wp-json\/wp\/v2\/product_cat?post=1133"},{"taxonomy":"product_tag","embeddable":true,"href":"https:\/\/mayarstyle.com\/fr\/wp-json\/wp\/v2\/product_tag?post=1133"}],"curies":[{"name":"wp","href":"https:\/\/api.w.org\/{rel}","templated":true}]}}