{"id":1167,"date":"2023-10-12T09:58:38","date_gmt":"2023-10-12T05:58:38","guid":{"rendered":"https:\/\/mayarstyle.com\/?post_type=product&#038;p=1167"},"modified":"2024-05-27T16:26:19","modified_gmt":"2024-05-27T12:26:19","slug":"majs0013","status":"publish","type":"product","link":"https:\/\/mayarstyle.com\/fr\/product\/majs0013\/","title":{"rendered":"MAJS0013"},"content":{"rendered":"<p>Ensemble r\u00e9tro vintage : plongez dans un design unique qui m\u00e9lange le charme d&#039;antan avec des perles et des couleurs mena vibrantes. Cet ensemble collier et boucles d&#039;oreilles pr\u00e9sente des pampilles en perles faites \u00e0 la main, ajoutant une touche d&#039;\u00e9l\u00e9gance artisanale. Un m\u00e9lange parfait de tradition et de savoir-faire pour ceux qui appr\u00e9cient la beaut\u00e9 intemporelle.<\/p>","protected":false},"excerpt":{"rendered":"<p>Design unique r\u00e9tro vintage. Perles et couleur mena en collier et boucles d&#039;oreilles. Glands de perles faits \u00e0 la main.<\/p>","protected":false},"featured_media":1168,"comment_status":"open","ping_status":"closed","template":"","meta":{"site-sidebar-layout":"default","site-content-layout":"default","ast-global-header-display":"","ast-banner-title-visibility":"","ast-main-header-display":"","ast-hfb-above-header-display":"","ast-hfb-below-header-display":"","ast-hfb-mobile-header-display":"","site-post-title":"","ast-breadcrumbs-content":"","ast-featured-img":"","footer-sml-layout":"","theme-transparent-header-meta":"default","adv-header-id-meta":"","stick-header-meta":"","header-above-stick-meta":"","header-main-stick-meta":"","header-below-stick-meta":""},"product_cat":[40],"product_tag":[],"_links":{"self":[{"href":"https:\/\/mayarstyle.com\/fr\/wp-json\/wp\/v2\/product\/1167"}],"collection":[{"href":"https:\/\/mayarstyle.com\/fr\/wp-json\/wp\/v2\/product"}],"about":[{"href":"https:\/\/mayarstyle.com\/fr\/wp-json\/wp\/v2\/types\/product"}],"replies":[{"embeddable":true,"href":"https:\/\/mayarstyle.com\/fr\/wp-json\/wp\/v2\/comments?post=1167"}],"version-history":[{"count":1,"href":"https:\/\/mayarstyle.com\/fr\/wp-json\/wp\/v2\/product\/1167\/revisions"}],"predecessor-version":[{"id":1172,"href":"https:\/\/mayarstyle.com\/fr\/wp-json\/wp\/v2\/product\/1167\/revisions\/1172"}],"wp:featuredmedia":[{"embeddable":true,"href":"https:\/\/mayarstyle.com\/fr\/wp-json\/wp\/v2\/media\/1168"}],"wp:attachment":[{"href":"https:\/\/mayarstyle.com\/fr\/wp-json\/wp\/v2\/media?parent=1167"}],"wp:term":[{"taxonomy":"product_cat","embeddable":true,"href":"https:\/\/mayarstyle.com\/fr\/wp-json\/wp\/v2\/product_cat?post=1167"},{"taxonomy":"product_tag","embeddable":true,"href":"https:\/\/mayarstyle.com\/fr\/wp-json\/wp\/v2\/product_tag?post=1167"}],"curies":[{"name":"wp","href":"https:\/\/api.w.org\/{rel}","templated":true}]}}