{"id":1173,"date":"2023-10-12T10:01:20","date_gmt":"2023-10-12T06:01:20","guid":{"rendered":"https:\/\/mayarstyle.com\/?post_type=product&#038;p=1173"},"modified":"2024-05-27T16:26:12","modified_gmt":"2024-05-27T12:26:12","slug":"majs0014","status":"publish","type":"product","link":"https:\/\/mayarstyle.com\/fr\/product\/majs0014\/","title":{"rendered":"MAJS0014"},"content":{"rendered":"<p>Ensemble \u00c9l\u00e9gance Vintage : Plongez dans l&#039;attrait de la tradition avec cet ensemble collier long et boucles d&#039;oreilles. Dot\u00e9 d&#039;un design unique, il est finement plaqu\u00e9 or et argent et orn\u00e9 de pierres de zircone rayonnantes. Une pi\u00e8ce intemporelle qui capture l&#039;essence du charme et de la sophistication vintage.<\/p>","protected":false},"excerpt":{"rendered":"<p>Collier long et boucles d&#039;oreilles vintage traditionnels. Design unique. Plaqu\u00e9 or et argent avec pierres de zircone<\/p>","protected":false},"featured_media":1174,"comment_status":"open","ping_status":"closed","template":"","meta":{"site-sidebar-layout":"default","site-content-layout":"default","ast-global-header-display":"","ast-banner-title-visibility":"","ast-main-header-display":"","ast-hfb-above-header-display":"","ast-hfb-below-header-display":"","ast-hfb-mobile-header-display":"","site-post-title":"","ast-breadcrumbs-content":"","ast-featured-img":"","footer-sml-layout":"","theme-transparent-header-meta":"default","adv-header-id-meta":"","stick-header-meta":"","header-above-stick-meta":"","header-main-stick-meta":"","header-below-stick-meta":""},"product_cat":[40],"product_tag":[],"_links":{"self":[{"href":"https:\/\/mayarstyle.com\/fr\/wp-json\/wp\/v2\/product\/1173"}],"collection":[{"href":"https:\/\/mayarstyle.com\/fr\/wp-json\/wp\/v2\/product"}],"about":[{"href":"https:\/\/mayarstyle.com\/fr\/wp-json\/wp\/v2\/types\/product"}],"replies":[{"embeddable":true,"href":"https:\/\/mayarstyle.com\/fr\/wp-json\/wp\/v2\/comments?post=1173"}],"version-history":[{"count":1,"href":"https:\/\/mayarstyle.com\/fr\/wp-json\/wp\/v2\/product\/1173\/revisions"}],"predecessor-version":[{"id":1178,"href":"https:\/\/mayarstyle.com\/fr\/wp-json\/wp\/v2\/product\/1173\/revisions\/1178"}],"wp:featuredmedia":[{"embeddable":true,"href":"https:\/\/mayarstyle.com\/fr\/wp-json\/wp\/v2\/media\/1174"}],"wp:attachment":[{"href":"https:\/\/mayarstyle.com\/fr\/wp-json\/wp\/v2\/media?parent=1173"}],"wp:term":[{"taxonomy":"product_cat","embeddable":true,"href":"https:\/\/mayarstyle.com\/fr\/wp-json\/wp\/v2\/product_cat?post=1173"},{"taxonomy":"product_tag","embeddable":true,"href":"https:\/\/mayarstyle.com\/fr\/wp-json\/wp\/v2\/product_tag?post=1173"}],"curies":[{"name":"wp","href":"https:\/\/api.w.org\/{rel}","templated":true}]}}