{"id":1185,"date":"2023-10-12T10:08:41","date_gmt":"2023-10-12T06:08:41","guid":{"rendered":"https:\/\/mayarstyle.com\/?post_type=product&#038;p=1185"},"modified":"2025-05-19T09:18:27","modified_gmt":"2025-05-19T05:18:27","slug":"majs0016","status":"publish","type":"product","link":"https:\/\/mayarstyle.com\/fr\/product\/majs0016\/","title":{"rendered":"MAJS0016"},"content":{"rendered":"<p>Ensemble de luxe bicolore : rehaussez votre look en toute occasion avec cet ensemble collier et boucles d&#039;oreilles plaqu\u00e9s or et argent. Orn\u00e9 de pierres de zircone de haute qualit\u00e9 qui imitent l&#039;\u00e9clat des diamants, cet ensemble t\u00e9moigne d&#039;une \u00e9l\u00e9gance intemporelle et d&#039;une brillance in\u00e9gal\u00e9e. Parfait pour ceux qui recherchent la sophistication pour tous les \u00e9v\u00e9nements.<\/p>","protected":false},"excerpt":{"rendered":"<p>Collier et boucles d&#039;oreilles plaqu\u00e9s or et argent de luxe pour tous les \u00e9v\u00e9nements. Pierres de zircone de haute qualit\u00e9. Les diamants brillent<\/p>","protected":false},"featured_media":1186,"comment_status":"open","ping_status":"closed","template":"","meta":{"site-sidebar-layout":"default","site-content-layout":"default","ast-global-header-display":"","ast-banner-title-visibility":"","ast-main-header-display":"","ast-hfb-above-header-display":"","ast-hfb-below-header-display":"","ast-hfb-mobile-header-display":"","site-post-title":"","ast-breadcrumbs-content":"","ast-featured-img":"","footer-sml-layout":"","theme-transparent-header-meta":"default","adv-header-id-meta":"","stick-header-meta":"","header-above-stick-meta":"","header-main-stick-meta":"","header-below-stick-meta":""},"product_cat":[40],"product_tag":[],"_links":{"self":[{"href":"https:\/\/mayarstyle.com\/fr\/wp-json\/wp\/v2\/product\/1185"}],"collection":[{"href":"https:\/\/mayarstyle.com\/fr\/wp-json\/wp\/v2\/product"}],"about":[{"href":"https:\/\/mayarstyle.com\/fr\/wp-json\/wp\/v2\/types\/product"}],"replies":[{"embeddable":true,"href":"https:\/\/mayarstyle.com\/fr\/wp-json\/wp\/v2\/comments?post=1185"}],"version-history":[{"count":1,"href":"https:\/\/mayarstyle.com\/fr\/wp-json\/wp\/v2\/product\/1185\/revisions"}],"predecessor-version":[{"id":1194,"href":"https:\/\/mayarstyle.com\/fr\/wp-json\/wp\/v2\/product\/1185\/revisions\/1194"}],"wp:featuredmedia":[{"embeddable":true,"href":"https:\/\/mayarstyle.com\/fr\/wp-json\/wp\/v2\/media\/1186"}],"wp:attachment":[{"href":"https:\/\/mayarstyle.com\/fr\/wp-json\/wp\/v2\/media?parent=1185"}],"wp:term":[{"taxonomy":"product_cat","embeddable":true,"href":"https:\/\/mayarstyle.com\/fr\/wp-json\/wp\/v2\/product_cat?post=1185"},{"taxonomy":"product_tag","embeddable":true,"href":"https:\/\/mayarstyle.com\/fr\/wp-json\/wp\/v2\/product_tag?post=1185"}],"curies":[{"name":"wp","href":"https:\/\/api.w.org\/{rel}","templated":true}]}}