{"id":1202,"date":"2023-10-12T10:16:37","date_gmt":"2023-10-12T06:16:37","guid":{"rendered":"https:\/\/mayarstyle.com\/?post_type=product&#038;p=1202"},"modified":"2024-05-27T16:24:07","modified_gmt":"2024-05-27T12:24:07","slug":"maneck0006","status":"publish","type":"product","link":"https:\/\/mayarstyle.com\/fr\/product\/maneck0006\/","title":{"rendered":"MANECK0006"},"content":{"rendered":"<p>\u00c9l\u00e9gance vintage : Plongez dans le charme d&#039;antan avec ce sautoir, orn\u00e9 de pompons faits main. Dot\u00e9e d&#039;un m\u00e9lange harmonieux de perles turquoise et dor\u00e9es, cette pi\u00e8ce capture l&#039;essence du style vintage, ce qui en fait un ajout intemporel \u00e0 toute collection de bijoux.<\/p>","protected":false},"excerpt":{"rendered":"<p>Collier long de style vintage avec pompons faits \u00e0 la main. Perles turquoise et dor\u00e9es<\/p>","protected":false},"featured_media":1203,"comment_status":"open","ping_status":"closed","template":"","meta":{"site-sidebar-layout":"default","site-content-layout":"default","ast-global-header-display":"","ast-banner-title-visibility":"","ast-main-header-display":"","ast-hfb-above-header-display":"","ast-hfb-below-header-display":"","ast-hfb-mobile-header-display":"","site-post-title":"","ast-breadcrumbs-content":"","ast-featured-img":"","footer-sml-layout":"","theme-transparent-header-meta":"default","adv-header-id-meta":"","stick-header-meta":"","header-above-stick-meta":"","header-main-stick-meta":"","header-below-stick-meta":""},"product_cat":[34],"product_tag":[],"_links":{"self":[{"href":"https:\/\/mayarstyle.com\/fr\/wp-json\/wp\/v2\/product\/1202"}],"collection":[{"href":"https:\/\/mayarstyle.com\/fr\/wp-json\/wp\/v2\/product"}],"about":[{"href":"https:\/\/mayarstyle.com\/fr\/wp-json\/wp\/v2\/types\/product"}],"replies":[{"embeddable":true,"href":"https:\/\/mayarstyle.com\/fr\/wp-json\/wp\/v2\/comments?post=1202"}],"version-history":[{"count":1,"href":"https:\/\/mayarstyle.com\/fr\/wp-json\/wp\/v2\/product\/1202\/revisions"}],"predecessor-version":[{"id":1207,"href":"https:\/\/mayarstyle.com\/fr\/wp-json\/wp\/v2\/product\/1202\/revisions\/1207"}],"wp:featuredmedia":[{"embeddable":true,"href":"https:\/\/mayarstyle.com\/fr\/wp-json\/wp\/v2\/media\/1203"}],"wp:attachment":[{"href":"https:\/\/mayarstyle.com\/fr\/wp-json\/wp\/v2\/media?parent=1202"}],"wp:term":[{"taxonomy":"product_cat","embeddable":true,"href":"https:\/\/mayarstyle.com\/fr\/wp-json\/wp\/v2\/product_cat?post=1202"},{"taxonomy":"product_tag","embeddable":true,"href":"https:\/\/mayarstyle.com\/fr\/wp-json\/wp\/v2\/product_tag?post=1202"}],"curies":[{"name":"wp","href":"https:\/\/api.w.org\/{rel}","templated":true}]}}