{"id":1208,"date":"2023-10-12T10:46:25","date_gmt":"2023-10-12T06:46:25","guid":{"rendered":"https:\/\/mayarstyle.com\/?post_type=product&#038;p=1208"},"modified":"2025-05-19T15:23:24","modified_gmt":"2025-05-19T11:23:24","slug":"maneck0007","status":"publish","type":"product","link":"https:\/\/mayarstyle.com\/fr\/product\/maneck0007\/","title":{"rendered":"MANECK0007"},"content":{"rendered":"<p>\u00c9l\u00e9gance vintage : Plongez dans le charme d&#039;antan avec ce sautoir, orn\u00e9 de pompons faits main. Dot\u00e9e d&#039;un m\u00e9lange harmonieux de perles turquoise et dor\u00e9es, cette pi\u00e8ce capture l&#039;essence du style vintage, ce qui en fait un ajout intemporel \u00e0 toute collection de bijoux.<\/p>","protected":false},"excerpt":{"rendered":"<p>Dot\u00e9 d&#039;un m\u00e9lange harmonieux de perles turquoise et dor\u00e9es.<\/p>","protected":false},"featured_media":1209,"comment_status":"open","ping_status":"closed","template":"","meta":{"site-sidebar-layout":"default","site-content-layout":"default","ast-global-header-display":"","ast-banner-title-visibility":"","ast-main-header-display":"","ast-hfb-above-header-display":"","ast-hfb-below-header-display":"","ast-hfb-mobile-header-display":"","site-post-title":"","ast-breadcrumbs-content":"","ast-featured-img":"","footer-sml-layout":"","theme-transparent-header-meta":"default","adv-header-id-meta":"","stick-header-meta":"","header-above-stick-meta":"","header-main-stick-meta":"","header-below-stick-meta":""},"product_cat":[34],"product_tag":[],"_links":{"self":[{"href":"https:\/\/mayarstyle.com\/fr\/wp-json\/wp\/v2\/product\/1208"}],"collection":[{"href":"https:\/\/mayarstyle.com\/fr\/wp-json\/wp\/v2\/product"}],"about":[{"href":"https:\/\/mayarstyle.com\/fr\/wp-json\/wp\/v2\/types\/product"}],"replies":[{"embeddable":true,"href":"https:\/\/mayarstyle.com\/fr\/wp-json\/wp\/v2\/comments?post=1208"}],"version-history":[{"count":1,"href":"https:\/\/mayarstyle.com\/fr\/wp-json\/wp\/v2\/product\/1208\/revisions"}],"predecessor-version":[{"id":1213,"href":"https:\/\/mayarstyle.com\/fr\/wp-json\/wp\/v2\/product\/1208\/revisions\/1213"}],"wp:featuredmedia":[{"embeddable":true,"href":"https:\/\/mayarstyle.com\/fr\/wp-json\/wp\/v2\/media\/1209"}],"wp:attachment":[{"href":"https:\/\/mayarstyle.com\/fr\/wp-json\/wp\/v2\/media?parent=1208"}],"wp:term":[{"taxonomy":"product_cat","embeddable":true,"href":"https:\/\/mayarstyle.com\/fr\/wp-json\/wp\/v2\/product_cat?post=1208"},{"taxonomy":"product_tag","embeddable":true,"href":"https:\/\/mayarstyle.com\/fr\/wp-json\/wp\/v2\/product_tag?post=1208"}],"curies":[{"name":"wp","href":"https:\/\/api.w.org\/{rel}","templated":true}]}}