{"id":1214,"date":"2023-10-12T10:52:39","date_gmt":"2023-10-12T06:52:39","guid":{"rendered":"https:\/\/mayarstyle.com\/?post_type=product&#038;p=1214"},"modified":"2024-05-27T16:23:52","modified_gmt":"2024-05-27T12:23:52","slug":"majs0018","status":"publish","type":"product","link":"https:\/\/mayarstyle.com\/fr\/product\/majs0018\/","title":{"rendered":"MAJS0018"},"content":{"rendered":"<p>Ensemble Fusion Argent et Or : Fusionnant le meilleur des deux mondes, cet ensemble collier long et boucles d&#039;oreilles est plaqu\u00e9 en argent et en or, offrant un look polyvalent qui transcende l&#039;esth\u00e9tique traditionnelle et moderne. Orn\u00e9e de pierres de zircone color\u00e9es, c&#039;est une pi\u00e8ce rayonnante qui ajoute une touche de couleur et d&#039;\u00e9l\u00e9gance \u00e0 n&#039;importe quelle tenue.<\/p>","protected":false},"excerpt":{"rendered":"<p>Collier et boucles d&#039;oreilles longs traditionnels\/modernes plaqu\u00e9s argent et or avec zircone color\u00e9e <\/p>","protected":false},"featured_media":1215,"comment_status":"open","ping_status":"closed","template":"","meta":{"site-sidebar-layout":"default","site-content-layout":"default","ast-global-header-display":"","ast-banner-title-visibility":"","ast-main-header-display":"","ast-hfb-above-header-display":"","ast-hfb-below-header-display":"","ast-hfb-mobile-header-display":"","site-post-title":"","ast-breadcrumbs-content":"","ast-featured-img":"","footer-sml-layout":"","theme-transparent-header-meta":"default","adv-header-id-meta":"","stick-header-meta":"","header-above-stick-meta":"","header-main-stick-meta":"","header-below-stick-meta":""},"product_cat":[40],"product_tag":[],"_links":{"self":[{"href":"https:\/\/mayarstyle.com\/fr\/wp-json\/wp\/v2\/product\/1214"}],"collection":[{"href":"https:\/\/mayarstyle.com\/fr\/wp-json\/wp\/v2\/product"}],"about":[{"href":"https:\/\/mayarstyle.com\/fr\/wp-json\/wp\/v2\/types\/product"}],"replies":[{"embeddable":true,"href":"https:\/\/mayarstyle.com\/fr\/wp-json\/wp\/v2\/comments?post=1214"}],"version-history":[{"count":1,"href":"https:\/\/mayarstyle.com\/fr\/wp-json\/wp\/v2\/product\/1214\/revisions"}],"predecessor-version":[{"id":1222,"href":"https:\/\/mayarstyle.com\/fr\/wp-json\/wp\/v2\/product\/1214\/revisions\/1222"}],"wp:featuredmedia":[{"embeddable":true,"href":"https:\/\/mayarstyle.com\/fr\/wp-json\/wp\/v2\/media\/1215"}],"wp:attachment":[{"href":"https:\/\/mayarstyle.com\/fr\/wp-json\/wp\/v2\/media?parent=1214"}],"wp:term":[{"taxonomy":"product_cat","embeddable":true,"href":"https:\/\/mayarstyle.com\/fr\/wp-json\/wp\/v2\/product_cat?post=1214"},{"taxonomy":"product_tag","embeddable":true,"href":"https:\/\/mayarstyle.com\/fr\/wp-json\/wp\/v2\/product_tag?post=1214"}],"curies":[{"name":"wp","href":"https:\/\/api.w.org\/{rel}","templated":true}]}}