{"id":1223,"date":"2023-10-12T10:55:27","date_gmt":"2023-10-12T06:55:27","guid":{"rendered":"https:\/\/mayarstyle.com\/?post_type=product&#038;p=1223"},"modified":"2024-05-27T16:23:45","modified_gmt":"2024-05-27T12:23:45","slug":"mabbra0001","status":"publish","type":"product","link":"https:\/\/mayarstyle.com\/fr\/product\/mabbra0001\/","title":{"rendered":"MABBRA0001"},"content":{"rendered":"<p>Bracelet jonc en or de qualit\u00e9 sup\u00e9rieure : fabriqu\u00e9 avec pr\u00e9cision, ce bracelet jonc en or de haute qualit\u00e9 offre une taille libre, assurant \u00e9l\u00e9gance et confort \u00e0 chaque poignet. Une pi\u00e8ce intemporelle qui rayonne de sophistication, parfaite pour ceux qui appr\u00e9cient le luxe et le style.<\/p>","protected":false},"excerpt":{"rendered":"<p>Bracelet jonc en or de taille libre de haute qualit\u00e9 <\/p>","protected":false},"featured_media":1224,"comment_status":"open","ping_status":"closed","template":"","meta":{"site-sidebar-layout":"default","site-content-layout":"default","ast-global-header-display":"","ast-banner-title-visibility":"","ast-main-header-display":"","ast-hfb-above-header-display":"","ast-hfb-below-header-display":"","ast-hfb-mobile-header-display":"","site-post-title":"","ast-breadcrumbs-content":"","ast-featured-img":"","footer-sml-layout":"","theme-transparent-header-meta":"default","adv-header-id-meta":"","stick-header-meta":"","header-above-stick-meta":"","header-main-stick-meta":"","header-below-stick-meta":""},"product_cat":[35],"product_tag":[],"_links":{"self":[{"href":"https:\/\/mayarstyle.com\/fr\/wp-json\/wp\/v2\/product\/1223"}],"collection":[{"href":"https:\/\/mayarstyle.com\/fr\/wp-json\/wp\/v2\/product"}],"about":[{"href":"https:\/\/mayarstyle.com\/fr\/wp-json\/wp\/v2\/types\/product"}],"replies":[{"embeddable":true,"href":"https:\/\/mayarstyle.com\/fr\/wp-json\/wp\/v2\/comments?post=1223"}],"version-history":[{"count":1,"href":"https:\/\/mayarstyle.com\/fr\/wp-json\/wp\/v2\/product\/1223\/revisions"}],"predecessor-version":[{"id":1228,"href":"https:\/\/mayarstyle.com\/fr\/wp-json\/wp\/v2\/product\/1223\/revisions\/1228"}],"wp:featuredmedia":[{"embeddable":true,"href":"https:\/\/mayarstyle.com\/fr\/wp-json\/wp\/v2\/media\/1224"}],"wp:attachment":[{"href":"https:\/\/mayarstyle.com\/fr\/wp-json\/wp\/v2\/media?parent=1223"}],"wp:term":[{"taxonomy":"product_cat","embeddable":true,"href":"https:\/\/mayarstyle.com\/fr\/wp-json\/wp\/v2\/product_cat?post=1223"},{"taxonomy":"product_tag","embeddable":true,"href":"https:\/\/mayarstyle.com\/fr\/wp-json\/wp\/v2\/product_tag?post=1223"}],"curies":[{"name":"wp","href":"https:\/\/api.w.org\/{rel}","templated":true}]}}