{"id":1229,"date":"2023-10-12T10:58:41","date_gmt":"2023-10-12T06:58:41","guid":{"rendered":"https:\/\/mayarstyle.com\/?post_type=product&#038;p=1229"},"modified":"2024-05-27T16:23:39","modified_gmt":"2024-05-27T12:23:39","slug":"majs0019","status":"publish","type":"product","link":"https:\/\/mayarstyle.com\/fr\/product\/majs0019\/","title":{"rendered":"MAJS0019"},"content":{"rendered":"<p>Duo plaqu\u00e9 or : rehaussez votre collection de bijoux avec ce bracelet jonc r\u00e9glable et cette bague assortie, tous deux plaqu\u00e9s or brillant. Con\u00e7u pour la polyvalence et le confort, cet ensemble allie harmonieusement \u00e9l\u00e9gance et adaptabilit\u00e9, ce qui en fait un ajustement parfait pour toute occasion.<\/p>","protected":false},"excerpt":{"rendered":"<p>Bracelet jonc et bague r\u00e9glables plaqu\u00e9s or  <\/p>","protected":false},"featured_media":1230,"comment_status":"open","ping_status":"closed","template":"","meta":{"site-sidebar-layout":"default","site-content-layout":"default","ast-global-header-display":"","ast-banner-title-visibility":"","ast-main-header-display":"","ast-hfb-above-header-display":"","ast-hfb-below-header-display":"","ast-hfb-mobile-header-display":"","site-post-title":"","ast-breadcrumbs-content":"","ast-featured-img":"","footer-sml-layout":"","theme-transparent-header-meta":"default","adv-header-id-meta":"","stick-header-meta":"","header-above-stick-meta":"","header-main-stick-meta":"","header-below-stick-meta":""},"product_cat":[35,40],"product_tag":[],"_links":{"self":[{"href":"https:\/\/mayarstyle.com\/fr\/wp-json\/wp\/v2\/product\/1229"}],"collection":[{"href":"https:\/\/mayarstyle.com\/fr\/wp-json\/wp\/v2\/product"}],"about":[{"href":"https:\/\/mayarstyle.com\/fr\/wp-json\/wp\/v2\/types\/product"}],"replies":[{"embeddable":true,"href":"https:\/\/mayarstyle.com\/fr\/wp-json\/wp\/v2\/comments?post=1229"}],"version-history":[{"count":2,"href":"https:\/\/mayarstyle.com\/fr\/wp-json\/wp\/v2\/product\/1229\/revisions"}],"predecessor-version":[{"id":1475,"href":"https:\/\/mayarstyle.com\/fr\/wp-json\/wp\/v2\/product\/1229\/revisions\/1475"}],"wp:featuredmedia":[{"embeddable":true,"href":"https:\/\/mayarstyle.com\/fr\/wp-json\/wp\/v2\/media\/1230"}],"wp:attachment":[{"href":"https:\/\/mayarstyle.com\/fr\/wp-json\/wp\/v2\/media?parent=1229"}],"wp:term":[{"taxonomy":"product_cat","embeddable":true,"href":"https:\/\/mayarstyle.com\/fr\/wp-json\/wp\/v2\/product_cat?post=1229"},{"taxonomy":"product_tag","embeddable":true,"href":"https:\/\/mayarstyle.com\/fr\/wp-json\/wp\/v2\/product_tag?post=1229"}],"curies":[{"name":"wp","href":"https:\/\/api.w.org\/{rel}","templated":true}]}}