{"id":1233,"date":"2023-10-12T11:02:14","date_gmt":"2023-10-12T07:02:14","guid":{"rendered":"https:\/\/mayarstyle.com\/?post_type=product&#038;p=1233"},"modified":"2024-05-27T16:23:32","modified_gmt":"2024-05-27T12:23:32","slug":"majs0020","status":"publish","type":"product","link":"https:\/\/mayarstyle.com\/fr\/product\/majs0020\/","title":{"rendered":"MAJS0020"},"content":{"rendered":"<p>Ensemble du patrimoine bahre\u00efnien\u00a0: plongez dans les riches traditions de Bahre\u00efn avec ce bracelet plaqu\u00e9 or de style vintage et cette bague de taille unique. Orn\u00e9 d&#039;\u00e9l\u00e9ments turquoise et nacr\u00e9s, cet ensemble capture l&#039;essence de l&#039;\u00e9l\u00e9gance bahre\u00efnienne, ce qui en fait une pi\u00e8ce intemporelle pour ceux qui appr\u00e9cient la beaut\u00e9 culturelle et le savoir-faire.<\/p>","protected":false},"excerpt":{"rendered":"<p>Orn\u00e9 d&#039;\u00e9l\u00e9ments turquoise et perles<\/p>","protected":false},"featured_media":1234,"comment_status":"open","ping_status":"closed","template":"","meta":{"site-sidebar-layout":"default","site-content-layout":"default","ast-global-header-display":"","ast-banner-title-visibility":"","ast-main-header-display":"","ast-hfb-above-header-display":"","ast-hfb-below-header-display":"","ast-hfb-mobile-header-display":"","site-post-title":"","ast-breadcrumbs-content":"","ast-featured-img":"","footer-sml-layout":"","theme-transparent-header-meta":"default","adv-header-id-meta":"","stick-header-meta":"","header-above-stick-meta":"","header-main-stick-meta":"","header-below-stick-meta":""},"product_cat":[35,40],"product_tag":[],"_links":{"self":[{"href":"https:\/\/mayarstyle.com\/fr\/wp-json\/wp\/v2\/product\/1233"}],"collection":[{"href":"https:\/\/mayarstyle.com\/fr\/wp-json\/wp\/v2\/product"}],"about":[{"href":"https:\/\/mayarstyle.com\/fr\/wp-json\/wp\/v2\/types\/product"}],"replies":[{"embeddable":true,"href":"https:\/\/mayarstyle.com\/fr\/wp-json\/wp\/v2\/comments?post=1233"}],"version-history":[{"count":1,"href":"https:\/\/mayarstyle.com\/fr\/wp-json\/wp\/v2\/product\/1233\/revisions"}],"predecessor-version":[{"id":1239,"href":"https:\/\/mayarstyle.com\/fr\/wp-json\/wp\/v2\/product\/1233\/revisions\/1239"}],"wp:featuredmedia":[{"embeddable":true,"href":"https:\/\/mayarstyle.com\/fr\/wp-json\/wp\/v2\/media\/1234"}],"wp:attachment":[{"href":"https:\/\/mayarstyle.com\/fr\/wp-json\/wp\/v2\/media?parent=1233"}],"wp:term":[{"taxonomy":"product_cat","embeddable":true,"href":"https:\/\/mayarstyle.com\/fr\/wp-json\/wp\/v2\/product_cat?post=1233"},{"taxonomy":"product_tag","embeddable":true,"href":"https:\/\/mayarstyle.com\/fr\/wp-json\/wp\/v2\/product_tag?post=1233"}],"curies":[{"name":"wp","href":"https:\/\/api.w.org\/{rel}","templated":true}]}}