{"id":1240,"date":"2023-10-12T11:06:44","date_gmt":"2023-10-12T07:06:44","guid":{"rendered":"https:\/\/mayarstyle.com\/?post_type=product&#038;p=1240"},"modified":"2024-05-27T16:23:26","modified_gmt":"2024-05-27T12:23:26","slug":"mabbra0002","status":"publish","type":"product","link":"https:\/\/mayarstyle.com\/fr\/product\/mabbra0002\/","title":{"rendered":"MABBRA0002"},"content":{"rendered":"<p>Bracelet tennis plaqu\u00e9 argent : D\u00e9bordant d&#039;\u00e9l\u00e9gance et de brillance, ce bracelet tennis est confectionn\u00e9 avec un placage argent qui rehausse son \u00e9clat. Fabriqu\u00e9 avec des mat\u00e9riaux de haute qualit\u00e9, sa brillance est in\u00e9gal\u00e9e, ce qui en fait une pi\u00e8ce intemporelle pour ceux qui recherchent sophistication et luxe.<\/p>","protected":false},"excerpt":{"rendered":"<p>D\u00e9bordant d&#039;\u00e9l\u00e9gance et de brillance, ce bracelet tennis est confectionn\u00e9 en plaqu\u00e9 argent.<\/p>","protected":false},"featured_media":1241,"comment_status":"open","ping_status":"closed","template":"","meta":{"site-sidebar-layout":"default","site-content-layout":"default","ast-global-header-display":"","ast-banner-title-visibility":"","ast-main-header-display":"","ast-hfb-above-header-display":"","ast-hfb-below-header-display":"","ast-hfb-mobile-header-display":"","site-post-title":"","ast-breadcrumbs-content":"","ast-featured-img":"","footer-sml-layout":"","theme-transparent-header-meta":"default","adv-header-id-meta":"","stick-header-meta":"","header-above-stick-meta":"","header-main-stick-meta":"","header-below-stick-meta":""},"product_cat":[35],"product_tag":[],"_links":{"self":[{"href":"https:\/\/mayarstyle.com\/fr\/wp-json\/wp\/v2\/product\/1240"}],"collection":[{"href":"https:\/\/mayarstyle.com\/fr\/wp-json\/wp\/v2\/product"}],"about":[{"href":"https:\/\/mayarstyle.com\/fr\/wp-json\/wp\/v2\/types\/product"}],"replies":[{"embeddable":true,"href":"https:\/\/mayarstyle.com\/fr\/wp-json\/wp\/v2\/comments?post=1240"}],"version-history":[{"count":1,"href":"https:\/\/mayarstyle.com\/fr\/wp-json\/wp\/v2\/product\/1240\/revisions"}],"predecessor-version":[{"id":1243,"href":"https:\/\/mayarstyle.com\/fr\/wp-json\/wp\/v2\/product\/1240\/revisions\/1243"}],"wp:featuredmedia":[{"embeddable":true,"href":"https:\/\/mayarstyle.com\/fr\/wp-json\/wp\/v2\/media\/1241"}],"wp:attachment":[{"href":"https:\/\/mayarstyle.com\/fr\/wp-json\/wp\/v2\/media?parent=1240"}],"wp:term":[{"taxonomy":"product_cat","embeddable":true,"href":"https:\/\/mayarstyle.com\/fr\/wp-json\/wp\/v2\/product_cat?post=1240"},{"taxonomy":"product_tag","embeddable":true,"href":"https:\/\/mayarstyle.com\/fr\/wp-json\/wp\/v2\/product_tag?post=1240"}],"curies":[{"name":"wp","href":"https:\/\/api.w.org\/{rel}","templated":true}]}}