{"id":1244,"date":"2023-10-12T11:14:00","date_gmt":"2023-10-12T07:14:00","guid":{"rendered":"https:\/\/mayarstyle.com\/?post_type=product&#038;p=1244"},"modified":"2024-05-27T16:23:18","modified_gmt":"2024-05-27T12:23:18","slug":"majs0021","status":"publish","type":"product","link":"https:\/\/mayarstyle.com\/fr\/product\/majs0021\/","title":{"rendered":"MAJS0021"},"content":{"rendered":"<p>Ensemble \u00c9l\u00e9gance Mosa\u00efque\u00a0: S&#039;inspirant de motifs de mosa\u00efque complexes, ce duo de bracelets et de bagues de taille libre est un t\u00e9moignage du talent artistique et de l&#039;artisanat. Plaqu\u00e9 en or et en argent et orn\u00e9 de pierres de zircone rayonnantes, cet ensemble allie harmonieusement tradition et \u00e9l\u00e9gance moderne, ce qui en fait une pi\u00e8ce remarquable pour toute collection de bijoux.<\/p>","protected":false},"excerpt":{"rendered":"<p>Ce duo de bracelet et de bague de taille unique est un t\u00e9moignage de savoir-faire artistique et artisanal.<\/p>","protected":false},"featured_media":1245,"comment_status":"open","ping_status":"closed","template":"","meta":{"site-sidebar-layout":"default","site-content-layout":"default","ast-global-header-display":"","ast-banner-title-visibility":"","ast-main-header-display":"","ast-hfb-above-header-display":"","ast-hfb-below-header-display":"","ast-hfb-mobile-header-display":"","site-post-title":"","ast-breadcrumbs-content":"","ast-featured-img":"","footer-sml-layout":"","theme-transparent-header-meta":"default","adv-header-id-meta":"","stick-header-meta":"","header-above-stick-meta":"","header-main-stick-meta":"","header-below-stick-meta":""},"product_cat":[35,40],"product_tag":[],"_links":{"self":[{"href":"https:\/\/mayarstyle.com\/fr\/wp-json\/wp\/v2\/product\/1244"}],"collection":[{"href":"https:\/\/mayarstyle.com\/fr\/wp-json\/wp\/v2\/product"}],"about":[{"href":"https:\/\/mayarstyle.com\/fr\/wp-json\/wp\/v2\/types\/product"}],"replies":[{"embeddable":true,"href":"https:\/\/mayarstyle.com\/fr\/wp-json\/wp\/v2\/comments?post=1244"}],"version-history":[{"count":1,"href":"https:\/\/mayarstyle.com\/fr\/wp-json\/wp\/v2\/product\/1244\/revisions"}],"predecessor-version":[{"id":1252,"href":"https:\/\/mayarstyle.com\/fr\/wp-json\/wp\/v2\/product\/1244\/revisions\/1252"}],"wp:featuredmedia":[{"embeddable":true,"href":"https:\/\/mayarstyle.com\/fr\/wp-json\/wp\/v2\/media\/1245"}],"wp:attachment":[{"href":"https:\/\/mayarstyle.com\/fr\/wp-json\/wp\/v2\/media?parent=1244"}],"wp:term":[{"taxonomy":"product_cat","embeddable":true,"href":"https:\/\/mayarstyle.com\/fr\/wp-json\/wp\/v2\/product_cat?post=1244"},{"taxonomy":"product_tag","embeddable":true,"href":"https:\/\/mayarstyle.com\/fr\/wp-json\/wp\/v2\/product_tag?post=1244"}],"curies":[{"name":"wp","href":"https:\/\/api.w.org\/{rel}","templated":true}]}}