{"id":1253,"date":"2023-10-12T11:16:25","date_gmt":"2023-10-12T07:16:25","guid":{"rendered":"https:\/\/mayarstyle.com\/?post_type=product&#038;p=1253"},"modified":"2024-05-27T16:23:10","modified_gmt":"2024-05-27T12:23:10","slug":"majs0022","status":"publish","type":"product","link":"https:\/\/mayarstyle.com\/fr\/product\/majs0022\/","title":{"rendered":"MAJS0022"},"content":{"rendered":"<p>Ensemble Glamour Vintage : Plongez dans l&#039;\u00e9l\u00e9gance d&#039;antan avec cet ensemble bague et bracelet jonc de haute qualit\u00e9. Incrust\u00e9 d&#039;une gamme compl\u00e8te de pierres de zircone scintillantes et plaqu\u00e9 en argent et en or, ce duo en taille libre capture l&#039;essence du luxe vintage, ce qui en fait un ajout intemporel pour ceux qui appr\u00e9cient le charme classique avec une touche d&#039;\u00e9clat moderne.<\/p>","protected":false},"excerpt":{"rendered":"<p>Bague et bracelet jonc plaqu\u00e9s argent et or avec pierres de zircone de haute qualit\u00e9 de style Vitage. Taille libre<\/p>","protected":false},"featured_media":1254,"comment_status":"open","ping_status":"closed","template":"","meta":{"site-sidebar-layout":"default","site-content-layout":"default","ast-global-header-display":"","ast-banner-title-visibility":"","ast-main-header-display":"","ast-hfb-above-header-display":"","ast-hfb-below-header-display":"","ast-hfb-mobile-header-display":"","site-post-title":"","ast-breadcrumbs-content":"","ast-featured-img":"","footer-sml-layout":"","theme-transparent-header-meta":"default","adv-header-id-meta":"","stick-header-meta":"","header-above-stick-meta":"","header-main-stick-meta":"","header-below-stick-meta":""},"product_cat":[35,40],"product_tag":[],"_links":{"self":[{"href":"https:\/\/mayarstyle.com\/fr\/wp-json\/wp\/v2\/product\/1253"}],"collection":[{"href":"https:\/\/mayarstyle.com\/fr\/wp-json\/wp\/v2\/product"}],"about":[{"href":"https:\/\/mayarstyle.com\/fr\/wp-json\/wp\/v2\/types\/product"}],"replies":[{"embeddable":true,"href":"https:\/\/mayarstyle.com\/fr\/wp-json\/wp\/v2\/comments?post=1253"}],"version-history":[{"count":1,"href":"https:\/\/mayarstyle.com\/fr\/wp-json\/wp\/v2\/product\/1253\/revisions"}],"predecessor-version":[{"id":1256,"href":"https:\/\/mayarstyle.com\/fr\/wp-json\/wp\/v2\/product\/1253\/revisions\/1256"}],"wp:featuredmedia":[{"embeddable":true,"href":"https:\/\/mayarstyle.com\/fr\/wp-json\/wp\/v2\/media\/1254"}],"wp:attachment":[{"href":"https:\/\/mayarstyle.com\/fr\/wp-json\/wp\/v2\/media?parent=1253"}],"wp:term":[{"taxonomy":"product_cat","embeddable":true,"href":"https:\/\/mayarstyle.com\/fr\/wp-json\/wp\/v2\/product_cat?post=1253"},{"taxonomy":"product_tag","embeddable":true,"href":"https:\/\/mayarstyle.com\/fr\/wp-json\/wp\/v2\/product_tag?post=1253"}],"curies":[{"name":"wp","href":"https:\/\/api.w.org\/{rel}","templated":true}]}}