{"id":1257,"date":"2023-10-12T11:21:41","date_gmt":"2023-10-12T07:21:41","guid":{"rendered":"https:\/\/mayarstyle.com\/?post_type=product&#038;p=1257"},"modified":"2024-05-27T16:23:02","modified_gmt":"2024-05-27T12:23:02","slug":"majs0023","status":"publish","type":"product","link":"https:\/\/mayarstyle.com\/fr\/product\/majs0023\/","title":{"rendered":"MAJS0023"},"content":{"rendered":"<p>Ensemble tradition et modernit\u00e9\u00a0: ce duo de bracelet et de bague allie harmonieusement l&#039;esth\u00e9tique traditionnelle au design contemporain. Enti\u00e8rement orn\u00e9 de pierres scintillantes et compl\u00e9t\u00e9 par un trio de perles bleues, dor\u00e9es et blanches, cet ensemble en taille libre t\u00e9moigne d&#039;une \u00e9l\u00e9gance intemporelle, parfait pour celles qui appr\u00e9cient une fusion harmonieuse de l&#039;ancien et du nouveau.<\/p>","protected":false},"excerpt":{"rendered":"<p>Cet ensemble en taille libre t\u00e9moigne d&#039;une \u00e9l\u00e9gance intemporelle, parfait pour ceux qui appr\u00e9cient une fusion harmonieuse de l&#039;ancien et du nouveau.<\/p>","protected":false},"featured_media":1258,"comment_status":"open","ping_status":"closed","template":"","meta":{"site-sidebar-layout":"default","site-content-layout":"default","ast-global-header-display":"","ast-banner-title-visibility":"","ast-main-header-display":"","ast-hfb-above-header-display":"","ast-hfb-below-header-display":"","ast-hfb-mobile-header-display":"","site-post-title":"","ast-breadcrumbs-content":"","ast-featured-img":"","footer-sml-layout":"","theme-transparent-header-meta":"default","adv-header-id-meta":"","stick-header-meta":"","header-above-stick-meta":"","header-main-stick-meta":"","header-below-stick-meta":""},"product_cat":[35,40],"product_tag":[],"_links":{"self":[{"href":"https:\/\/mayarstyle.com\/fr\/wp-json\/wp\/v2\/product\/1257"}],"collection":[{"href":"https:\/\/mayarstyle.com\/fr\/wp-json\/wp\/v2\/product"}],"about":[{"href":"https:\/\/mayarstyle.com\/fr\/wp-json\/wp\/v2\/types\/product"}],"replies":[{"embeddable":true,"href":"https:\/\/mayarstyle.com\/fr\/wp-json\/wp\/v2\/comments?post=1257"}],"version-history":[{"count":1,"href":"https:\/\/mayarstyle.com\/fr\/wp-json\/wp\/v2\/product\/1257\/revisions"}],"predecessor-version":[{"id":1264,"href":"https:\/\/mayarstyle.com\/fr\/wp-json\/wp\/v2\/product\/1257\/revisions\/1264"}],"wp:featuredmedia":[{"embeddable":true,"href":"https:\/\/mayarstyle.com\/fr\/wp-json\/wp\/v2\/media\/1258"}],"wp:attachment":[{"href":"https:\/\/mayarstyle.com\/fr\/wp-json\/wp\/v2\/media?parent=1257"}],"wp:term":[{"taxonomy":"product_cat","embeddable":true,"href":"https:\/\/mayarstyle.com\/fr\/wp-json\/wp\/v2\/product_cat?post=1257"},{"taxonomy":"product_tag","embeddable":true,"href":"https:\/\/mayarstyle.com\/fr\/wp-json\/wp\/v2\/product_tag?post=1257"}],"curies":[{"name":"wp","href":"https:\/\/api.w.org\/{rel}","templated":true}]}}