{"id":1268,"date":"2023-10-12T11:31:48","date_gmt":"2023-10-12T07:31:48","guid":{"rendered":"https:\/\/mayarstyle.com\/?post_type=product&#038;p=1268"},"modified":"2024-05-27T16:22:47","modified_gmt":"2024-05-27T12:22:47","slug":"majs0024","status":"publish","type":"product","link":"https:\/\/mayarstyle.com\/fr\/product\/majs0024\/","title":{"rendered":"MAJS0024"},"content":{"rendered":"<p>Ensemble Golden Elegance\u00a0: D\u00e9lectez-vous du luxe de cet ensemble bracelet jonc et bague en plaqu\u00e9 or. Fabriqu\u00e9 avec des mat\u00e9riaux de haute qualit\u00e9 et orn\u00e9 de perles dor\u00e9es faites \u00e0 la main, ce duo en taille libre respire la sophistication et le charme artisanal, ce qui en fait un ajout intemporel pour ceux qui recherchent une touche d&#039;opulence dans leur collection de bijoux.<\/p>","protected":false},"excerpt":{"rendered":"<p>D\u00e9lectez-vous du luxe de cet ensemble bracelet jonc et bague en plaqu\u00e9 or.<\/p>","protected":false},"featured_media":1269,"comment_status":"open","ping_status":"closed","template":"","meta":{"site-sidebar-layout":"default","site-content-layout":"default","ast-global-header-display":"","ast-banner-title-visibility":"","ast-main-header-display":"","ast-hfb-above-header-display":"","ast-hfb-below-header-display":"","ast-hfb-mobile-header-display":"","site-post-title":"","ast-breadcrumbs-content":"","ast-featured-img":"","footer-sml-layout":"","theme-transparent-header-meta":"default","adv-header-id-meta":"","stick-header-meta":"","header-above-stick-meta":"","header-main-stick-meta":"","header-below-stick-meta":""},"product_cat":[35,40],"product_tag":[],"_links":{"self":[{"href":"https:\/\/mayarstyle.com\/fr\/wp-json\/wp\/v2\/product\/1268"}],"collection":[{"href":"https:\/\/mayarstyle.com\/fr\/wp-json\/wp\/v2\/product"}],"about":[{"href":"https:\/\/mayarstyle.com\/fr\/wp-json\/wp\/v2\/types\/product"}],"replies":[{"embeddable":true,"href":"https:\/\/mayarstyle.com\/fr\/wp-json\/wp\/v2\/comments?post=1268"}],"version-history":[{"count":1,"href":"https:\/\/mayarstyle.com\/fr\/wp-json\/wp\/v2\/product\/1268\/revisions"}],"predecessor-version":[{"id":1274,"href":"https:\/\/mayarstyle.com\/fr\/wp-json\/wp\/v2\/product\/1268\/revisions\/1274"}],"wp:featuredmedia":[{"embeddable":true,"href":"https:\/\/mayarstyle.com\/fr\/wp-json\/wp\/v2\/media\/1269"}],"wp:attachment":[{"href":"https:\/\/mayarstyle.com\/fr\/wp-json\/wp\/v2\/media?parent=1268"}],"wp:term":[{"taxonomy":"product_cat","embeddable":true,"href":"https:\/\/mayarstyle.com\/fr\/wp-json\/wp\/v2\/product_cat?post=1268"},{"taxonomy":"product_tag","embeddable":true,"href":"https:\/\/mayarstyle.com\/fr\/wp-json\/wp\/v2\/product_tag?post=1268"}],"curies":[{"name":"wp","href":"https:\/\/api.w.org\/{rel}","templated":true}]}}