{"id":1275,"date":"2023-10-12T11:34:47","date_gmt":"2023-10-12T07:34:47","guid":{"rendered":"https:\/\/mayarstyle.com\/?post_type=product&#038;p=1275"},"modified":"2025-05-19T17:01:12","modified_gmt":"2025-05-19T13:01:12","slug":"mabbra0003","status":"publish","type":"product","link":"https:\/\/mayarstyle.com\/fr\/product\/mabbra0003\/","title":{"rendered":"MABBRA0003"},"content":{"rendered":"<p>Bracelet \u00e9l\u00e9gance florale : plongez dans un design inspir\u00e9 de la nature avec ce bracelet jonc unique sur le th\u00e8me des fleurs. Plaqu\u00e9e or et con\u00e7ue pour s&#039;adapter \u00e0 tous les poignets, cette pi\u00e8ce en taille libre se distingue comme un t\u00e9moignage de beaut\u00e9 et de sophistication intemporelles.<\/p>","protected":false},"excerpt":{"rendered":"<p>Bracelet jonc plaqu\u00e9 or fleur unique. Taille libre<\/p>","protected":false},"featured_media":1276,"comment_status":"open","ping_status":"closed","template":"","meta":{"site-sidebar-layout":"default","site-content-layout":"default","ast-global-header-display":"","ast-banner-title-visibility":"","ast-main-header-display":"","ast-hfb-above-header-display":"","ast-hfb-below-header-display":"","ast-hfb-mobile-header-display":"","site-post-title":"","ast-breadcrumbs-content":"","ast-featured-img":"","footer-sml-layout":"","theme-transparent-header-meta":"default","adv-header-id-meta":"","stick-header-meta":"","header-above-stick-meta":"","header-main-stick-meta":"","header-below-stick-meta":""},"product_cat":[35],"product_tag":[],"_links":{"self":[{"href":"https:\/\/mayarstyle.com\/fr\/wp-json\/wp\/v2\/product\/1275"}],"collection":[{"href":"https:\/\/mayarstyle.com\/fr\/wp-json\/wp\/v2\/product"}],"about":[{"href":"https:\/\/mayarstyle.com\/fr\/wp-json\/wp\/v2\/types\/product"}],"replies":[{"embeddable":true,"href":"https:\/\/mayarstyle.com\/fr\/wp-json\/wp\/v2\/comments?post=1275"}],"version-history":[{"count":1,"href":"https:\/\/mayarstyle.com\/fr\/wp-json\/wp\/v2\/product\/1275\/revisions"}],"predecessor-version":[{"id":1279,"href":"https:\/\/mayarstyle.com\/fr\/wp-json\/wp\/v2\/product\/1275\/revisions\/1279"}],"wp:featuredmedia":[{"embeddable":true,"href":"https:\/\/mayarstyle.com\/fr\/wp-json\/wp\/v2\/media\/1276"}],"wp:attachment":[{"href":"https:\/\/mayarstyle.com\/fr\/wp-json\/wp\/v2\/media?parent=1275"}],"wp:term":[{"taxonomy":"product_cat","embeddable":true,"href":"https:\/\/mayarstyle.com\/fr\/wp-json\/wp\/v2\/product_cat?post=1275"},{"taxonomy":"product_tag","embeddable":true,"href":"https:\/\/mayarstyle.com\/fr\/wp-json\/wp\/v2\/product_tag?post=1275"}],"curies":[{"name":"wp","href":"https:\/\/api.w.org\/{rel}","templated":true}]}}