{"id":1280,"date":"2023-10-12T11:37:07","date_gmt":"2023-10-12T07:37:07","guid":{"rendered":"https:\/\/mayarstyle.com\/?post_type=product&#038;p=1280"},"modified":"2024-05-27T16:22:35","modified_gmt":"2024-05-27T12:22:35","slug":"majs0025","status":"publish","type":"product","link":"https:\/\/mayarstyle.com\/fr\/product\/majs0025\/","title":{"rendered":"MAJS0025"},"content":{"rendered":"<p>Ensemble de charme du patrimoine\u00a0: adoptez le charme d&#039;antan avec ce bracelet jonc vintage traditionnel, orn\u00e9 d&#039;\u00e9l\u00e9ments de perles et de pi\u00e8ces de monnaie. Associ\u00e9 \u00e0 une bague plaqu\u00e9e or, cet ensemble en taille libre capture l&#039;essence de l&#039;\u00e9l\u00e9gance intemporelle, ce qui en fait un ajout pr\u00e9cieux pour ceux qui appr\u00e9cient la beaut\u00e9 et le savoir-faire classiques.<\/p>","protected":false},"excerpt":{"rendered":"<p>Bracelet jonc traditionnel avec \u00e9l\u00e9ment de perle et de pi\u00e8ce de monnaie + bague plaqu\u00e9e or. Taille libre<\/p>","protected":false},"featured_media":1281,"comment_status":"open","ping_status":"closed","template":"","meta":{"site-sidebar-layout":"default","site-content-layout":"default","ast-global-header-display":"","ast-banner-title-visibility":"","ast-main-header-display":"","ast-hfb-above-header-display":"","ast-hfb-below-header-display":"","ast-hfb-mobile-header-display":"","site-post-title":"","ast-breadcrumbs-content":"","ast-featured-img":"","footer-sml-layout":"","theme-transparent-header-meta":"default","adv-header-id-meta":"","stick-header-meta":"","header-above-stick-meta":"","header-main-stick-meta":"","header-below-stick-meta":""},"product_cat":[35,40],"product_tag":[],"_links":{"self":[{"href":"https:\/\/mayarstyle.com\/fr\/wp-json\/wp\/v2\/product\/1280"}],"collection":[{"href":"https:\/\/mayarstyle.com\/fr\/wp-json\/wp\/v2\/product"}],"about":[{"href":"https:\/\/mayarstyle.com\/fr\/wp-json\/wp\/v2\/types\/product"}],"replies":[{"embeddable":true,"href":"https:\/\/mayarstyle.com\/fr\/wp-json\/wp\/v2\/comments?post=1280"}],"version-history":[{"count":1,"href":"https:\/\/mayarstyle.com\/fr\/wp-json\/wp\/v2\/product\/1280\/revisions"}],"predecessor-version":[{"id":1284,"href":"https:\/\/mayarstyle.com\/fr\/wp-json\/wp\/v2\/product\/1280\/revisions\/1284"}],"wp:featuredmedia":[{"embeddable":true,"href":"https:\/\/mayarstyle.com\/fr\/wp-json\/wp\/v2\/media\/1281"}],"wp:attachment":[{"href":"https:\/\/mayarstyle.com\/fr\/wp-json\/wp\/v2\/media?parent=1280"}],"wp:term":[{"taxonomy":"product_cat","embeddable":true,"href":"https:\/\/mayarstyle.com\/fr\/wp-json\/wp\/v2\/product_cat?post=1280"},{"taxonomy":"product_tag","embeddable":true,"href":"https:\/\/mayarstyle.com\/fr\/wp-json\/wp\/v2\/product_tag?post=1280"}],"curies":[{"name":"wp","href":"https:\/\/api.w.org\/{rel}","templated":true}]}}