{"id":1285,"date":"2023-10-12T11:41:03","date_gmt":"2023-10-12T07:41:03","guid":{"rendered":"https:\/\/mayarstyle.com\/?post_type=product&#038;p=1285"},"modified":"2024-05-27T16:22:28","modified_gmt":"2024-05-27T12:22:28","slug":"majs0026","status":"publish","type":"product","link":"https:\/\/mayarstyle.com\/fr\/product\/majs0026\/","title":{"rendered":"MAJS0026"},"content":{"rendered":"<p>Ensemble \u00c9l\u00e9gance Moderne\u00a0: Entrez dans le luxe contemporain avec ce duo de bracelet jonc et de bague en plaqu\u00e9 or. Orn\u00e9 de perles argent\u00e9es, cet ensemble taille libre offre un m\u00e9lange harmonieux de design moderne et d&#039;\u00e9l\u00e9ments classiques, ce qui en fait une pi\u00e8ce remarquable pour ceux qui appr\u00e9cient \u00e0 la fois l&#039;intemporalit\u00e9 et la tendance.<\/p>","protected":false},"excerpt":{"rendered":"<p>Bracelet jonc moderne plaqu\u00e9 or + bague avec perle d&#039;argent. Taille libre <\/p>","protected":false},"featured_media":1286,"comment_status":"open","ping_status":"closed","template":"","meta":{"site-sidebar-layout":"default","site-content-layout":"default","ast-global-header-display":"","ast-banner-title-visibility":"","ast-main-header-display":"","ast-hfb-above-header-display":"","ast-hfb-below-header-display":"","ast-hfb-mobile-header-display":"","site-post-title":"","ast-breadcrumbs-content":"","ast-featured-img":"","footer-sml-layout":"","theme-transparent-header-meta":"default","adv-header-id-meta":"","stick-header-meta":"","header-above-stick-meta":"","header-main-stick-meta":"","header-below-stick-meta":""},"product_cat":[35,40],"product_tag":[],"_links":{"self":[{"href":"https:\/\/mayarstyle.com\/fr\/wp-json\/wp\/v2\/product\/1285"}],"collection":[{"href":"https:\/\/mayarstyle.com\/fr\/wp-json\/wp\/v2\/product"}],"about":[{"href":"https:\/\/mayarstyle.com\/fr\/wp-json\/wp\/v2\/types\/product"}],"replies":[{"embeddable":true,"href":"https:\/\/mayarstyle.com\/fr\/wp-json\/wp\/v2\/comments?post=1285"}],"version-history":[{"count":1,"href":"https:\/\/mayarstyle.com\/fr\/wp-json\/wp\/v2\/product\/1285\/revisions"}],"predecessor-version":[{"id":1293,"href":"https:\/\/mayarstyle.com\/fr\/wp-json\/wp\/v2\/product\/1285\/revisions\/1293"}],"wp:featuredmedia":[{"embeddable":true,"href":"https:\/\/mayarstyle.com\/fr\/wp-json\/wp\/v2\/media\/1286"}],"wp:attachment":[{"href":"https:\/\/mayarstyle.com\/fr\/wp-json\/wp\/v2\/media?parent=1285"}],"wp:term":[{"taxonomy":"product_cat","embeddable":true,"href":"https:\/\/mayarstyle.com\/fr\/wp-json\/wp\/v2\/product_cat?post=1285"},{"taxonomy":"product_tag","embeddable":true,"href":"https:\/\/mayarstyle.com\/fr\/wp-json\/wp\/v2\/product_tag?post=1285"}],"curies":[{"name":"wp","href":"https:\/\/api.w.org\/{rel}","templated":true}]}}