{"id":1295,"date":"2023-10-12T11:47:38","date_gmt":"2023-10-12T07:47:38","guid":{"rendered":"https:\/\/mayarstyle.com\/?post_type=product&#038;p=1295"},"modified":"2024-05-27T16:22:19","modified_gmt":"2024-05-27T12:22:19","slug":"mabbra0004","status":"publish","type":"product","link":"https:\/\/mayarstyle.com\/fr\/product\/mabbra0004\/","title":{"rendered":"MABBRA0004"},"content":{"rendered":"<p>Bracelet en zircone \u00e9blouissant\u00a0: fabriqu\u00e9 avec pr\u00e9cision, ce bracelet est plaqu\u00e9 de zircones rayonnantes, mettant en valeur des pierres de haute qualit\u00e9 qui \u00e9mettent un \u00e9clat in\u00e9gal\u00e9. Con\u00e7ue pour s&#039;adapter \u00e0 tous les poignets, cette pi\u00e8ce en taille libre est un t\u00e9moignage de luxe et d&#039;\u00e9l\u00e9gance, parfaite pour celles qui recherchent des bijoux remarquables.<\/p>","protected":false},"excerpt":{"rendered":"<p>Bracelet plaqu\u00e9 zircone. Pierres et brillance de haute qualit\u00e9. Taille libre<\/p>","protected":false},"featured_media":1296,"comment_status":"open","ping_status":"closed","template":"","meta":{"site-sidebar-layout":"default","site-content-layout":"default","ast-global-header-display":"","ast-banner-title-visibility":"","ast-main-header-display":"","ast-hfb-above-header-display":"","ast-hfb-below-header-display":"","ast-hfb-mobile-header-display":"","site-post-title":"","ast-breadcrumbs-content":"","ast-featured-img":"","footer-sml-layout":"","theme-transparent-header-meta":"default","adv-header-id-meta":"","stick-header-meta":"","header-above-stick-meta":"","header-main-stick-meta":"","header-below-stick-meta":""},"product_cat":[35],"product_tag":[],"_links":{"self":[{"href":"https:\/\/mayarstyle.com\/fr\/wp-json\/wp\/v2\/product\/1295"}],"collection":[{"href":"https:\/\/mayarstyle.com\/fr\/wp-json\/wp\/v2\/product"}],"about":[{"href":"https:\/\/mayarstyle.com\/fr\/wp-json\/wp\/v2\/types\/product"}],"replies":[{"embeddable":true,"href":"https:\/\/mayarstyle.com\/fr\/wp-json\/wp\/v2\/comments?post=1295"}],"version-history":[{"count":1,"href":"https:\/\/mayarstyle.com\/fr\/wp-json\/wp\/v2\/product\/1295\/revisions"}],"predecessor-version":[{"id":1303,"href":"https:\/\/mayarstyle.com\/fr\/wp-json\/wp\/v2\/product\/1295\/revisions\/1303"}],"wp:featuredmedia":[{"embeddable":true,"href":"https:\/\/mayarstyle.com\/fr\/wp-json\/wp\/v2\/media\/1296"}],"wp:attachment":[{"href":"https:\/\/mayarstyle.com\/fr\/wp-json\/wp\/v2\/media?parent=1295"}],"wp:term":[{"taxonomy":"product_cat","embeddable":true,"href":"https:\/\/mayarstyle.com\/fr\/wp-json\/wp\/v2\/product_cat?post=1295"},{"taxonomy":"product_tag","embeddable":true,"href":"https:\/\/mayarstyle.com\/fr\/wp-json\/wp\/v2\/product_tag?post=1295"}],"curies":[{"name":"wp","href":"https:\/\/api.w.org\/{rel}","templated":true}]}}