{"id":1304,"date":"2023-10-12T11:51:35","date_gmt":"2023-10-12T07:51:35","guid":{"rendered":"https:\/\/mayarstyle.com\/?post_type=product&#038;p=1304"},"modified":"2024-05-27T16:22:12","modified_gmt":"2024-05-27T12:22:12","slug":"mabbra0005","status":"publish","type":"product","link":"https:\/\/mayarstyle.com\/fr\/product\/mabbra0005\/","title":{"rendered":"MABBRA0005"},"content":{"rendered":"<p>Bracelet jonc Golden Allure\u00a0: Plongez dans un monde d&#039;opulence avec ce bracelet jonc plaqu\u00e9 or au design unique. Orn\u00e9e d&#039;un m\u00e9lange harmonieux de teintes dor\u00e9es et rouges riches, cette pi\u00e8ce en taille libre se distingue comme un t\u00e9moignage d&#039;\u00e9l\u00e9gance et de talent artistique intemporels, parfaite pour ceux qui appr\u00e9cient les bijoux qui font sensation.<\/p>","protected":false},"excerpt":{"rendered":"<p>Bracelet jonc plaqu\u00e9 or design unique taille unique, couleur dor\u00e9e et rouge <\/p>","protected":false},"featured_media":1305,"comment_status":"open","ping_status":"closed","template":"","meta":{"site-sidebar-layout":"default","site-content-layout":"default","ast-global-header-display":"","ast-banner-title-visibility":"","ast-main-header-display":"","ast-hfb-above-header-display":"","ast-hfb-below-header-display":"","ast-hfb-mobile-header-display":"","site-post-title":"","ast-breadcrumbs-content":"","ast-featured-img":"","footer-sml-layout":"","theme-transparent-header-meta":"default","adv-header-id-meta":"","stick-header-meta":"","header-above-stick-meta":"","header-main-stick-meta":"","header-below-stick-meta":""},"product_cat":[35],"product_tag":[],"_links":{"self":[{"href":"https:\/\/mayarstyle.com\/fr\/wp-json\/wp\/v2\/product\/1304"}],"collection":[{"href":"https:\/\/mayarstyle.com\/fr\/wp-json\/wp\/v2\/product"}],"about":[{"href":"https:\/\/mayarstyle.com\/fr\/wp-json\/wp\/v2\/types\/product"}],"replies":[{"embeddable":true,"href":"https:\/\/mayarstyle.com\/fr\/wp-json\/wp\/v2\/comments?post=1304"}],"version-history":[{"count":1,"href":"https:\/\/mayarstyle.com\/fr\/wp-json\/wp\/v2\/product\/1304\/revisions"}],"predecessor-version":[{"id":1311,"href":"https:\/\/mayarstyle.com\/fr\/wp-json\/wp\/v2\/product\/1304\/revisions\/1311"}],"wp:featuredmedia":[{"embeddable":true,"href":"https:\/\/mayarstyle.com\/fr\/wp-json\/wp\/v2\/media\/1305"}],"wp:attachment":[{"href":"https:\/\/mayarstyle.com\/fr\/wp-json\/wp\/v2\/media?parent=1304"}],"wp:term":[{"taxonomy":"product_cat","embeddable":true,"href":"https:\/\/mayarstyle.com\/fr\/wp-json\/wp\/v2\/product_cat?post=1304"},{"taxonomy":"product_tag","embeddable":true,"href":"https:\/\/mayarstyle.com\/fr\/wp-json\/wp\/v2\/product_tag?post=1304"}],"curies":[{"name":"wp","href":"https:\/\/api.w.org\/{rel}","templated":true}]}}