{"id":1320,"date":"2023-10-12T11:59:36","date_gmt":"2023-10-12T07:59:36","guid":{"rendered":"https:\/\/mayarstyle.com\/?post_type=product&#038;p=1320"},"modified":"2024-05-27T16:21:57","modified_gmt":"2024-05-27T12:21:57","slug":"mabbra0007","status":"publish","type":"product","link":"https:\/\/mayarstyle.com\/fr\/product\/mabbra0007\/","title":{"rendered":"MABBRA0007"},"content":{"rendered":"<p>Ensemble S\u00e9r\u00e9nit\u00e9 Turquoise\u00a0: Plongez dans un m\u00e9lange de beaut\u00e9 et d&#039;unicit\u00e9 avec ce duo de bracelet jonc et de bague. Orn\u00e9 de tons blancs sereins et turquoise vibrants, cet ensemble en taille libre se distingue par son design distinctif, ce qui en fait une pi\u00e8ce ch\u00e9rie pour ceux qui appr\u00e9cient les bijoux qui racontent une histoire.<\/p>","protected":false},"excerpt":{"rendered":"<p>Magnifique et unique bracelet jonc + bague de couleur blanche et turquoise. Taille libre <\/p>","protected":false},"featured_media":1321,"comment_status":"open","ping_status":"closed","template":"","meta":{"site-sidebar-layout":"default","site-content-layout":"default","ast-global-header-display":"","ast-banner-title-visibility":"","ast-main-header-display":"","ast-hfb-above-header-display":"","ast-hfb-below-header-display":"","ast-hfb-mobile-header-display":"","site-post-title":"","ast-breadcrumbs-content":"","ast-featured-img":"","footer-sml-layout":"","theme-transparent-header-meta":"default","adv-header-id-meta":"","stick-header-meta":"","header-above-stick-meta":"","header-main-stick-meta":"","header-below-stick-meta":""},"product_cat":[35],"product_tag":[],"_links":{"self":[{"href":"https:\/\/mayarstyle.com\/fr\/wp-json\/wp\/v2\/product\/1320"}],"collection":[{"href":"https:\/\/mayarstyle.com\/fr\/wp-json\/wp\/v2\/product"}],"about":[{"href":"https:\/\/mayarstyle.com\/fr\/wp-json\/wp\/v2\/types\/product"}],"replies":[{"embeddable":true,"href":"https:\/\/mayarstyle.com\/fr\/wp-json\/wp\/v2\/comments?post=1320"}],"version-history":[{"count":1,"href":"https:\/\/mayarstyle.com\/fr\/wp-json\/wp\/v2\/product\/1320\/revisions"}],"predecessor-version":[{"id":1328,"href":"https:\/\/mayarstyle.com\/fr\/wp-json\/wp\/v2\/product\/1320\/revisions\/1328"}],"wp:featuredmedia":[{"embeddable":true,"href":"https:\/\/mayarstyle.com\/fr\/wp-json\/wp\/v2\/media\/1321"}],"wp:attachment":[{"href":"https:\/\/mayarstyle.com\/fr\/wp-json\/wp\/v2\/media?parent=1320"}],"wp:term":[{"taxonomy":"product_cat","embeddable":true,"href":"https:\/\/mayarstyle.com\/fr\/wp-json\/wp\/v2\/product_cat?post=1320"},{"taxonomy":"product_tag","embeddable":true,"href":"https:\/\/mayarstyle.com\/fr\/wp-json\/wp\/v2\/product_tag?post=1320"}],"curies":[{"name":"wp","href":"https:\/\/api.w.org\/{rel}","templated":true}]}}