{"id":1329,"date":"2023-10-12T12:03:48","date_gmt":"2023-10-12T08:03:48","guid":{"rendered":"https:\/\/mayarstyle.com\/?post_type=product&#038;p=1329"},"modified":"2024-05-27T16:21:45","modified_gmt":"2024-05-27T12:21:45","slug":"mabbra0008","status":"publish","type":"product","link":"https:\/\/mayarstyle.com\/fr\/product\/mabbra0008\/","title":{"rendered":"MABBRA0008"},"content":{"rendered":"<p>Bracelet \u00e9l\u00e9gance g\u00e9om\u00e9trique : adoptez une touche contemporaine avec ce bracelet jonc moderne au design carr\u00e9. Orn\u00e9e de pierres de zircone rayonnantes et plaqu\u00e9e en argent et en or, cette pi\u00e8ce de taille r\u00e9glable est un t\u00e9moignage de sophistication et d&#039;art moderne, parfaite pour l&#039;individu avant-gardiste.<\/p>","protected":false},"excerpt":{"rendered":"<p>Bracelet jonc au design carr\u00e9 moderne avec pierre de zircone. Argent et plaqu\u00e9 or. Taille r\u00e9glable<\/p>","protected":false},"featured_media":1330,"comment_status":"open","ping_status":"closed","template":"","meta":{"site-sidebar-layout":"default","site-content-layout":"default","ast-global-header-display":"","ast-banner-title-visibility":"","ast-main-header-display":"","ast-hfb-above-header-display":"","ast-hfb-below-header-display":"","ast-hfb-mobile-header-display":"","site-post-title":"","ast-breadcrumbs-content":"","ast-featured-img":"","footer-sml-layout":"","theme-transparent-header-meta":"default","adv-header-id-meta":"","stick-header-meta":"","header-above-stick-meta":"","header-main-stick-meta":"","header-below-stick-meta":""},"product_cat":[35],"product_tag":[],"_links":{"self":[{"href":"https:\/\/mayarstyle.com\/fr\/wp-json\/wp\/v2\/product\/1329"}],"collection":[{"href":"https:\/\/mayarstyle.com\/fr\/wp-json\/wp\/v2\/product"}],"about":[{"href":"https:\/\/mayarstyle.com\/fr\/wp-json\/wp\/v2\/types\/product"}],"replies":[{"embeddable":true,"href":"https:\/\/mayarstyle.com\/fr\/wp-json\/wp\/v2\/comments?post=1329"}],"version-history":[{"count":1,"href":"https:\/\/mayarstyle.com\/fr\/wp-json\/wp\/v2\/product\/1329\/revisions"}],"predecessor-version":[{"id":1336,"href":"https:\/\/mayarstyle.com\/fr\/wp-json\/wp\/v2\/product\/1329\/revisions\/1336"}],"wp:featuredmedia":[{"embeddable":true,"href":"https:\/\/mayarstyle.com\/fr\/wp-json\/wp\/v2\/media\/1330"}],"wp:attachment":[{"href":"https:\/\/mayarstyle.com\/fr\/wp-json\/wp\/v2\/media?parent=1329"}],"wp:term":[{"taxonomy":"product_cat","embeddable":true,"href":"https:\/\/mayarstyle.com\/fr\/wp-json\/wp\/v2\/product_cat?post=1329"},{"taxonomy":"product_tag","embeddable":true,"href":"https:\/\/mayarstyle.com\/fr\/wp-json\/wp\/v2\/product_tag?post=1329"}],"curies":[{"name":"wp","href":"https:\/\/api.w.org\/{rel}","templated":true}]}}