{"id":1337,"date":"2023-10-12T12:08:10","date_gmt":"2023-10-12T08:08:10","guid":{"rendered":"https:\/\/mayarstyle.com\/?post_type=product&#038;p=1337"},"modified":"2024-05-27T16:21:37","modified_gmt":"2024-05-27T12:21:37","slug":"marin0001","status":"publish","type":"product","link":"https:\/\/mayarstyle.com\/fr\/product\/marin0001\/","title":{"rendered":"MARIN0001"},"content":{"rendered":"<p>Bague Pinky carr\u00e9e chic\u00a0: Plongez dans l&#039;\u00e9l\u00e9gance moderne avec cette bague pinky au design carr\u00e9. Plaqu\u00e9e dans un m\u00e9lange harmonieux d&#039;argent et d&#039;or et enti\u00e8rement incrust\u00e9e de pierres de zircone scintillantes, cette pi\u00e8ce de taille r\u00e9glable est une d\u00e9claration de luxe et de style contemporain, parfaite pour celles qui ont un penchant pour les bijoux remarquables.<\/p>","protected":false},"excerpt":{"rendered":"<p>Anneau carr\u00e9 petit doigt. Argent et or. Pierres enti\u00e8rement en zircone. Taille r\u00e9glable<\/p>","protected":false},"featured_media":1338,"comment_status":"open","ping_status":"closed","template":"","meta":{"site-sidebar-layout":"default","site-content-layout":"default","ast-global-header-display":"","ast-banner-title-visibility":"","ast-main-header-display":"","ast-hfb-above-header-display":"","ast-hfb-below-header-display":"","ast-hfb-mobile-header-display":"","site-post-title":"","ast-breadcrumbs-content":"","ast-featured-img":"","footer-sml-layout":"","theme-transparent-header-meta":"default","adv-header-id-meta":"","stick-header-meta":"","header-above-stick-meta":"","header-main-stick-meta":"","header-below-stick-meta":""},"product_cat":[36],"product_tag":[],"_links":{"self":[{"href":"https:\/\/mayarstyle.com\/fr\/wp-json\/wp\/v2\/product\/1337"}],"collection":[{"href":"https:\/\/mayarstyle.com\/fr\/wp-json\/wp\/v2\/product"}],"about":[{"href":"https:\/\/mayarstyle.com\/fr\/wp-json\/wp\/v2\/types\/product"}],"replies":[{"embeddable":true,"href":"https:\/\/mayarstyle.com\/fr\/wp-json\/wp\/v2\/comments?post=1337"}],"version-history":[{"count":1,"href":"https:\/\/mayarstyle.com\/fr\/wp-json\/wp\/v2\/product\/1337\/revisions"}],"predecessor-version":[{"id":1345,"href":"https:\/\/mayarstyle.com\/fr\/wp-json\/wp\/v2\/product\/1337\/revisions\/1345"}],"wp:featuredmedia":[{"embeddable":true,"href":"https:\/\/mayarstyle.com\/fr\/wp-json\/wp\/v2\/media\/1338"}],"wp:attachment":[{"href":"https:\/\/mayarstyle.com\/fr\/wp-json\/wp\/v2\/media?parent=1337"}],"wp:term":[{"taxonomy":"product_cat","embeddable":true,"href":"https:\/\/mayarstyle.com\/fr\/wp-json\/wp\/v2\/product_cat?post=1337"},{"taxonomy":"product_tag","embeddable":true,"href":"https:\/\/mayarstyle.com\/fr\/wp-json\/wp\/v2\/product_tag?post=1337"}],"curies":[{"name":"wp","href":"https:\/\/api.w.org\/{rel}","templated":true}]}}