{"id":1346,"date":"2023-10-12T12:32:23","date_gmt":"2023-10-12T08:32:23","guid":{"rendered":"https:\/\/mayarstyle.com\/?post_type=product&#038;p=1346"},"modified":"2024-05-27T16:21:28","modified_gmt":"2024-05-27T12:21:28","slug":"marin0002","status":"publish","type":"product","link":"https:\/\/mayarstyle.com\/fr\/product\/marin0002\/","title":{"rendered":"MARIN0002"},"content":{"rendered":"<p>Bague solitaire \u00e9l\u00e9gante : rayonnez de sophistication avec cette bague plaqu\u00e9e argent, mettant en valeur un solitaire en zircone de haute qualit\u00e9 en son centre. Con\u00e7ue avec une taille r\u00e9glable pour assurer un ajustement parfait, cette pi\u00e8ce t\u00e9moigne de l&#039;\u00e9l\u00e9gance intemporelle et de l&#039;attrait de la simplicit\u00e9.<\/p>","protected":false},"excerpt":{"rendered":"<p>Bague Solitaire en zircone de haute qualit\u00e9. Plaqu\u00e9 argent. Taille r\u00e9glable<\/p>","protected":false},"featured_media":1347,"comment_status":"open","ping_status":"closed","template":"","meta":{"site-sidebar-layout":"default","site-content-layout":"default","ast-global-header-display":"","ast-banner-title-visibility":"","ast-main-header-display":"","ast-hfb-above-header-display":"","ast-hfb-below-header-display":"","ast-hfb-mobile-header-display":"","site-post-title":"","ast-breadcrumbs-content":"","ast-featured-img":"","footer-sml-layout":"","theme-transparent-header-meta":"default","adv-header-id-meta":"","stick-header-meta":"","header-above-stick-meta":"","header-main-stick-meta":"","header-below-stick-meta":""},"product_cat":[36],"product_tag":[],"_links":{"self":[{"href":"https:\/\/mayarstyle.com\/fr\/wp-json\/wp\/v2\/product\/1346"}],"collection":[{"href":"https:\/\/mayarstyle.com\/fr\/wp-json\/wp\/v2\/product"}],"about":[{"href":"https:\/\/mayarstyle.com\/fr\/wp-json\/wp\/v2\/types\/product"}],"replies":[{"embeddable":true,"href":"https:\/\/mayarstyle.com\/fr\/wp-json\/wp\/v2\/comments?post=1346"}],"version-history":[{"count":1,"href":"https:\/\/mayarstyle.com\/fr\/wp-json\/wp\/v2\/product\/1346\/revisions"}],"predecessor-version":[{"id":1350,"href":"https:\/\/mayarstyle.com\/fr\/wp-json\/wp\/v2\/product\/1346\/revisions\/1350"}],"wp:featuredmedia":[{"embeddable":true,"href":"https:\/\/mayarstyle.com\/fr\/wp-json\/wp\/v2\/media\/1347"}],"wp:attachment":[{"href":"https:\/\/mayarstyle.com\/fr\/wp-json\/wp\/v2\/media?parent=1346"}],"wp:term":[{"taxonomy":"product_cat","embeddable":true,"href":"https:\/\/mayarstyle.com\/fr\/wp-json\/wp\/v2\/product_cat?post=1346"},{"taxonomy":"product_tag","embeddable":true,"href":"https:\/\/mayarstyle.com\/fr\/wp-json\/wp\/v2\/product_tag?post=1346"}],"curies":[{"name":"wp","href":"https:\/\/api.w.org\/{rel}","templated":true}]}}