{"id":1351,"date":"2023-10-12T12:34:57","date_gmt":"2023-10-12T08:34:57","guid":{"rendered":"https:\/\/mayarstyle.com\/?post_type=product&#038;p=1351"},"modified":"2024-07-09T21:50:20","modified_gmt":"2024-07-09T17:50:20","slug":"marin0003","status":"publish","type":"product","link":"https:\/\/mayarstyle.com\/fr\/product\/marin0003\/","title":{"rendered":"MARIN0003"},"content":{"rendered":"<p>Bague papillon scintillante\u00a0: Embrassez le charme fantaisiste de cette bague, con\u00e7ue avec un motif papillon et enti\u00e8rement incrust\u00e9e de pierres de zircone rayonnantes. Avec sa taille r\u00e9glable, il assure un ajustement parfait, ce qui en fait un ajout d\u00e9licieux pour ceux qui appr\u00e9cient les bijoux qui racontent une histoire.<\/p>","protected":false},"excerpt":{"rendered":"<p>Bague Papillon . Zircone compl\u00e8te. Taille r\u00e9glable<\/p>","protected":false},"featured_media":1353,"comment_status":"open","ping_status":"closed","template":"","meta":{"site-sidebar-layout":"default","site-content-layout":"default","ast-global-header-display":"","ast-banner-title-visibility":"","ast-main-header-display":"","ast-hfb-above-header-display":"","ast-hfb-below-header-display":"","ast-hfb-mobile-header-display":"","site-post-title":"","ast-breadcrumbs-content":"","ast-featured-img":"","footer-sml-layout":"","theme-transparent-header-meta":"default","adv-header-id-meta":"","stick-header-meta":"","header-above-stick-meta":"","header-main-stick-meta":"","header-below-stick-meta":""},"product_cat":[36],"product_tag":[],"_links":{"self":[{"href":"https:\/\/mayarstyle.com\/fr\/wp-json\/wp\/v2\/product\/1351"}],"collection":[{"href":"https:\/\/mayarstyle.com\/fr\/wp-json\/wp\/v2\/product"}],"about":[{"href":"https:\/\/mayarstyle.com\/fr\/wp-json\/wp\/v2\/types\/product"}],"replies":[{"embeddable":true,"href":"https:\/\/mayarstyle.com\/fr\/wp-json\/wp\/v2\/comments?post=1351"}],"version-history":[{"count":1,"href":"https:\/\/mayarstyle.com\/fr\/wp-json\/wp\/v2\/product\/1351\/revisions"}],"predecessor-version":[{"id":1355,"href":"https:\/\/mayarstyle.com\/fr\/wp-json\/wp\/v2\/product\/1351\/revisions\/1355"}],"wp:featuredmedia":[{"embeddable":true,"href":"https:\/\/mayarstyle.com\/fr\/wp-json\/wp\/v2\/media\/1353"}],"wp:attachment":[{"href":"https:\/\/mayarstyle.com\/fr\/wp-json\/wp\/v2\/media?parent=1351"}],"wp:term":[{"taxonomy":"product_cat","embeddable":true,"href":"https:\/\/mayarstyle.com\/fr\/wp-json\/wp\/v2\/product_cat?post=1351"},{"taxonomy":"product_tag","embeddable":true,"href":"https:\/\/mayarstyle.com\/fr\/wp-json\/wp\/v2\/product_tag?post=1351"}],"curies":[{"name":"wp","href":"https:\/\/api.w.org\/{rel}","templated":true}]}}