{"id":1356,"date":"2023-10-12T12:39:25","date_gmt":"2023-10-12T08:39:25","guid":{"rendered":"https:\/\/mayarstyle.com\/?post_type=product&#038;p=1356"},"modified":"2024-05-27T16:21:13","modified_gmt":"2024-05-27T12:21:13","slug":"maear0001","status":"publish","type":"product","link":"https:\/\/mayarstyle.com\/fr\/product\/maear0001\/","title":{"rendered":"MAEAR0001"},"content":{"rendered":"<p>Boucles d&#039;oreilles papillon modernes : Plongez dans l&#039;\u00e9l\u00e9gance contemporaine avec ces boucles d&#039;oreilles mettant en valeur un motif papillon plaqu\u00e9 dans un m\u00e9lange harmonieux d&#039;or et d&#039;argent. M\u00e9lange parfait de tradition et de design moderne, ces boucles d&#039;oreilles t\u00e9moignent d&#039;une beaut\u00e9 et d&#039;un talent artistique intemporels.<\/p>","protected":false},"excerpt":{"rendered":"<p>Boucles d&#039;oreilles modernes papillon plaqu\u00e9es or et argent<\/p>","protected":false},"featured_media":1357,"comment_status":"open","ping_status":"closed","template":"","meta":{"site-sidebar-layout":"default","site-content-layout":"default","ast-global-header-display":"","ast-banner-title-visibility":"","ast-main-header-display":"","ast-hfb-above-header-display":"","ast-hfb-below-header-display":"","ast-hfb-mobile-header-display":"","site-post-title":"","ast-breadcrumbs-content":"","ast-featured-img":"","footer-sml-layout":"","theme-transparent-header-meta":"default","adv-header-id-meta":"","stick-header-meta":"","header-above-stick-meta":"","header-main-stick-meta":"","header-below-stick-meta":""},"product_cat":[33],"product_tag":[],"_links":{"self":[{"href":"https:\/\/mayarstyle.com\/fr\/wp-json\/wp\/v2\/product\/1356"}],"collection":[{"href":"https:\/\/mayarstyle.com\/fr\/wp-json\/wp\/v2\/product"}],"about":[{"href":"https:\/\/mayarstyle.com\/fr\/wp-json\/wp\/v2\/types\/product"}],"replies":[{"embeddable":true,"href":"https:\/\/mayarstyle.com\/fr\/wp-json\/wp\/v2\/comments?post=1356"}],"version-history":[{"count":1,"href":"https:\/\/mayarstyle.com\/fr\/wp-json\/wp\/v2\/product\/1356\/revisions"}],"predecessor-version":[{"id":1364,"href":"https:\/\/mayarstyle.com\/fr\/wp-json\/wp\/v2\/product\/1356\/revisions\/1364"}],"wp:featuredmedia":[{"embeddable":true,"href":"https:\/\/mayarstyle.com\/fr\/wp-json\/wp\/v2\/media\/1357"}],"wp:attachment":[{"href":"https:\/\/mayarstyle.com\/fr\/wp-json\/wp\/v2\/media?parent=1356"}],"wp:term":[{"taxonomy":"product_cat","embeddable":true,"href":"https:\/\/mayarstyle.com\/fr\/wp-json\/wp\/v2\/product_cat?post=1356"},{"taxonomy":"product_tag","embeddable":true,"href":"https:\/\/mayarstyle.com\/fr\/wp-json\/wp\/v2\/product_tag?post=1356"}],"curies":[{"name":"wp","href":"https:\/\/api.w.org\/{rel}","templated":true}]}}