{"id":1368,"date":"2023-10-12T12:44:04","date_gmt":"2023-10-12T08:44:04","guid":{"rendered":"https:\/\/mayarstyle.com\/?post_type=product&#038;p=1368"},"modified":"2025-05-20T15:28:46","modified_gmt":"2025-05-20T11:28:46","slug":"marin0005","status":"publish","type":"product","link":"https:\/\/mayarstyle.com\/fr\/product\/marin0005\/","title":{"rendered":"MARIN0005"},"content":{"rendered":"<p>Bague c\u0153ur contemporaine : Plongez dans l&#039;\u00e9l\u00e9gance moderne avec cette bague en forme de c\u0153ur, orn\u00e9e de pierres de zircon scintillantes. Plaqu\u00e9e en argent brillant et con\u00e7ue avec une taille r\u00e9glable, cette pi\u00e8ce t\u00e9moigne \u00e0 la fois d&#039;amour et de style avant-gardiste.<\/p>","protected":false},"excerpt":{"rendered":"<p>Bague coeur moderne honte avec zircon. Plaqu\u00e9 argent . Taille r\u00e9glable<\/p>","protected":false},"featured_media":1369,"comment_status":"open","ping_status":"closed","template":"","meta":{"site-sidebar-layout":"default","site-content-layout":"default","ast-global-header-display":"","ast-banner-title-visibility":"","ast-main-header-display":"","ast-hfb-above-header-display":"","ast-hfb-below-header-display":"","ast-hfb-mobile-header-display":"","site-post-title":"","ast-breadcrumbs-content":"","ast-featured-img":"","footer-sml-layout":"","theme-transparent-header-meta":"default","adv-header-id-meta":"","stick-header-meta":"","header-above-stick-meta":"","header-main-stick-meta":"","header-below-stick-meta":""},"product_cat":[36],"product_tag":[],"_links":{"self":[{"href":"https:\/\/mayarstyle.com\/fr\/wp-json\/wp\/v2\/product\/1368"}],"collection":[{"href":"https:\/\/mayarstyle.com\/fr\/wp-json\/wp\/v2\/product"}],"about":[{"href":"https:\/\/mayarstyle.com\/fr\/wp-json\/wp\/v2\/types\/product"}],"replies":[{"embeddable":true,"href":"https:\/\/mayarstyle.com\/fr\/wp-json\/wp\/v2\/comments?post=1368"}],"version-history":[{"count":1,"href":"https:\/\/mayarstyle.com\/fr\/wp-json\/wp\/v2\/product\/1368\/revisions"}],"predecessor-version":[{"id":1374,"href":"https:\/\/mayarstyle.com\/fr\/wp-json\/wp\/v2\/product\/1368\/revisions\/1374"}],"wp:featuredmedia":[{"embeddable":true,"href":"https:\/\/mayarstyle.com\/fr\/wp-json\/wp\/v2\/media\/1369"}],"wp:attachment":[{"href":"https:\/\/mayarstyle.com\/fr\/wp-json\/wp\/v2\/media?parent=1368"}],"wp:term":[{"taxonomy":"product_cat","embeddable":true,"href":"https:\/\/mayarstyle.com\/fr\/wp-json\/wp\/v2\/product_cat?post=1368"},{"taxonomy":"product_tag","embeddable":true,"href":"https:\/\/mayarstyle.com\/fr\/wp-json\/wp\/v2\/product_tag?post=1368"}],"curies":[{"name":"wp","href":"https:\/\/api.w.org\/{rel}","templated":true}]}}