{"id":1375,"date":"2023-10-12T12:46:54","date_gmt":"2023-10-12T08:46:54","guid":{"rendered":"https:\/\/mayarstyle.com\/?post_type=product&#038;p=1375"},"modified":"2024-05-27T16:20:51","modified_gmt":"2024-05-27T12:20:51","slug":"majs0027","status":"publish","type":"product","link":"https:\/\/mayarstyle.com\/fr\/product\/majs0027\/","title":{"rendered":"MAJS0027"},"content":{"rendered":"<p>Ensemble bicolore moderne : rehaussez votre collection de bijoux avec cet ensemble bracelet jonc et bague, au design contemporain plaqu\u00e9 argent et or. Avec sa taille ajustable, ce duo allie harmonieusement esth\u00e9tique moderne et confort, ce qui en fait un ajout polyvalent pour ceux qui appr\u00e9cient l&#039;\u00e9l\u00e9gance et la tendance.<\/p>","protected":false},"excerpt":{"rendered":"<p>Bracelet + bague au design moderne plaqu\u00e9 argent et or. Taille r\u00e9glable<\/p>","protected":false},"featured_media":1376,"comment_status":"open","ping_status":"closed","template":"","meta":{"site-sidebar-layout":"default","site-content-layout":"default","ast-global-header-display":"","ast-banner-title-visibility":"","ast-main-header-display":"","ast-hfb-above-header-display":"","ast-hfb-below-header-display":"","ast-hfb-mobile-header-display":"","site-post-title":"","ast-breadcrumbs-content":"","ast-featured-img":"","footer-sml-layout":"","theme-transparent-header-meta":"default","adv-header-id-meta":"","stick-header-meta":"","header-above-stick-meta":"","header-main-stick-meta":"","header-below-stick-meta":""},"product_cat":[35,40],"product_tag":[],"_links":{"self":[{"href":"https:\/\/mayarstyle.com\/fr\/wp-json\/wp\/v2\/product\/1375"}],"collection":[{"href":"https:\/\/mayarstyle.com\/fr\/wp-json\/wp\/v2\/product"}],"about":[{"href":"https:\/\/mayarstyle.com\/fr\/wp-json\/wp\/v2\/types\/product"}],"replies":[{"embeddable":true,"href":"https:\/\/mayarstyle.com\/fr\/wp-json\/wp\/v2\/comments?post=1375"}],"version-history":[{"count":1,"href":"https:\/\/mayarstyle.com\/fr\/wp-json\/wp\/v2\/product\/1375\/revisions"}],"predecessor-version":[{"id":1380,"href":"https:\/\/mayarstyle.com\/fr\/wp-json\/wp\/v2\/product\/1375\/revisions\/1380"}],"wp:featuredmedia":[{"embeddable":true,"href":"https:\/\/mayarstyle.com\/fr\/wp-json\/wp\/v2\/media\/1376"}],"wp:attachment":[{"href":"https:\/\/mayarstyle.com\/fr\/wp-json\/wp\/v2\/media?parent=1375"}],"wp:term":[{"taxonomy":"product_cat","embeddable":true,"href":"https:\/\/mayarstyle.com\/fr\/wp-json\/wp\/v2\/product_cat?post=1375"},{"taxonomy":"product_tag","embeddable":true,"href":"https:\/\/mayarstyle.com\/fr\/wp-json\/wp\/v2\/product_tag?post=1375"}],"curies":[{"name":"wp","href":"https:\/\/api.w.org\/{rel}","templated":true}]}}