{"id":1385,"date":"2023-10-12T12:51:22","date_gmt":"2023-10-12T08:51:22","guid":{"rendered":"https:\/\/mayarstyle.com\/?post_type=product&#038;p=1385"},"modified":"2024-05-27T16:20:33","modified_gmt":"2024-05-27T12:20:33","slug":"majs0029","status":"publish","type":"product","link":"https:\/\/mayarstyle.com\/fr\/product\/majs0029\/","title":{"rendered":"MAJS0029"},"content":{"rendered":"<p>Ensemble Heritage Vintage\u00a0: plongez dans l&#039;allure intemporelle de cet ensemble collier et boucles d&#039;oreilles en plaqu\u00e9 or, inspir\u00e9 des designs traditionnels. Orn\u00e9 d&#039;\u00e9l\u00e9ments en zircone scintillants et compl\u00e9t\u00e9 par des pierres turquoise \u00e9clatantes, cet ensemble capture l&#039;essence de l&#039;\u00e9l\u00e9gance vintage, ce qui en fait un ajout pr\u00e9cieux pour ceux qui appr\u00e9cient la beaut\u00e9 et le savoir-faire classiques.<\/p>","protected":false},"excerpt":{"rendered":"<p>Plongez dans l&#039;allure intemporelle de cet ensemble collier et boucles d&#039;oreilles en plaqu\u00e9 or<\/p>","protected":false},"featured_media":1386,"comment_status":"open","ping_status":"closed","template":"","meta":{"site-sidebar-layout":"default","site-content-layout":"default","ast-global-header-display":"","ast-banner-title-visibility":"","ast-main-header-display":"","ast-hfb-above-header-display":"","ast-hfb-below-header-display":"","ast-hfb-mobile-header-display":"","site-post-title":"","ast-breadcrumbs-content":"","ast-featured-img":"","footer-sml-layout":"","theme-transparent-header-meta":"default","adv-header-id-meta":"","stick-header-meta":"","header-above-stick-meta":"","header-main-stick-meta":"","header-below-stick-meta":""},"product_cat":[40],"product_tag":[],"_links":{"self":[{"href":"https:\/\/mayarstyle.com\/fr\/wp-json\/wp\/v2\/product\/1385"}],"collection":[{"href":"https:\/\/mayarstyle.com\/fr\/wp-json\/wp\/v2\/product"}],"about":[{"href":"https:\/\/mayarstyle.com\/fr\/wp-json\/wp\/v2\/types\/product"}],"replies":[{"embeddable":true,"href":"https:\/\/mayarstyle.com\/fr\/wp-json\/wp\/v2\/comments?post=1385"}],"version-history":[{"count":1,"href":"https:\/\/mayarstyle.com\/fr\/wp-json\/wp\/v2\/product\/1385\/revisions"}],"predecessor-version":[{"id":1388,"href":"https:\/\/mayarstyle.com\/fr\/wp-json\/wp\/v2\/product\/1385\/revisions\/1388"}],"wp:featuredmedia":[{"embeddable":true,"href":"https:\/\/mayarstyle.com\/fr\/wp-json\/wp\/v2\/media\/1386"}],"wp:attachment":[{"href":"https:\/\/mayarstyle.com\/fr\/wp-json\/wp\/v2\/media?parent=1385"}],"wp:term":[{"taxonomy":"product_cat","embeddable":true,"href":"https:\/\/mayarstyle.com\/fr\/wp-json\/wp\/v2\/product_cat?post=1385"},{"taxonomy":"product_tag","embeddable":true,"href":"https:\/\/mayarstyle.com\/fr\/wp-json\/wp\/v2\/product_tag?post=1385"}],"curies":[{"name":"wp","href":"https:\/\/api.w.org\/{rel}","templated":true}]}}