{"id":1389,"date":"2023-10-12T12:53:32","date_gmt":"2023-10-12T11:53:32","guid":{"rendered":"https:\/\/mayarstyle.com\/?post_type=product&#038;p=1389"},"modified":"2024-05-27T16:20:01","modified_gmt":"2024-05-27T12:20:01","slug":"majs0030","status":"publish","type":"product","link":"https:\/\/mayarstyle.com\/fr\/product\/majs0030\/","title":{"rendered":"MAJS0030"},"content":{"rendered":"<p>Collection Heritage Elegance : d\u00e9couvrez le charme d&#039;antan avec cet ensemble vintage traditionnel comprenant un collier, des boucles d&#039;oreilles et une bague. Orn\u00e9e de zircones rayonnantes et compl\u00e9t\u00e9e par une pierre turquoise \u00e9clatante, chaque pi\u00e8ce est m\u00e9ticuleusement confectionn\u00e9e avec un placage en or de haute qualit\u00e9. Cet ensemble t\u00e9moigne d&#039;une beaut\u00e9 intemporelle et d&#039;un savoir-faire sup\u00e9rieur, parfait pour ceux qui ch\u00e9rissent un m\u00e9lange de tradition et de luxe.<\/p>","protected":false},"excerpt":{"rendered":"<p>Cet ensemble t\u00e9moigne d&#039;une beaut\u00e9 intemporelle et d&#039;un savoir-faire sup\u00e9rieur, parfait pour ceux qui ch\u00e9rissent un m\u00e9lange de tradition et de luxe.<\/p>","protected":false},"featured_media":1390,"comment_status":"open","ping_status":"closed","template":"","meta":{"site-sidebar-layout":"default","site-content-layout":"default","ast-global-header-display":"","ast-banner-title-visibility":"","ast-main-header-display":"","ast-hfb-above-header-display":"","ast-hfb-below-header-display":"","ast-hfb-mobile-header-display":"","site-post-title":"","ast-breadcrumbs-content":"","ast-featured-img":"","footer-sml-layout":"","theme-transparent-header-meta":"default","adv-header-id-meta":"","stick-header-meta":"","header-above-stick-meta":"","header-main-stick-meta":"","header-below-stick-meta":""},"product_cat":[40],"product_tag":[],"_links":{"self":[{"href":"https:\/\/mayarstyle.com\/fr\/wp-json\/wp\/v2\/product\/1389"}],"collection":[{"href":"https:\/\/mayarstyle.com\/fr\/wp-json\/wp\/v2\/product"}],"about":[{"href":"https:\/\/mayarstyle.com\/fr\/wp-json\/wp\/v2\/types\/product"}],"replies":[{"embeddable":true,"href":"https:\/\/mayarstyle.com\/fr\/wp-json\/wp\/v2\/comments?post=1389"}],"version-history":[{"count":1,"href":"https:\/\/mayarstyle.com\/fr\/wp-json\/wp\/v2\/product\/1389\/revisions"}],"predecessor-version":[{"id":1392,"href":"https:\/\/mayarstyle.com\/fr\/wp-json\/wp\/v2\/product\/1389\/revisions\/1392"}],"wp:featuredmedia":[{"embeddable":true,"href":"https:\/\/mayarstyle.com\/fr\/wp-json\/wp\/v2\/media\/1390"}],"wp:attachment":[{"href":"https:\/\/mayarstyle.com\/fr\/wp-json\/wp\/v2\/media?parent=1389"}],"wp:term":[{"taxonomy":"product_cat","embeddable":true,"href":"https:\/\/mayarstyle.com\/fr\/wp-json\/wp\/v2\/product_cat?post=1389"},{"taxonomy":"product_tag","embeddable":true,"href":"https:\/\/mayarstyle.com\/fr\/wp-json\/wp\/v2\/product_tag?post=1389"}],"curies":[{"name":"wp","href":"https:\/\/api.w.org\/{rel}","templated":true}]}}