{"id":1393,"date":"2023-10-12T12:55:49","date_gmt":"2023-10-12T08:55:49","guid":{"rendered":"https:\/\/mayarstyle.com\/?post_type=product&#038;p=1393"},"modified":"2024-05-27T16:19:45","modified_gmt":"2024-05-27T12:19:45","slug":"mabbra0009","status":"publish","type":"product","link":"https:\/\/mayarstyle.com\/fr\/product\/mabbra0009\/","title":{"rendered":"MABBRA0009"},"content":{"rendered":"<p>Bracelet tennis vibrant : Ornez votre poignet avec ce bracelet tennis, mettant en valeur un m\u00e9lange de pierres color\u00e9es. M\u00e9lange parfait d&#039;\u00e9l\u00e9gance et de ludique, cette pi\u00e8ce ajoute une touche de couleur et de charme \u00e0 n&#039;importe quel ensemble.<\/p>","protected":false},"excerpt":{"rendered":"<p>Bracelet tennis. Pierre color\u00e9e<\/p>","protected":false},"featured_media":1394,"comment_status":"open","ping_status":"closed","template":"","meta":{"site-sidebar-layout":"default","site-content-layout":"default","ast-global-header-display":"","ast-banner-title-visibility":"","ast-main-header-display":"","ast-hfb-above-header-display":"","ast-hfb-below-header-display":"","ast-hfb-mobile-header-display":"","site-post-title":"","ast-breadcrumbs-content":"","ast-featured-img":"","footer-sml-layout":"","theme-transparent-header-meta":"default","adv-header-id-meta":"","stick-header-meta":"","header-above-stick-meta":"","header-main-stick-meta":"","header-below-stick-meta":""},"product_cat":[35],"product_tag":[],"_links":{"self":[{"href":"https:\/\/mayarstyle.com\/fr\/wp-json\/wp\/v2\/product\/1393"}],"collection":[{"href":"https:\/\/mayarstyle.com\/fr\/wp-json\/wp\/v2\/product"}],"about":[{"href":"https:\/\/mayarstyle.com\/fr\/wp-json\/wp\/v2\/types\/product"}],"replies":[{"embeddable":true,"href":"https:\/\/mayarstyle.com\/fr\/wp-json\/wp\/v2\/comments?post=1393"}],"version-history":[{"count":1,"href":"https:\/\/mayarstyle.com\/fr\/wp-json\/wp\/v2\/product\/1393\/revisions"}],"predecessor-version":[{"id":1396,"href":"https:\/\/mayarstyle.com\/fr\/wp-json\/wp\/v2\/product\/1393\/revisions\/1396"}],"wp:featuredmedia":[{"embeddable":true,"href":"https:\/\/mayarstyle.com\/fr\/wp-json\/wp\/v2\/media\/1394"}],"wp:attachment":[{"href":"https:\/\/mayarstyle.com\/fr\/wp-json\/wp\/v2\/media?parent=1393"}],"wp:term":[{"taxonomy":"product_cat","embeddable":true,"href":"https:\/\/mayarstyle.com\/fr\/wp-json\/wp\/v2\/product_cat?post=1393"},{"taxonomy":"product_tag","embeddable":true,"href":"https:\/\/mayarstyle.com\/fr\/wp-json\/wp\/v2\/product_tag?post=1393"}],"curies":[{"name":"wp","href":"https:\/\/api.w.org\/{rel}","templated":true}]}}