{"id":1397,"date":"2023-10-12T12:57:34","date_gmt":"2023-10-12T11:57:34","guid":{"rendered":"https:\/\/mayarstyle.com\/?post_type=product&#038;p=1397"},"modified":"2024-05-27T16:16:28","modified_gmt":"2024-05-27T12:16:28","slug":"mabbra0010","status":"publish","type":"product","link":"https:\/\/mayarstyle.com\/fr\/product\/mabbra0010\/","title":{"rendered":"MABBRA0010"},"content":{"rendered":"<p>Bracelet tennis Radiant Spectrum : rehaussez votre style avec ce bracelet tennis, magnifiquement orn\u00e9 d&#039;une gamme de pierres color\u00e9es. Ses teintes vibrantes en font une pi\u00e8ce remarquable, parfaite pour ajouter une touche ludique et \u00e9l\u00e9gante \u00e0 n&#039;importe quelle tenue.<\/p>","protected":false},"excerpt":{"rendered":"<p>Bracelet de tennis \u00e0 spectre radieux<\/p>","protected":false},"featured_media":1398,"comment_status":"open","ping_status":"closed","template":"","meta":{"site-sidebar-layout":"default","site-content-layout":"default","ast-global-header-display":"","ast-banner-title-visibility":"","ast-main-header-display":"","ast-hfb-above-header-display":"","ast-hfb-below-header-display":"","ast-hfb-mobile-header-display":"","site-post-title":"","ast-breadcrumbs-content":"","ast-featured-img":"","footer-sml-layout":"","theme-transparent-header-meta":"default","adv-header-id-meta":"","stick-header-meta":"","header-above-stick-meta":"","header-main-stick-meta":"","header-below-stick-meta":""},"product_cat":[35],"product_tag":[],"_links":{"self":[{"href":"https:\/\/mayarstyle.com\/fr\/wp-json\/wp\/v2\/product\/1397"}],"collection":[{"href":"https:\/\/mayarstyle.com\/fr\/wp-json\/wp\/v2\/product"}],"about":[{"href":"https:\/\/mayarstyle.com\/fr\/wp-json\/wp\/v2\/types\/product"}],"replies":[{"embeddable":true,"href":"https:\/\/mayarstyle.com\/fr\/wp-json\/wp\/v2\/comments?post=1397"}],"version-history":[{"count":1,"href":"https:\/\/mayarstyle.com\/fr\/wp-json\/wp\/v2\/product\/1397\/revisions"}],"predecessor-version":[{"id":1400,"href":"https:\/\/mayarstyle.com\/fr\/wp-json\/wp\/v2\/product\/1397\/revisions\/1400"}],"wp:featuredmedia":[{"embeddable":true,"href":"https:\/\/mayarstyle.com\/fr\/wp-json\/wp\/v2\/media\/1398"}],"wp:attachment":[{"href":"https:\/\/mayarstyle.com\/fr\/wp-json\/wp\/v2\/media?parent=1397"}],"wp:term":[{"taxonomy":"product_cat","embeddable":true,"href":"https:\/\/mayarstyle.com\/fr\/wp-json\/wp\/v2\/product_cat?post=1397"},{"taxonomy":"product_tag","embeddable":true,"href":"https:\/\/mayarstyle.com\/fr\/wp-json\/wp\/v2\/product_tag?post=1397"}],"curies":[{"name":"wp","href":"https:\/\/api.w.org\/{rel}","templated":true}]}}