{"id":1401,"date":"2023-10-12T12:59:18","date_gmt":"2023-10-12T11:59:18","guid":{"rendered":"https:\/\/mayarstyle.com\/?post_type=product&#038;p=1401"},"modified":"2024-05-27T16:16:13","modified_gmt":"2024-05-27T12:16:13","slug":"mabbra0011","status":"publish","type":"product","link":"https:\/\/mayarstyle.com\/fr\/product\/mabbra0011\/","title":{"rendered":"MABBRA0011"},"content":{"rendered":"<p>Bracelet tennis Kal\u00e9idoscope\u00a0: drapez votre poignet d&#039;un spectre de couleurs avec ce bracelet tennis, orn\u00e9 d&#039;une vari\u00e9t\u00e9 de pierres vibrantes. Une pi\u00e8ce tendance, elle ajoute sans effort une touche de couleur et d&#039;\u00e9l\u00e9gance \u00e0 n&#039;importe quelle tenue.<\/p>","protected":false},"excerpt":{"rendered":"<p>Bracelet tennis. Pierre color\u00e9e<\/p>","protected":false},"featured_media":1402,"comment_status":"open","ping_status":"closed","template":"","meta":{"site-sidebar-layout":"default","site-content-layout":"default","ast-global-header-display":"","ast-banner-title-visibility":"","ast-main-header-display":"","ast-hfb-above-header-display":"","ast-hfb-below-header-display":"","ast-hfb-mobile-header-display":"","site-post-title":"","ast-breadcrumbs-content":"","ast-featured-img":"","footer-sml-layout":"","theme-transparent-header-meta":"default","adv-header-id-meta":"","stick-header-meta":"","header-above-stick-meta":"","header-main-stick-meta":"","header-below-stick-meta":""},"product_cat":[35],"product_tag":[],"_links":{"self":[{"href":"https:\/\/mayarstyle.com\/fr\/wp-json\/wp\/v2\/product\/1401"}],"collection":[{"href":"https:\/\/mayarstyle.com\/fr\/wp-json\/wp\/v2\/product"}],"about":[{"href":"https:\/\/mayarstyle.com\/fr\/wp-json\/wp\/v2\/types\/product"}],"replies":[{"embeddable":true,"href":"https:\/\/mayarstyle.com\/fr\/wp-json\/wp\/v2\/comments?post=1401"}],"version-history":[{"count":1,"href":"https:\/\/mayarstyle.com\/fr\/wp-json\/wp\/v2\/product\/1401\/revisions"}],"predecessor-version":[{"id":1404,"href":"https:\/\/mayarstyle.com\/fr\/wp-json\/wp\/v2\/product\/1401\/revisions\/1404"}],"wp:featuredmedia":[{"embeddable":true,"href":"https:\/\/mayarstyle.com\/fr\/wp-json\/wp\/v2\/media\/1402"}],"wp:attachment":[{"href":"https:\/\/mayarstyle.com\/fr\/wp-json\/wp\/v2\/media?parent=1401"}],"wp:term":[{"taxonomy":"product_cat","embeddable":true,"href":"https:\/\/mayarstyle.com\/fr\/wp-json\/wp\/v2\/product_cat?post=1401"},{"taxonomy":"product_tag","embeddable":true,"href":"https:\/\/mayarstyle.com\/fr\/wp-json\/wp\/v2\/product_tag?post=1401"}],"curies":[{"name":"wp","href":"https:\/\/api.w.org\/{rel}","templated":true}]}}