{"id":1405,"date":"2023-10-12T13:03:48","date_gmt":"2023-10-12T12:03:48","guid":{"rendered":"https:\/\/mayarstyle.com\/?post_type=product&#038;p=1405"},"modified":"2024-05-27T16:15:54","modified_gmt":"2024-05-27T12:15:54","slug":"maear0002","status":"publish","type":"product","link":"https:\/\/mayarstyle.com\/fr\/product\/maear0002\/","title":{"rendered":"MAEAR0002"},"content":{"rendered":"<p>Boucles d&#039;oreilles en zircone bicolore : d\u00e9couvrez le charme de ces boucles d&#039;oreilles de forme ronde de haute qualit\u00e9, orn\u00e9es de zircones rayonnantes. Plaqu\u00e9s en argent et en or, ils offrent un m\u00e9lange harmonieux d&#039;\u00e9l\u00e9gance et de luxe, ce qui en fait un ajout remarquable \u00e0 toute collection de bijoux.<\/p>","protected":false},"excerpt":{"rendered":"<p>Boucles d&#039;oreilles rondes en zircone de haute qualit\u00e9, plaqu\u00e9 argent et or<\/p>","protected":false},"featured_media":1406,"comment_status":"open","ping_status":"closed","template":"","meta":{"site-sidebar-layout":"default","site-content-layout":"default","ast-global-header-display":"","ast-banner-title-visibility":"","ast-main-header-display":"","ast-hfb-above-header-display":"","ast-hfb-below-header-display":"","ast-hfb-mobile-header-display":"","site-post-title":"","ast-breadcrumbs-content":"","ast-featured-img":"","footer-sml-layout":"","theme-transparent-header-meta":"default","adv-header-id-meta":"","stick-header-meta":"","header-above-stick-meta":"","header-main-stick-meta":"","header-below-stick-meta":""},"product_cat":[33],"product_tag":[],"_links":{"self":[{"href":"https:\/\/mayarstyle.com\/fr\/wp-json\/wp\/v2\/product\/1405"}],"collection":[{"href":"https:\/\/mayarstyle.com\/fr\/wp-json\/wp\/v2\/product"}],"about":[{"href":"https:\/\/mayarstyle.com\/fr\/wp-json\/wp\/v2\/types\/product"}],"replies":[{"embeddable":true,"href":"https:\/\/mayarstyle.com\/fr\/wp-json\/wp\/v2\/comments?post=1405"}],"version-history":[{"count":1,"href":"https:\/\/mayarstyle.com\/fr\/wp-json\/wp\/v2\/product\/1405\/revisions"}],"predecessor-version":[{"id":1412,"href":"https:\/\/mayarstyle.com\/fr\/wp-json\/wp\/v2\/product\/1405\/revisions\/1412"}],"wp:featuredmedia":[{"embeddable":true,"href":"https:\/\/mayarstyle.com\/fr\/wp-json\/wp\/v2\/media\/1406"}],"wp:attachment":[{"href":"https:\/\/mayarstyle.com\/fr\/wp-json\/wp\/v2\/media?parent=1405"}],"wp:term":[{"taxonomy":"product_cat","embeddable":true,"href":"https:\/\/mayarstyle.com\/fr\/wp-json\/wp\/v2\/product_cat?post=1405"},{"taxonomy":"product_tag","embeddable":true,"href":"https:\/\/mayarstyle.com\/fr\/wp-json\/wp\/v2\/product_tag?post=1405"}],"curies":[{"name":"wp","href":"https:\/\/api.w.org\/{rel}","templated":true}]}}