{"id":1420,"date":"2023-10-12T13:14:53","date_gmt":"2023-10-12T12:14:53","guid":{"rendered":"https:\/\/mayarstyle.com\/?post_type=product&#038;p=1420"},"modified":"2024-05-27T16:15:27","modified_gmt":"2024-05-27T12:15:27","slug":"maear0004","status":"publish","type":"product","link":"https:\/\/mayarstyle.com\/fr\/product\/maear0004\/","title":{"rendered":"MAEAR0004"},"content":{"rendered":"<p>Boucles d&#039;oreilles brillantes bicolores : pr\u00e9sentant une forme ronde orn\u00e9e de zircones de haute qualit\u00e9, ces boucles d&#039;oreilles d\u00e9gagent une brillance in\u00e9gal\u00e9e. Habilement plaqu\u00e9s en argent et en or, ils offrent un m\u00e9lange d&#039;\u00e9l\u00e9gance classique et de luxe moderne, ce qui en fait un incontournable pour les amateurs de bijoux exigeants.<\/p>","protected":false},"excerpt":{"rendered":"<p>Boucles d&#039;oreilles rondes en zircone de haute qualit\u00e9, plaqu\u00e9 argent et or<\/p>","protected":false},"featured_media":1421,"comment_status":"open","ping_status":"closed","template":"","meta":{"site-sidebar-layout":"default","site-content-layout":"default","ast-global-header-display":"","ast-banner-title-visibility":"","ast-main-header-display":"","ast-hfb-above-header-display":"","ast-hfb-below-header-display":"","ast-hfb-mobile-header-display":"","site-post-title":"","ast-breadcrumbs-content":"","ast-featured-img":"","footer-sml-layout":"","theme-transparent-header-meta":"default","adv-header-id-meta":"","stick-header-meta":"","header-above-stick-meta":"","header-main-stick-meta":"","header-below-stick-meta":""},"product_cat":[33],"product_tag":[],"_links":{"self":[{"href":"https:\/\/mayarstyle.com\/fr\/wp-json\/wp\/v2\/product\/1420"}],"collection":[{"href":"https:\/\/mayarstyle.com\/fr\/wp-json\/wp\/v2\/product"}],"about":[{"href":"https:\/\/mayarstyle.com\/fr\/wp-json\/wp\/v2\/types\/product"}],"replies":[{"embeddable":true,"href":"https:\/\/mayarstyle.com\/fr\/wp-json\/wp\/v2\/comments?post=1420"}],"version-history":[{"count":1,"href":"https:\/\/mayarstyle.com\/fr\/wp-json\/wp\/v2\/product\/1420\/revisions"}],"predecessor-version":[{"id":1427,"href":"https:\/\/mayarstyle.com\/fr\/wp-json\/wp\/v2\/product\/1420\/revisions\/1427"}],"wp:featuredmedia":[{"embeddable":true,"href":"https:\/\/mayarstyle.com\/fr\/wp-json\/wp\/v2\/media\/1421"}],"wp:attachment":[{"href":"https:\/\/mayarstyle.com\/fr\/wp-json\/wp\/v2\/media?parent=1420"}],"wp:term":[{"taxonomy":"product_cat","embeddable":true,"href":"https:\/\/mayarstyle.com\/fr\/wp-json\/wp\/v2\/product_cat?post=1420"},{"taxonomy":"product_tag","embeddable":true,"href":"https:\/\/mayarstyle.com\/fr\/wp-json\/wp\/v2\/product_tag?post=1420"}],"curies":[{"name":"wp","href":"https:\/\/api.w.org\/{rel}","templated":true}]}}