{"id":1428,"date":"2023-10-12T13:16:38","date_gmt":"2023-10-12T12:16:38","guid":{"rendered":"https:\/\/mayarstyle.com\/?post_type=product&#038;p=1428"},"modified":"2024-05-27T16:12:58","modified_gmt":"2024-05-27T12:12:58","slug":"maear0005","status":"publish","type":"product","link":"https:\/\/mayarstyle.com\/fr\/product\/maear0005\/","title":{"rendered":"MAEAR0005"},"content":{"rendered":"<p>Boucles d&#039;oreilles \u00e9l\u00e9gantes en forme de graphique : plongez dans la sophistication moderne avec ces longues boucles d&#039;oreilles en forme de graphique, orn\u00e9es de pierres de zircone de haute qualit\u00e9. Plaqu\u00e9s en argent brillant, ils capturent l&#039;essence du design et de la brillance contemporains, ce qui en fait une pi\u00e8ce remarquable pour tout ensemble avant-gardiste.<\/p>","protected":false},"excerpt":{"rendered":"<p>Boucles d&#039;oreilles en pierre de forme graphique longue en zircone de haute qualit\u00e9. Plaqu\u00e9 argent<\/p>","protected":false},"featured_media":1429,"comment_status":"open","ping_status":"closed","template":"","meta":{"site-sidebar-layout":"default","site-content-layout":"default","ast-global-header-display":"","ast-banner-title-visibility":"","ast-main-header-display":"","ast-hfb-above-header-display":"","ast-hfb-below-header-display":"","ast-hfb-mobile-header-display":"","site-post-title":"","ast-breadcrumbs-content":"","ast-featured-img":"","footer-sml-layout":"","theme-transparent-header-meta":"default","adv-header-id-meta":"","stick-header-meta":"","header-above-stick-meta":"","header-main-stick-meta":"","header-below-stick-meta":""},"product_cat":[33],"product_tag":[],"_links":{"self":[{"href":"https:\/\/mayarstyle.com\/fr\/wp-json\/wp\/v2\/product\/1428"}],"collection":[{"href":"https:\/\/mayarstyle.com\/fr\/wp-json\/wp\/v2\/product"}],"about":[{"href":"https:\/\/mayarstyle.com\/fr\/wp-json\/wp\/v2\/types\/product"}],"replies":[{"embeddable":true,"href":"https:\/\/mayarstyle.com\/fr\/wp-json\/wp\/v2\/comments?post=1428"}],"version-history":[{"count":1,"href":"https:\/\/mayarstyle.com\/fr\/wp-json\/wp\/v2\/product\/1428\/revisions"}],"predecessor-version":[{"id":1430,"href":"https:\/\/mayarstyle.com\/fr\/wp-json\/wp\/v2\/product\/1428\/revisions\/1430"}],"wp:featuredmedia":[{"embeddable":true,"href":"https:\/\/mayarstyle.com\/fr\/wp-json\/wp\/v2\/media\/1429"}],"wp:attachment":[{"href":"https:\/\/mayarstyle.com\/fr\/wp-json\/wp\/v2\/media?parent=1428"}],"wp:term":[{"taxonomy":"product_cat","embeddable":true,"href":"https:\/\/mayarstyle.com\/fr\/wp-json\/wp\/v2\/product_cat?post=1428"},{"taxonomy":"product_tag","embeddable":true,"href":"https:\/\/mayarstyle.com\/fr\/wp-json\/wp\/v2\/product_tag?post=1428"}],"curies":[{"name":"wp","href":"https:\/\/api.w.org\/{rel}","templated":true}]}}