{"id":1431,"date":"2023-10-12T13:18:43","date_gmt":"2023-10-12T12:18:43","guid":{"rendered":"https:\/\/mayarstyle.com\/?post_type=product&#038;p=1431"},"modified":"2024-05-27T16:12:39","modified_gmt":"2024-05-27T12:12:39","slug":"marin0006","status":"publish","type":"product","link":"https:\/\/mayarstyle.com\/fr\/product\/marin0006\/","title":{"rendered":"MARIN0006"},"content":{"rendered":"<p>Bague Silver Radiance : Ornez votre doigt avec cette bague au design \u00e9l\u00e9gant, plaqu\u00e9e en argent brillant et orn\u00e9e de zircons cubiques \u00e9tincelants. Avec sa taille r\u00e9glable, il assure un ajustement parfait, ce qui en fait une pi\u00e8ce polyvalente pour ceux qui appr\u00e9cient \u00e0 la fois la beaut\u00e9 et le confort.<\/p>","protected":false},"excerpt":{"rendered":"<p>Bague en plaqu\u00e9 argent avec zircone cubique. Taille ajustable<\/p>","protected":false},"featured_media":1432,"comment_status":"open","ping_status":"closed","template":"","meta":{"site-sidebar-layout":"default","site-content-layout":"default","ast-global-header-display":"","ast-banner-title-visibility":"","ast-main-header-display":"","ast-hfb-above-header-display":"","ast-hfb-below-header-display":"","ast-hfb-mobile-header-display":"","site-post-title":"","ast-breadcrumbs-content":"","ast-featured-img":"","footer-sml-layout":"","theme-transparent-header-meta":"default","adv-header-id-meta":"","stick-header-meta":"","header-above-stick-meta":"","header-main-stick-meta":"","header-below-stick-meta":""},"product_cat":[36],"product_tag":[],"_links":{"self":[{"href":"https:\/\/mayarstyle.com\/fr\/wp-json\/wp\/v2\/product\/1431"}],"collection":[{"href":"https:\/\/mayarstyle.com\/fr\/wp-json\/wp\/v2\/product"}],"about":[{"href":"https:\/\/mayarstyle.com\/fr\/wp-json\/wp\/v2\/types\/product"}],"replies":[{"embeddable":true,"href":"https:\/\/mayarstyle.com\/fr\/wp-json\/wp\/v2\/comments?post=1431"}],"version-history":[{"count":1,"href":"https:\/\/mayarstyle.com\/fr\/wp-json\/wp\/v2\/product\/1431\/revisions"}],"predecessor-version":[{"id":1434,"href":"https:\/\/mayarstyle.com\/fr\/wp-json\/wp\/v2\/product\/1431\/revisions\/1434"}],"wp:featuredmedia":[{"embeddable":true,"href":"https:\/\/mayarstyle.com\/fr\/wp-json\/wp\/v2\/media\/1432"}],"wp:attachment":[{"href":"https:\/\/mayarstyle.com\/fr\/wp-json\/wp\/v2\/media?parent=1431"}],"wp:term":[{"taxonomy":"product_cat","embeddable":true,"href":"https:\/\/mayarstyle.com\/fr\/wp-json\/wp\/v2\/product_cat?post=1431"},{"taxonomy":"product_tag","embeddable":true,"href":"https:\/\/mayarstyle.com\/fr\/wp-json\/wp\/v2\/product_tag?post=1431"}],"curies":[{"name":"wp","href":"https:\/\/api.w.org\/{rel}","templated":true}]}}